{"id":210592,"date":"2025-12-26T03:51:36","date_gmt":"2025-12-26T00:51:36","guid":{"rendered":"https:\/\/baldumarket.lt\/?post_type=product&#038;p=210592"},"modified":"2026-04-05T10:27:10","modified_gmt":"2026-04-05T07:27:10","slug":"sofa-nierozkladana-loftowa-coco-gr3","status":"publish","type":"product","link":"https:\/\/baldumarket.lt\/lt\/product\/sofa-nierozkladana-loftowa-coco-gr3\/","title":{"rendered":"Coco Gr3 lofto tipo sofa be prailginimo"},"content":{"rendered":"<p>\u201eCoco\u201c sofa-lova \u2013 prakti\u0161kas baldas, kurio klasikinis dizainas papildys bet koki\u0105 aplink\u0105. Patogi s\u0117dyn\u0117 leis atsipalaiduoti po sunkios darbo dienos.<br \/>\nKokos\u0173 specifikacijos:<br \/>\nMedin\u0117 konstrukcija \/ laminuota med\u017eio dro\u017eli\u0173 plok\u0161t\u0117 \/ medienos plau\u0161\u0173 plok\u0161t\u0117<br \/>\nN\u0117ra patalyn\u0117s laikymo vietos<br \/>\nN\u0117ra miego funkcijos<br \/>\nS\u0117dyn\u0117s \u012fd\u0117klas: vingiuotos spyruokl\u0117s + T35 putplastis<br \/>\nAtlo\u0161as aptrauktas pasirinktu audiniu, 4 patogios pagalv\u0117l\u0117s, kojos: juodas metalinis r\u0117mas.<\/p>","protected":false},"excerpt":{"rendered":"<p>Plotis [cm]: 221<br \/>\n\u016agis [cm]: 57\u201389<br \/>\ngylis [cm]: 104<br \/>\npagalv\u0117li\u0173 tipas: nuimamos pagalv\u0117l\u0117s<\/p>","protected":false},"featured_media":210615,"comment_status":"open","ping_status":"closed","template":"","meta":[],"product_brand":[],"product_cat":[9133],"product_tag":[],"class_list":{"0":"post-210592","1":"product","2":"type-product","3":"status-publish","4":"has-post-thumbnail","6":"product_cat-grouped","8":"first","9":"instock","10":"shipping-taxable","11":"purchasable","12":"product-type-variable","13":"wvs-archive-product-wrapper"},"_links":{"self":[{"href":"https:\/\/baldumarket.lt\/lt\/wp-json\/wp\/v2\/product\/210592","targetHints":{"allow":["GET"]}}],"collection":[{"href":"https:\/\/baldumarket.lt\/lt\/wp-json\/wp\/v2\/product"}],"about":[{"href":"https:\/\/baldumarket.lt\/lt\/wp-json\/wp\/v2\/types\/product"}],"replies":[{"embeddable":true,"href":"https:\/\/baldumarket.lt\/lt\/wp-json\/wp\/v2\/comments?post=210592"}],"wp:featuredmedia":[{"embeddable":true,"href":"https:\/\/baldumarket.lt\/lt\/wp-json\/wp\/v2\/media\/210615"}],"wp:attachment":[{"href":"https:\/\/baldumarket.lt\/lt\/wp-json\/wp\/v2\/media?parent=210592"}],"wp:term":[{"taxonomy":"product_brand","embeddable":true,"href":"https:\/\/baldumarket.lt\/lt\/wp-json\/wp\/v2\/product_brand?post=210592"},{"taxonomy":"product_cat","embeddable":true,"href":"https:\/\/baldumarket.lt\/lt\/wp-json\/wp\/v2\/product_cat?post=210592"},{"taxonomy":"product_tag","embeddable":true,"href":"https:\/\/baldumarket.lt\/lt\/wp-json\/wp\/v2\/product_tag?post=210592"}],"curies":[{"name":"wp","href":"https:\/\/api.w.org\/{rel}","templated":true}]}}