{"id":210578,"date":"2025-12-26T03:50:50","date_gmt":"2025-12-26T00:50:50","guid":{"rendered":"https:\/\/baldumarket.lt\/?post_type=product&#038;p=210578"},"modified":"2026-04-05T09:50:58","modified_gmt":"2026-04-05T06:50:58","slug":"sofa-nierozkladana-loftowa-cara","status":"publish","type":"product","link":"https:\/\/baldumarket.lt\/lt\/product\/sofa-nierozkladana-loftowa-cara\/","title":{"rendered":"Cara lofto tipo sofa be prailginimo"},"content":{"rendered":"<p>Sofa be miegamosios dalies \u201eCara\u201c \u2013 prakti\u0161kas baldas, kuris d\u0117l savo klasikinio dizaino tiks bet kokioje aplinkoje. Patogi s\u0117dyn\u0117 leis atsipalaiduoti po sunkios darbo dienos.<br \/>\nSofa sukurta taip, kad papildyt\u0173 \u201eCorblack\u201c fotel\u012f.<br \/>\nCaros specifikacijos:<br \/>\nMedin\u0117 konstrukcija \/ laminuota med\u017eio dro\u017eli\u0173 plok\u0161t\u0117 \/ medienos plau\u0161\u0173 plok\u0161t\u0117<br \/>\nN\u0117ra patalyn\u0117s laikymo vietos<br \/>\nN\u0117ra miego funkcijos<br \/>\nS\u0117dyn\u0117s \u012fd\u0117klas: vingiuotos spyruokl\u0117s + T35 putplastis<br \/>\nAtlo\u0161as aptrauktas pasirinktu audiniu, 4 patogios pagalv\u0117l\u0117s, kojos: juodas metalinis r\u0117mas.<\/p>","protected":false},"excerpt":{"rendered":"<p>\u201eCara\u201c sofa be miegamosios vietos yra prakti\u0161kas baldas, kuris d\u0117l savo klasikinio dizaino tiks bet kokiai aplinkai. Patogi s\u0117dyn\u0117 leis atsipalaiduoti po sunkios darbo dienos. Sofa sukurta taip, kad papildyt\u0173 \u201eCorblack\u201c fotel\u012f. \u201eCara\u201c specifikacijos: Medin\u0117 konstrukcija \/ laminuota med\u017eio dro\u017eli\u0173 plok\u0161t\u0117 \/ medienos plau\u0161\u0173 plok\u0161t\u0117. Be patalyn\u0117s [\u2026]<\/p>","protected":false},"featured_media":210599,"comment_status":"open","ping_status":"closed","template":"","meta":[],"product_brand":[],"product_cat":[10172,6950,560],"product_tag":[],"class_list":{"0":"post-210578","1":"product","2":"type-product","3":"status-publish","4":"has-post-thumbnail","6":"product_cat-sofas-kinas-meble","7":"product_cat-kinas","8":"product_cat-sofas-and-couches","10":"first","11":"instock","12":"shipping-taxable","13":"product-type-grouped"},"_links":{"self":[{"href":"https:\/\/baldumarket.lt\/lt\/wp-json\/wp\/v2\/product\/210578","targetHints":{"allow":["GET"]}}],"collection":[{"href":"https:\/\/baldumarket.lt\/lt\/wp-json\/wp\/v2\/product"}],"about":[{"href":"https:\/\/baldumarket.lt\/lt\/wp-json\/wp\/v2\/types\/product"}],"replies":[{"embeddable":true,"href":"https:\/\/baldumarket.lt\/lt\/wp-json\/wp\/v2\/comments?post=210578"}],"wp:featuredmedia":[{"embeddable":true,"href":"https:\/\/baldumarket.lt\/lt\/wp-json\/wp\/v2\/media\/210599"}],"wp:attachment":[{"href":"https:\/\/baldumarket.lt\/lt\/wp-json\/wp\/v2\/media?parent=210578"}],"wp:term":[{"taxonomy":"product_brand","embeddable":true,"href":"https:\/\/baldumarket.lt\/lt\/wp-json\/wp\/v2\/product_brand?post=210578"},{"taxonomy":"product_cat","embeddable":true,"href":"https:\/\/baldumarket.lt\/lt\/wp-json\/wp\/v2\/product_cat?post=210578"},{"taxonomy":"product_tag","embeddable":true,"href":"https:\/\/baldumarket.lt\/lt\/wp-json\/wp\/v2\/product_tag?post=210578"}],"curies":[{"name":"wp","href":"https:\/\/api.w.org\/{rel}","templated":true}]}}