{"id":210560,"date":"2025-12-26T03:50:07","date_gmt":"2025-12-26T00:50:07","guid":{"rendered":"https:\/\/baldumarket.lt\/?post_type=product&#038;p=210560"},"modified":"2026-02-12T01:53:59","modified_gmt":"2026-02-11T22:53:59","slug":"fotel-loftowy-tapicerowany-corblack-gr3","status":"publish","type":"product","link":"https:\/\/baldumarket.lt\/lt\/product\/fotel-loftowy-tapicerowany-corblack-gr3\/","title":{"rendered":"\u201eCorblack Gr3\u201c mink\u0161tas pal\u0117p\u0117s fotelis"},"content":{"rendered":"<p>\u201eCorblack\u201c fotelis yra prakti\u0161kas poilsio baldas, kuris u\u017etikrins patog\u0173 poils\u012f dienos metu ir gra\u017eiai papuo\u0161 bet kok\u012f pal\u0117p\u0117s interjer\u0105 ir u\u017e jo rib\u0173.<br \/>\n\u0160is fotelis sukurtas taip, kad papildyt\u0173 \u201eCara\u201c sof\u0105.<br \/>\nSpecifikacijos:<br \/>\nPripildyta vingiuot\u0173 spyruokli\u0173<br \/>\nS\u0117dyn\u0117 u\u017epildyta mink\u0161tu VP putplas\u010diu<br \/>\nApmu\u0161tas atlo\u0161as<br \/>\nJuodos metalin\u0117s kojel\u0117s<br \/>\nDvi pagalv\u0117l\u0117s<\/p>","protected":false},"excerpt":{"rendered":"<p>Plotis [cm]: 95<br \/>\ns\u0117dyn\u0117s plotis [cm]: 55<br \/>\nAuk\u0161tis [cm]: 90<\/p>","protected":false},"featured_media":210583,"comment_status":"open","ping_status":"closed","template":"","meta":[],"product_brand":[],"product_cat":[9133],"product_tag":[],"class_list":{"0":"post-210560","1":"product","2":"type-product","3":"status-publish","4":"has-post-thumbnail","6":"product_cat-grouped","8":"first","9":"instock","10":"shipping-taxable","11":"purchasable","12":"product-type-variable","13":"wvs-archive-product-wrapper"},"_links":{"self":[{"href":"https:\/\/baldumarket.lt\/lt\/wp-json\/wp\/v2\/product\/210560","targetHints":{"allow":["GET"]}}],"collection":[{"href":"https:\/\/baldumarket.lt\/lt\/wp-json\/wp\/v2\/product"}],"about":[{"href":"https:\/\/baldumarket.lt\/lt\/wp-json\/wp\/v2\/types\/product"}],"replies":[{"embeddable":true,"href":"https:\/\/baldumarket.lt\/lt\/wp-json\/wp\/v2\/comments?post=210560"}],"wp:featuredmedia":[{"embeddable":true,"href":"https:\/\/baldumarket.lt\/lt\/wp-json\/wp\/v2\/media\/210583"}],"wp:attachment":[{"href":"https:\/\/baldumarket.lt\/lt\/wp-json\/wp\/v2\/media?parent=210560"}],"wp:term":[{"taxonomy":"product_brand","embeddable":true,"href":"https:\/\/baldumarket.lt\/lt\/wp-json\/wp\/v2\/product_brand?post=210560"},{"taxonomy":"product_cat","embeddable":true,"href":"https:\/\/baldumarket.lt\/lt\/wp-json\/wp\/v2\/product_cat?post=210560"},{"taxonomy":"product_tag","embeddable":true,"href":"https:\/\/baldumarket.lt\/lt\/wp-json\/wp\/v2\/product_tag?post=210560"}],"curies":[{"name":"wp","href":"https:\/\/api.w.org\/{rel}","templated":true}]}}