{"id":21054,"date":"2025-11-14T12:37:46","date_gmt":"2025-11-14T09:37:46","guid":{"rendered":"https:\/\/baldumarket.lt\/product\/materac-bonelowy-omini-80x200-medicott-silver\/"},"modified":"2026-03-24T18:27:07","modified_gmt":"2026-03-24T15:27:07","slug":"materac-bonelowy-omini-80x200-medicott-silver","status":"publish","type":"product","link":"https:\/\/baldumarket.lt\/lt\/product\/materac-bonelowy-omini-80x200-medicott-silver\/","title":{"rendered":"Omini Bonnell \u010diu\u017einys 80\u00d7200 Medicott sidabrinis"},"content":{"rendered":"<p>Puikiai parinktas \u010diu\u017einys \u2013 gero nakties miego garantija. \u017dinome, koks svarbus \u0161is pasirinkimas, tod\u0117l pristatome OMINI Bonnell spyruoklin\u012f \u010diu\u017ein\u012f su sidabro spalvos u\u017evalkalu. Bonnell spyruoklin\u0117 sistema u\u017etikrina, kad \u010diu\u017einys laikui b\u0117gant nesideformuos, o tai labai svarbu patogiam miegui. Bonnell spyruoklin\u0117 sistema padengta veltinio pagalv\u0117le, kuri papildomai u\u017epildyta T2542 putomis. Visa tai apgaubta nuimamu sidabro spalvos u\u017evalkalu.<\/p>","protected":false},"excerpt":{"rendered":"<p>Puikiai parinktas \u010diu\u017einys \u2013 gero nakties miego garantija. \u017dinome, koks svarbus \u0161is pasirinkimas, tod\u0117l pristatome OMINI Bonnell spyruoklin\u012f \u010diu\u017ein\u012f su sidabro spalvos u\u017evalkalu. Bonnell spyruoklin\u0117 danga u\u017etikrina, kad \u010diu\u017einys laikui b\u0117gant nesideformuos, o tai labai svarbu patogiam miegui. Bonnell spyruoklin\u0117 danga yra padengta [\u2026]<\/p>","protected":false},"featured_media":21055,"comment_status":"open","ping_status":"open","template":"","meta":[],"product_brand":[],"product_cat":[2012,1099],"product_tag":[],"class_list":{"0":"post-21054","1":"product","2":"type-product","3":"status-publish","4":"has-post-thumbnail","6":"product_cat-eltap","7":"product_cat-mattresses","8":"pa_frame-material-undefined","9":"pa_frame-material-type-undefined","10":"pa_leg-color-undefined","11":"pa_leg-material-undefined","12":"pa_linen-box-undefined","13":"pa_main-color-white","14":"pa_price-group-basic","15":"pa_seat-depth-undefined","16":"pa_seat-width-undefined","17":"pa_sleep-function-yes","18":"pa_sleeping-area-length-498","19":"pa_sleeping-area-width-820","20":"pa_style-undefined","21":"pa_textile-medicott-silver","22":"pa_upholstery-material-polyester","24":"first","25":"instock","26":"purchasable","27":"product-type-simple"},"_links":{"self":[{"href":"https:\/\/baldumarket.lt\/lt\/wp-json\/wp\/v2\/product\/21054","targetHints":{"allow":["GET"]}}],"collection":[{"href":"https:\/\/baldumarket.lt\/lt\/wp-json\/wp\/v2\/product"}],"about":[{"href":"https:\/\/baldumarket.lt\/lt\/wp-json\/wp\/v2\/types\/product"}],"replies":[{"embeddable":true,"href":"https:\/\/baldumarket.lt\/lt\/wp-json\/wp\/v2\/comments?post=21054"}],"wp:featuredmedia":[{"embeddable":true,"href":"https:\/\/baldumarket.lt\/lt\/wp-json\/wp\/v2\/media\/21055"}],"wp:attachment":[{"href":"https:\/\/baldumarket.lt\/lt\/wp-json\/wp\/v2\/media?parent=21054"}],"wp:term":[{"taxonomy":"product_brand","embeddable":true,"href":"https:\/\/baldumarket.lt\/lt\/wp-json\/wp\/v2\/product_brand?post=21054"},{"taxonomy":"product_cat","embeddable":true,"href":"https:\/\/baldumarket.lt\/lt\/wp-json\/wp\/v2\/product_cat?post=21054"},{"taxonomy":"product_tag","embeddable":true,"href":"https:\/\/baldumarket.lt\/lt\/wp-json\/wp\/v2\/product_tag?post=21054"}],"curies":[{"name":"wp","href":"https:\/\/api.w.org\/{rel}","templated":true}]}}