{"id":210531,"date":"2025-12-26T03:48:45","date_gmt":"2025-12-26T00:48:45","guid":{"rendered":"https:\/\/baldumarket.lt\/?post_type=product&#038;p=210531"},"modified":"2026-04-03T11:29:18","modified_gmt":"2026-04-03T08:29:18","slug":"sofa-z-marszczeniami-rozkladana-ara-gr0","status":"publish","type":"product","link":"https:\/\/baldumarket.lt\/lt\/product\/sofa-z-marszczeniami-rozkladana-ara-gr0\/","title":{"rendered":"Ara Gr0 sofa-lova su raukiniais"},"content":{"rendered":"<p>Sofa-lova \u201eAra\u201c \u2013 prakti\u0161kas baldas, kuris d\u0117l savo klasikinio dizaino tiks bet kokioje aplinkoje. Patogi s\u0117dyn\u0117 leis atsipalaiduoti po sunkios darbo dienos.<br \/>\nAra specifikacijos:<br \/>\nBaldai pagaminti i\u0161 medinio r\u0117mo ir laminuotos plok\u0161t\u0117s,<br \/>\npatalyn\u0117s laikymo<br \/>\nmiego funkcija<br \/>\nDL automatinis mechanizmas lengvam i\u0161skleidimui<br \/>\nvingiuotas spyruoklinis \u012fd\u0117klas<br \/>\nJ\u016bs\u0173 pasirinktu audiniu aptrauktas atlo\u0161as, 3 patogios nuimamos pagalv\u0117l\u0117s, kont\u016bruoti porankiai ir dekoratyviniai raukiniai.<\/p>","protected":false},"excerpt":{"rendered":"<p>Plotis [cm]: 233<br \/>\n\u016agis [cm]: 71\u201396<br \/>\nGylis [cm]: 105<br \/>\nMiegamasis plotas [cm]: 149 \u00d7 200<br \/>\nPagalv\u0117s tipas: nuimamos pagalv\u0117s<\/p>","protected":false},"featured_media":210567,"comment_status":"open","ping_status":"closed","template":"","meta":[],"product_brand":[],"product_cat":[9133],"product_tag":[],"class_list":{"0":"post-210531","1":"product","2":"type-product","3":"status-publish","4":"has-post-thumbnail","6":"product_cat-grouped","8":"first","9":"instock","10":"shipping-taxable","11":"purchasable","12":"product-type-variable","13":"wvs-archive-product-wrapper"},"_links":{"self":[{"href":"https:\/\/baldumarket.lt\/lt\/wp-json\/wp\/v2\/product\/210531","targetHints":{"allow":["GET"]}}],"collection":[{"href":"https:\/\/baldumarket.lt\/lt\/wp-json\/wp\/v2\/product"}],"about":[{"href":"https:\/\/baldumarket.lt\/lt\/wp-json\/wp\/v2\/types\/product"}],"replies":[{"embeddable":true,"href":"https:\/\/baldumarket.lt\/lt\/wp-json\/wp\/v2\/comments?post=210531"}],"wp:featuredmedia":[{"embeddable":true,"href":"https:\/\/baldumarket.lt\/lt\/wp-json\/wp\/v2\/media\/210567"}],"wp:attachment":[{"href":"https:\/\/baldumarket.lt\/lt\/wp-json\/wp\/v2\/media?parent=210531"}],"wp:term":[{"taxonomy":"product_brand","embeddable":true,"href":"https:\/\/baldumarket.lt\/lt\/wp-json\/wp\/v2\/product_brand?post=210531"},{"taxonomy":"product_cat","embeddable":true,"href":"https:\/\/baldumarket.lt\/lt\/wp-json\/wp\/v2\/product_cat?post=210531"},{"taxonomy":"product_tag","embeddable":true,"href":"https:\/\/baldumarket.lt\/lt\/wp-json\/wp\/v2\/product_tag?post=210531"}],"curies":[{"name":"wp","href":"https:\/\/api.w.org\/{rel}","templated":true}]}}