{"id":210483,"date":"2025-12-26T03:46:51","date_gmt":"2025-12-26T00:46:51","guid":{"rendered":"https:\/\/baldumarket.lt\/?post_type=product&#038;p=210483"},"modified":"2026-02-12T01:43:01","modified_gmt":"2026-02-11T22:43:01","slug":"sofa-rozkladana-z-poduchami-simba-gr0","status":"publish","type":"product","link":"https:\/\/baldumarket.lt\/lt\/product\/sofa-rozkladana-z-poduchami-simba-gr0\/","title":{"rendered":"Sofa-lova su pagalv\u0117l\u0117mis Simba Gr0"},"content":{"rendered":"<p>\u201eSimba\u201c sofa \u2013 tai mink\u0161tas baldas, kurio modern\u0173 dizain\u0105 papildo prakti\u0161ki dizaino sprendimai ir auk\u0161tos kokyb\u0117s komponentai. Naudotos apmu\u0161al\u0173 med\u017eiagos puikiai tinka bet kuriai svetainei tiems, kurie vertina auk\u0161t\u0105 kokyb\u0119 ir i\u0161skirtin\u012f komfort\u0105.<br \/>\n\u201eSimba\u201c sofos specifikacijos:<br \/>\nKonstrukcija paremta mediniu r\u0117mu ir laminuota lenta<br \/>\nPatalyn\u0117 saugykla<br \/>\nMiego funkcija<br \/>\nAutomatinis i\u0161skleidimas<br \/>\nLaisvalaikio spyruoklinis \u012fd\u0117klas<br \/>\nAtlo\u0161as aptrauktas pasirinktu audiniu, dvi patogios pagalv\u0117l\u0117s, aptakios formos, galima rinktis i\u0161 kordoro audini\u0173.<br \/>\nJei norite dvispalv\u0117s sofos \u2013 audinio pasiskirstymas toks, kaip parodyta nuotraukoje (tas pats audinys), nurodykite tai u\u017esakymo pastabose, nurodydami tikslias detales. Ta\u010diau dauguma klient\u0173 renkasi vienspalv\u012f model\u012f.<\/p>","protected":false},"excerpt":{"rendered":"<p>Plotis [cm]: 250<br \/>\nAuk\u0161tis [cm]: 96<br \/>\nGylis [cm]: 103<br \/>\nMiegamasis plotas [cm]: 147 \u00d7 200<br \/>\nPagalv\u0117s tipas: nuimamos pagalv\u0117s<\/p>","protected":false},"featured_media":210519,"comment_status":"open","ping_status":"closed","template":"","meta":[],"product_brand":[],"product_cat":[9133],"product_tag":[],"class_list":{"0":"post-210483","1":"product","2":"type-product","3":"status-publish","4":"has-post-thumbnail","6":"product_cat-grouped","8":"first","9":"instock","10":"shipping-taxable","11":"purchasable","12":"product-type-variable","13":"wvs-archive-product-wrapper"},"_links":{"self":[{"href":"https:\/\/baldumarket.lt\/lt\/wp-json\/wp\/v2\/product\/210483","targetHints":{"allow":["GET"]}}],"collection":[{"href":"https:\/\/baldumarket.lt\/lt\/wp-json\/wp\/v2\/product"}],"about":[{"href":"https:\/\/baldumarket.lt\/lt\/wp-json\/wp\/v2\/types\/product"}],"replies":[{"embeddable":true,"href":"https:\/\/baldumarket.lt\/lt\/wp-json\/wp\/v2\/comments?post=210483"}],"wp:featuredmedia":[{"embeddable":true,"href":"https:\/\/baldumarket.lt\/lt\/wp-json\/wp\/v2\/media\/210519"}],"wp:attachment":[{"href":"https:\/\/baldumarket.lt\/lt\/wp-json\/wp\/v2\/media?parent=210483"}],"wp:term":[{"taxonomy":"product_brand","embeddable":true,"href":"https:\/\/baldumarket.lt\/lt\/wp-json\/wp\/v2\/product_brand?post=210483"},{"taxonomy":"product_cat","embeddable":true,"href":"https:\/\/baldumarket.lt\/lt\/wp-json\/wp\/v2\/product_cat?post=210483"},{"taxonomy":"product_tag","embeddable":true,"href":"https:\/\/baldumarket.lt\/lt\/wp-json\/wp\/v2\/product_tag?post=210483"}],"curies":[{"name":"wp","href":"https:\/\/api.w.org\/{rel}","templated":true}]}}