{"id":210478,"date":"2025-12-26T03:46:45","date_gmt":"2025-12-26T00:46:45","guid":{"rendered":"https:\/\/baldumarket.lt\/?post_type=product&#038;p=210478"},"modified":"2026-04-02T12:31:31","modified_gmt":"2026-04-02T09:31:31","slug":"naroznik-nierozkladany-cobra-u-gr2","status":"publish","type":"product","link":"https:\/\/baldumarket.lt\/lt\/product\/naroznik-nierozkladany-cobra-u-gr2\/","title":{"rendered":"\u201eCobra U Gr2\u201c nei\u0161skleid\u017eiama kampin\u0117 sofa"},"content":{"rendered":"<p>\u201eCobra\u201c kampin\u0117 sofa \u2013 tai mink\u0161tas baldas, kurio modernus dizainas praturtintas prakti\u0161kais dizaino sprendimais ir auk\u0161tos kokyb\u0117s komponentais. Naudotos apmu\u0161al\u0173 med\u017eiagos puikiai tinka bet kuriai svetainei tiems, kurie vertina auk\u0161t\u0105 kokyb\u0119 ir i\u0161skirtin\u012f komfort\u0105.<br \/>\nKobros specifikacijos:<br \/>\nS\u0117dyn\u0117 pagaminta i\u0161 patvari\u0173 vingiuot\u0173 spyruokli\u0173<br \/>\nS\u0117dyn\u0117s gamybai panaudotas mink\u0161tas VP putplastis<br \/>\nMedinis r\u0117mas + med\u017eio dro\u017eli\u0173 plok\u0161t\u0117 \/ laminuota plok\u0161t\u0117<br \/>\nGul\u0117jimo funkcija<br \/>\nKampin\u0117 sofa nei\u0161siskleid\u017eia ir neturi daiktad\u0117\u017e\u0117s<br \/>\nS\u0117dyn\u0117 pakankamai plati, kad b\u016bt\u0173 galima miegoti nei\u0161sitiesiant<br \/>\nPapildomos u\u017etrauktukais u\u017esegamos pagalv\u0117l\u0117s<br \/>\nJuodos plastikin\u0117s kojel\u0117s<br \/>\nSimetrin\u0117 kampin\u0117 sofa<br \/>\nJ\u016bs\u0173 pasirinktu audiniu aptraukta nugara, 18 patogi\u0173 pagalv\u0117li\u0173 \u2013 dideli\u0173, vidutini\u0173 ir ma\u017e\u0173, pagamint\u0173 i\u0161 kordo audinio.<\/p>","protected":false},"excerpt":{"rendered":"<p>Ilgesn\u0117s kra\u0161tin\u0117s plotis [cm]: 407<br \/>\nTrumpesn\u0117s kra\u0161tin\u0117s plotis [cm]: 225<br \/>\nGylis [cm]: 105<br \/>\nKampo forma: U formos: simetri\u0161ka<br \/>\nKampinis stilius: modernus<br \/>\nI\u0161skleidimo sistema: n\u0117ra miegojimo funkcijos<\/p>","protected":false},"featured_media":210503,"comment_status":"open","ping_status":"closed","template":"","meta":[],"product_brand":[],"product_cat":[9133],"product_tag":[],"class_list":{"0":"post-210478","1":"product","2":"type-product","3":"status-publish","4":"has-post-thumbnail","6":"product_cat-grouped","8":"first","9":"instock","10":"shipping-taxable","11":"purchasable","12":"product-type-variable","13":"wvs-archive-product-wrapper"},"_links":{"self":[{"href":"https:\/\/baldumarket.lt\/lt\/wp-json\/wp\/v2\/product\/210478","targetHints":{"allow":["GET"]}}],"collection":[{"href":"https:\/\/baldumarket.lt\/lt\/wp-json\/wp\/v2\/product"}],"about":[{"href":"https:\/\/baldumarket.lt\/lt\/wp-json\/wp\/v2\/types\/product"}],"replies":[{"embeddable":true,"href":"https:\/\/baldumarket.lt\/lt\/wp-json\/wp\/v2\/comments?post=210478"}],"wp:featuredmedia":[{"embeddable":true,"href":"https:\/\/baldumarket.lt\/lt\/wp-json\/wp\/v2\/media\/210503"}],"wp:attachment":[{"href":"https:\/\/baldumarket.lt\/lt\/wp-json\/wp\/v2\/media?parent=210478"}],"wp:term":[{"taxonomy":"product_brand","embeddable":true,"href":"https:\/\/baldumarket.lt\/lt\/wp-json\/wp\/v2\/product_brand?post=210478"},{"taxonomy":"product_cat","embeddable":true,"href":"https:\/\/baldumarket.lt\/lt\/wp-json\/wp\/v2\/product_cat?post=210478"},{"taxonomy":"product_tag","embeddable":true,"href":"https:\/\/baldumarket.lt\/lt\/wp-json\/wp\/v2\/product_tag?post=210478"}],"curies":[{"name":"wp","href":"https:\/\/api.w.org\/{rel}","templated":true}]}}