{"id":210466,"date":"2025-12-26T03:46:03","date_gmt":"2025-12-26T00:46:03","guid":{"rendered":"https:\/\/baldumarket.lt\/?post_type=product&#038;p=210466"},"modified":"2026-04-04T11:01:06","modified_gmt":"2026-04-04T08:01:06","slug":"sofa-rozkladana-z-poduchami-beti","status":"publish","type":"product","link":"https:\/\/baldumarket.lt\/lt\/product\/sofa-rozkladana-z-poduchami-beti\/","title":{"rendered":"Beti sofa-lova su pagalv\u0117l\u0117mis"},"content":{"rendered":"<p>Sofa-lova \u201eBeti\u201c \u2013 prakti\u0161kas baldas, kuris d\u0117l savo klasikinio dizaino tiks bet kokioje aplinkoje. Patogi s\u0117dyn\u0117 leis atsipalaiduoti po sunkios darbo dienos.<br \/>\nBeti parametrai:<br \/>\nBaldai pagaminti i\u0161 medinio r\u0117mo ir laminuotos plok\u0161t\u0117s<br \/>\nPatalyn\u0117<br \/>\nMiego funkcija<br \/>\nAutomatinis i\u0161skleidimas<br \/>\nHermeti\u0161kas spyruoklinis \u012fd\u0117klas su didelio elastingumo putomis<br \/>\nJ\u016bs\u0173 pasirinktu audiniu aptrauktas atlo\u0161as, 3 patogios pagalv\u0117l\u0117s ir patog\u016bs, kont\u016bruoti porankiai.<br \/>\nMedinis r\u0117mas + med\u017eio dro\u017eli\u0173 plok\u0161t\u0117 \/ laminuota plok\u0161t\u0117<br \/>\nNaudojamo putplas\u010dio tipas: T-35 s\u0117dyn\u0117je ir atlo\u0161e<br \/>\nS\u0117dyn\u0117s ir atlo\u0161o zigzago spyruokli\u0173 tipas<br \/>\nAr jame yra automatin\u0117 i\u0161skleidimo sistema? TAIP<br \/>\nAr sofa sulankstoma? TAIP<br \/>\nAr yra miegojimo funkcija? TAIP. Matmenys: 147 cm x 200 cm.<br \/>\nAr yra daiktad\u0117\u017e\u0117? TAIP<br \/>\nKojeli\u0173 tipas \/ med\u017eiaga: juodas plastikas, auk\u0161tis: 4,5 cm<br \/>\nAr atlo\u0161as yra pagalv\u0117li\u0173 pavidalo, ar stacionariai pritvirtintas apmu\u0161tas atlo\u0161as? Ne, jis nuimamas, bet pagalv\u0117l\u0117s yra nuimamos.<br \/>\nAr pagalv\u0117l\u0117s \u012fskai\u010diuotos? TAIP, visos parodytos nuotraukose.<br \/>\nAr pagalv\u0117l\u0117s turi u\u017etrauktukus? TAIP<br \/>\nAr nugar\u0117l\u0117 apmu\u0161ta (atskirai pastatoma)? TAIP<br \/>\nAr galima pakeisti koj\u0173 spalv\u0105? NE<br \/>\nAr sofa tinkama kasdieniam miegui? TIKRAI TAIP<br \/>\nAr galiu u\u017esisakyti sof\u0105 su \u201ebonell\u201c spyruokl\u0117mis? TAIP, u\u017e papildom\u0105 400 PLN mokest\u012f.<br \/>\nAr i\u0161skleistos sofos atlo\u0161o spyruokl\u0117s taip pat turi spyruokles? TAIP Jos vienodos visame miegojimo pavir\u0161iuje, tod\u0117l miegoti taip patogu.<br \/>\nAr sofa tilps \u012f lift\u0105? TAIP<br \/>\nAr sofos \u0161onai yra pritvirtinti? NE. Jie yra atskiroje transportavimo pakuot\u0117je.<br \/>\nAr sofa tilps pro 80 cm plo\u010dio duris? TAIP<\/p>","protected":false},"excerpt":{"rendered":"<p>\u201eBeti\u201c sofa-lova yra prakti\u0161kas baldas, kuris d\u0117l savo klasikinio dizaino tiks bet kokioje aplinkoje. Patogi s\u0117dyn\u0117 leis atsipalaiduoti po sunkios darbo dienos. \u201eBeti\u201c parametrai: Baldas pagamintas i\u0161 medinio r\u0117mo ir laminuotos plok\u0161t\u0117s; Patalyn\u0117; Miegojimo funkcija; Automatinis i\u0161siskleidimas; Hermeti\u0161kas [\u2026]<\/p>","protected":false},"featured_media":210487,"comment_status":"open","ping_status":"closed","template":"","meta":[],"product_brand":[],"product_cat":[10172,6950,560],"product_tag":[],"class_list":{"0":"post-210466","1":"product","2":"type-product","3":"status-publish","4":"has-post-thumbnail","6":"product_cat-sofas-kinas-meble","7":"product_cat-kinas","8":"product_cat-sofas-and-couches","10":"first","11":"instock","12":"shipping-taxable","13":"product-type-grouped"},"_links":{"self":[{"href":"https:\/\/baldumarket.lt\/lt\/wp-json\/wp\/v2\/product\/210466","targetHints":{"allow":["GET"]}}],"collection":[{"href":"https:\/\/baldumarket.lt\/lt\/wp-json\/wp\/v2\/product"}],"about":[{"href":"https:\/\/baldumarket.lt\/lt\/wp-json\/wp\/v2\/types\/product"}],"replies":[{"embeddable":true,"href":"https:\/\/baldumarket.lt\/lt\/wp-json\/wp\/v2\/comments?post=210466"}],"wp:featuredmedia":[{"embeddable":true,"href":"https:\/\/baldumarket.lt\/lt\/wp-json\/wp\/v2\/media\/210487"}],"wp:attachment":[{"href":"https:\/\/baldumarket.lt\/lt\/wp-json\/wp\/v2\/media?parent=210466"}],"wp:term":[{"taxonomy":"product_brand","embeddable":true,"href":"https:\/\/baldumarket.lt\/lt\/wp-json\/wp\/v2\/product_brand?post=210466"},{"taxonomy":"product_cat","embeddable":true,"href":"https:\/\/baldumarket.lt\/lt\/wp-json\/wp\/v2\/product_cat?post=210466"},{"taxonomy":"product_tag","embeddable":true,"href":"https:\/\/baldumarket.lt\/lt\/wp-json\/wp\/v2\/product_tag?post=210466"}],"curies":[{"name":"wp","href":"https:\/\/api.w.org\/{rel}","templated":true}]}}