{"id":21043,"date":"2025-11-14T12:37:20","date_gmt":"2025-11-14T09:37:20","guid":{"rendered":"https:\/\/baldumarket.lt\/product\/materac-bonelowy-ola-200x200-medicott-silver\/"},"modified":"2026-03-24T18:27:14","modified_gmt":"2026-03-24T15:27:14","slug":"materac-bonelowy-ola-200x200-medicott-silver","status":"publish","type":"product","link":"https:\/\/baldumarket.lt\/lt\/product\/materac-bonelowy-ola-200x200-medicott-silver\/","title":{"rendered":"Ola Bonnell spyruoklinis \u010diu\u017einys 200\u00d7200 Medicott sidabro spalvos"},"content":{"rendered":"<p>Puikiai parinktas \u010diu\u017einys \u2013 gero nakties miego garantija. \u017dinome, koks svarbus \u0161is pasirinkimas, tod\u0117l pristatome \u201eOla Bonnell\u201c spyruoklin\u012f \u010diu\u017ein\u012f su sidabro spalvos u\u017evalkalu. \u201eBonnell\u201c spyruoklin\u0117 sistema u\u017etikrina, kad \u010diu\u017einys laikui b\u0117gant nesideformuos, o tai labai svarbu miego komfortui. \u201eBonnell\u201c spyruoklin\u0117 sistema padengta veltinio pagalv\u0117le, kuri papildomai padengta kokoso pluo\u0161to plok\u0161te ir T2542 putomis. Visa tai apgaubta nuimamu sidabro spalvos u\u017evalkalu.<\/p>","protected":false},"excerpt":{"rendered":"<p>Puikiai parinktas \u010diu\u017einys \u2013 gero nakties miego garantija. \u017dinome, koks svarbus \u0161is pasirinkimas, tod\u0117l pristatome \u201eOla Bonnell\u201c spyruoklin\u012f \u010diu\u017ein\u012f su sidabro spalvos u\u017evalkalu. \u201eBonnell\u201c spyruokl\u0117s u\u017etikrina, kad \u010diu\u017einys laikui b\u0117gant nesideformuos, o tai labai svarbu miego komfortui. \u201eBonnell\u201c spyruokl\u0117s yra padengtos [\u2026]<\/p>","protected":false},"featured_media":21025,"comment_status":"open","ping_status":"open","template":"","meta":[],"product_brand":[],"product_cat":[2012,1099,9144],"product_tag":[],"class_list":{"0":"post-21043","1":"product","2":"type-product","3":"status-publish","4":"has-post-thumbnail","6":"product_cat-eltap","7":"product_cat-mattresses","8":"product_cat-mattresses-200x200","9":"pa_frame-material-undefined","10":"pa_frame-material-type-undefined","11":"pa_leg-color-undefined","12":"pa_leg-material-undefined","13":"pa_linen-box-undefined","14":"pa_main-color-white","15":"pa_price-group-basic","16":"pa_seat-depth-undefined","17":"pa_seat-width-undefined","18":"pa_sleep-function-yes","19":"pa_sleeping-area-length-498","20":"pa_sleeping-area-width-747","21":"pa_style-undefined","22":"pa_textile-medicott-silver","23":"pa_upholstery-material-polyester","25":"first","26":"instock","27":"purchasable","28":"product-type-simple"},"_links":{"self":[{"href":"https:\/\/baldumarket.lt\/lt\/wp-json\/wp\/v2\/product\/21043","targetHints":{"allow":["GET"]}}],"collection":[{"href":"https:\/\/baldumarket.lt\/lt\/wp-json\/wp\/v2\/product"}],"about":[{"href":"https:\/\/baldumarket.lt\/lt\/wp-json\/wp\/v2\/types\/product"}],"replies":[{"embeddable":true,"href":"https:\/\/baldumarket.lt\/lt\/wp-json\/wp\/v2\/comments?post=21043"}],"wp:featuredmedia":[{"embeddable":true,"href":"https:\/\/baldumarket.lt\/lt\/wp-json\/wp\/v2\/media\/21025"}],"wp:attachment":[{"href":"https:\/\/baldumarket.lt\/lt\/wp-json\/wp\/v2\/media?parent=21043"}],"wp:term":[{"taxonomy":"product_brand","embeddable":true,"href":"https:\/\/baldumarket.lt\/lt\/wp-json\/wp\/v2\/product_brand?post=21043"},{"taxonomy":"product_cat","embeddable":true,"href":"https:\/\/baldumarket.lt\/lt\/wp-json\/wp\/v2\/product_cat?post=21043"},{"taxonomy":"product_tag","embeddable":true,"href":"https:\/\/baldumarket.lt\/lt\/wp-json\/wp\/v2\/product_tag?post=21043"}],"curies":[{"name":"wp","href":"https:\/\/api.w.org\/{rel}","templated":true}]}}