{"id":210419,"date":"2025-12-26T03:43:51","date_gmt":"2025-12-26T00:43:51","guid":{"rendered":"https:\/\/baldumarket.lt\/?post_type=product&#038;p=210419"},"modified":"2026-02-12T01:43:08","modified_gmt":"2026-02-11T22:43:08","slug":"naroznik-rozkladany-lupi-gr0","status":"publish","type":"product","link":"https:\/\/baldumarket.lt\/lt\/product\/naroznik-rozkladany-lupi-gr0\/","title":{"rendered":"Lupi Gr0 i\u0161skleid\u017eiama kampin\u0117 sofa"},"content":{"rendered":"<p>I\u0161skleid\u017eiama kampin\u0117 sofa \u201eLupi\u201c \u2013 tai mink\u0161tas baldas, kurio modern\u0173 dizain\u0105 papildo prakti\u0161ki dizaino sprendimai ir auk\u0161tos kokyb\u0117s komponentai. Naudotos apmu\u0161al\u0173 med\u017eiagos puikiai tinka bet kuriai svetainei tiems, kurie vertina auk\u0161t\u0105 kokyb\u0119 ir i\u0161skirtin\u012f komfort\u0105.<br \/>\nLupi specifikacijos:<br \/>\nS\u0117dyn\u0117 pagaminta i\u0161 patvari\u0173 vingiuot\u0173 spyruokli\u0173 ir T-30 apmu\u0161al\u0173 put\u0173<br \/>\nMedinis r\u0117mas + med\u017eio dro\u017eli\u0173 plok\u0161t\u0117 \/ laminuota plok\u0161t\u0117<br \/>\nMiego funkcija<br \/>\nI\u0161skleid\u017eiama kampin\u0117 sofa turi daiktad\u0117\u017e\u0119<br \/>\nU\u017etrauktukais u\u017esegamos pagalv\u0117l\u0117s<br \/>\nChromuotos plastikin\u0117s kojel\u0117s<br \/>\nKampin\u0117 sofa pavaizduota de\u0161in\u0117je<br \/>\nKampin\u0117 sofa tilps \u012f lift\u0105<br \/>\nKampin\u0117 sofa tilps pro 80 cm plo\u010dio duris<br \/>\nNugar\u0117l\u0117 aptraukta pasirinktu audiniu, trys patogios pagalv\u0117l\u0117s ir dvi papildomos pagalv\u0117l\u0117s<br \/>\nUnikalus dizainas.<\/p>","protected":false},"excerpt":{"rendered":"<p>Ilgesn\u0117s kra\u0161tin\u0117s plotis [cm]: 265<br \/>\nTrumpesn\u0117s kra\u0161tin\u0117s plotis [cm]: 165<br \/>\nGylis [cm]: 95<br \/>\nMiegamasis plotas [cm]: 140 \u00d7 210<br \/>\nKampin\u0117s sofos stilius: modernus<br \/>\nI\u0161skleidimo sistema: I\u0161traukiamas ve\u017eim\u0117lis (delfinas)<\/p>","protected":false},"featured_media":210459,"comment_status":"open","ping_status":"closed","template":"","meta":[],"product_brand":[],"product_cat":[9133],"product_tag":[],"class_list":{"0":"post-210419","1":"product","2":"type-product","3":"status-publish","4":"has-post-thumbnail","6":"product_cat-grouped","8":"first","9":"instock","10":"shipping-taxable","11":"purchasable","12":"product-type-variable","13":"wvs-archive-product-wrapper"},"_links":{"self":[{"href":"https:\/\/baldumarket.lt\/lt\/wp-json\/wp\/v2\/product\/210419","targetHints":{"allow":["GET"]}}],"collection":[{"href":"https:\/\/baldumarket.lt\/lt\/wp-json\/wp\/v2\/product"}],"about":[{"href":"https:\/\/baldumarket.lt\/lt\/wp-json\/wp\/v2\/types\/product"}],"replies":[{"embeddable":true,"href":"https:\/\/baldumarket.lt\/lt\/wp-json\/wp\/v2\/comments?post=210419"}],"wp:featuredmedia":[{"embeddable":true,"href":"https:\/\/baldumarket.lt\/lt\/wp-json\/wp\/v2\/media\/210459"}],"wp:attachment":[{"href":"https:\/\/baldumarket.lt\/lt\/wp-json\/wp\/v2\/media?parent=210419"}],"wp:term":[{"taxonomy":"product_brand","embeddable":true,"href":"https:\/\/baldumarket.lt\/lt\/wp-json\/wp\/v2\/product_brand?post=210419"},{"taxonomy":"product_cat","embeddable":true,"href":"https:\/\/baldumarket.lt\/lt\/wp-json\/wp\/v2\/product_cat?post=210419"},{"taxonomy":"product_tag","embeddable":true,"href":"https:\/\/baldumarket.lt\/lt\/wp-json\/wp\/v2\/product_tag?post=210419"}],"curies":[{"name":"wp","href":"https:\/\/api.w.org\/{rel}","templated":true}]}}