{"id":210293,"date":"2025-12-26T03:37:31","date_gmt":"2025-12-26T00:37:31","guid":{"rendered":"https:\/\/baldumarket.lt\/?post_type=product&#038;p=210293"},"modified":"2026-04-03T12:26:13","modified_gmt":"2026-04-03T09:26:13","slug":"sofa-rozkladana-z-poduchami-aris-gr1","status":"publish","type":"product","link":"https:\/\/baldumarket.lt\/lt\/product\/sofa-rozkladana-z-poduchami-aris-gr1\/","title":{"rendered":"Aris Gr1 sofa-lova su pagalv\u0117l\u0117mis"},"content":{"rendered":"<p>\u201eAris\u201c sofa \u2013 tai mink\u0161tas baldas, kurio modern\u0173 dizain\u0105 papildo prakti\u0161ki dizaino sprendimai ir auk\u0161tos kokyb\u0117s komponentai. Naudotos apmu\u0161al\u0173 med\u017eiagos puikiai tinka bet kuriai svetainei tiems, kurie vertina auk\u0161t\u0105 kokyb\u0119 ir i\u0161skirtin\u012f komfort\u0105.<br \/>\nAris specifikacijos:<br \/>\nBaldai pagaminti i\u0161 medinio r\u0117mo ir laminuotos plok\u0161t\u0117s,<br \/>\npatalyn\u0117s skyrius,<br \/>\nmiegojimo funkcija,<br \/>\nDL automatin\u0117 sistema lengvam i\u0161skleidimui,<br \/>\nzigzago formos spyruoklinis \u012fd\u0117klas su didelio elastingumo putomis,<br \/>\nAtlo\u0161as aptrauktas j\u016bs\u0173 pasirinktu audiniu, su 4 patogiomis pagalv\u0117l\u0117mis ir 13 cm auk\u0161\u010dio medin\u0117mis kojel\u0117mis. Galima \u012fsigyti ir kordo audini\u0173.<\/p>","protected":false},"excerpt":{"rendered":"<p>Plotis [cm]: 214<br \/>\nAuk\u0161tis [cm]: 91<br \/>\nGylis [cm]: 104<br \/>\nMiegamasis plotas [cm]: 140 \u00d7 191<br \/>\nPagalv\u0117s tipas: nuimamos pagalv\u0117s<\/p>","protected":false},"featured_media":210327,"comment_status":"open","ping_status":"closed","template":"","meta":[],"product_brand":[],"product_cat":[9133],"product_tag":[],"class_list":{"0":"post-210293","1":"product","2":"type-product","3":"status-publish","4":"has-post-thumbnail","6":"product_cat-grouped","8":"first","9":"instock","10":"shipping-taxable","11":"purchasable","12":"product-type-variable","13":"wvs-archive-product-wrapper"},"_links":{"self":[{"href":"https:\/\/baldumarket.lt\/lt\/wp-json\/wp\/v2\/product\/210293","targetHints":{"allow":["GET"]}}],"collection":[{"href":"https:\/\/baldumarket.lt\/lt\/wp-json\/wp\/v2\/product"}],"about":[{"href":"https:\/\/baldumarket.lt\/lt\/wp-json\/wp\/v2\/types\/product"}],"replies":[{"embeddable":true,"href":"https:\/\/baldumarket.lt\/lt\/wp-json\/wp\/v2\/comments?post=210293"}],"wp:featuredmedia":[{"embeddable":true,"href":"https:\/\/baldumarket.lt\/lt\/wp-json\/wp\/v2\/media\/210327"}],"wp:attachment":[{"href":"https:\/\/baldumarket.lt\/lt\/wp-json\/wp\/v2\/media?parent=210293"}],"wp:term":[{"taxonomy":"product_brand","embeddable":true,"href":"https:\/\/baldumarket.lt\/lt\/wp-json\/wp\/v2\/product_brand?post=210293"},{"taxonomy":"product_cat","embeddable":true,"href":"https:\/\/baldumarket.lt\/lt\/wp-json\/wp\/v2\/product_cat?post=210293"},{"taxonomy":"product_tag","embeddable":true,"href":"https:\/\/baldumarket.lt\/lt\/wp-json\/wp\/v2\/product_tag?post=210293"}],"curies":[{"name":"wp","href":"https:\/\/api.w.org\/{rel}","templated":true}]}}