{"id":210275,"date":"2025-12-26T03:36:40","date_gmt":"2025-12-26T00:36:40","guid":{"rendered":"https:\/\/baldumarket.lt\/?post_type=product&#038;p=210275"},"modified":"2026-02-12T01:43:15","modified_gmt":"2026-02-11T22:43:15","slug":"naroznik-nierozkladany-corblack-gr0","status":"publish","type":"product","link":"https:\/\/baldumarket.lt\/lt\/product\/naroznik-nierozkladany-corblack-gr0\/","title":{"rendered":"Nei\u0161skleid\u017eiama kampin\u0117 sofa Corblack Gr0"},"content":{"rendered":"<p>\u201eCorblack\u201c kampin\u0117 sofa \u2013 tai mink\u0161tas baldas, kurio modern\u0173 dizain\u0105 papildo prakti\u0161ki dizaino sprendimai ir auk\u0161tos kokyb\u0117s komponentai. Naudotos apmu\u0161al\u0173 med\u017eiagos puikiai tinka bet kuriai svetainei tiems, kurie vertina auk\u0161t\u0105 kokyb\u0119 ir i\u0161skirtin\u012f komfort\u0105.<br \/>\n\u201eCorblack\u201c specifikacijos:<br \/>\nS\u0117dyn\u0117 pagaminta i\u0161 patvari\u0173 vingiuot\u0173 spyruokli\u0173<br \/>\nS\u0117dyn\u0117s gamybai panaudotas mink\u0161tas VP putplastis<br \/>\nMedinis r\u0117mas + med\u017eio dro\u017eli\u0173 plok\u0161t\u0117 \/ laminuota plok\u0161t\u0117<br \/>\nKojel\u0117s: juodas metalinis r\u0117mas<br \/>\nGul\u0117jimo funkcija<br \/>\nKampin\u0117 sofa nei\u0161siskleid\u017eia ir neturi daiktad\u0117\u017e\u0117s<br \/>\nS\u0117dyn\u0117 pakankamai plati, kad b\u016bt\u0173 galima miegoti nei\u0161tiesiant s\u0117dyn\u0117s pagalv\u0117li\u0173<br \/>\nPridedamos papildomos u\u017etrauktukais u\u017esegamos pagalv\u0117l\u0117s<br \/>\nPagrindin\u0117je nuotraukoje kampin\u0117 sofa pavaizduota kaip de\u0161iniarankiams skirta versija.<br \/>\nNugara aptraukta pasirinktu audiniu, su 11 patogi\u0173 pagalv\u0117li\u0173. Galima \u012fsigyti i\u0161 kordo audinio.<\/p>","protected":false},"excerpt":{"rendered":"<p>Ilgesn\u0117s kra\u0161tin\u0117s plotis [cm]: 314<br \/>\nTrumpesn\u0117s kra\u0161tin\u0117s plotis [cm]: 224<br \/>\nGylis [cm]: 106 \/ 104<br \/>\nKampin\u0117s sofos forma: L formos<br \/>\nKampin\u0117s sofos stilius: \u010cesterfildo\/dygsniuota, modernus, skandinavi\u0161kas, loftas<br \/>\nI\u0161skleidimo sistema: n\u0117ra miegojimo funkcijos<\/p>","protected":false},"featured_media":210311,"comment_status":"open","ping_status":"closed","template":"","meta":[],"product_brand":[],"product_cat":[9133],"product_tag":[],"class_list":{"0":"post-210275","1":"product","2":"type-product","3":"status-publish","4":"has-post-thumbnail","6":"product_cat-grouped","8":"first","9":"instock","10":"shipping-taxable","11":"purchasable","12":"product-type-variable","13":"wvs-archive-product-wrapper"},"_links":{"self":[{"href":"https:\/\/baldumarket.lt\/lt\/wp-json\/wp\/v2\/product\/210275","targetHints":{"allow":["GET"]}}],"collection":[{"href":"https:\/\/baldumarket.lt\/lt\/wp-json\/wp\/v2\/product"}],"about":[{"href":"https:\/\/baldumarket.lt\/lt\/wp-json\/wp\/v2\/types\/product"}],"replies":[{"embeddable":true,"href":"https:\/\/baldumarket.lt\/lt\/wp-json\/wp\/v2\/comments?post=210275"}],"wp:featuredmedia":[{"embeddable":true,"href":"https:\/\/baldumarket.lt\/lt\/wp-json\/wp\/v2\/media\/210311"}],"wp:attachment":[{"href":"https:\/\/baldumarket.lt\/lt\/wp-json\/wp\/v2\/media?parent=210275"}],"wp:term":[{"taxonomy":"product_brand","embeddable":true,"href":"https:\/\/baldumarket.lt\/lt\/wp-json\/wp\/v2\/product_brand?post=210275"},{"taxonomy":"product_cat","embeddable":true,"href":"https:\/\/baldumarket.lt\/lt\/wp-json\/wp\/v2\/product_cat?post=210275"},{"taxonomy":"product_tag","embeddable":true,"href":"https:\/\/baldumarket.lt\/lt\/wp-json\/wp\/v2\/product_tag?post=210275"}],"curies":[{"name":"wp","href":"https:\/\/api.w.org\/{rel}","templated":true}]}}