{"id":210226,"date":"2025-12-26T03:34:23","date_gmt":"2025-12-26T00:34:23","guid":{"rendered":"https:\/\/baldumarket.lt\/?post_type=product&#038;p=210226"},"modified":"2026-04-05T11:08:57","modified_gmt":"2026-04-05T08:08:57","slug":"naroznik-rozkladany-daver","status":"publish","type":"product","link":"https:\/\/baldumarket.lt\/lt\/product\/naroznik-rozkladany-daver\/","title":{"rendered":"Daver kampin\u0117 sofa-lova"},"content":{"rendered":"<p>\u201eDaver\u201c i\u0161skleid\u017eiama kampin\u0117 sofa \u2013 tai mink\u0161tas baldas, kurio modern\u0173 dizain\u0105 papildo prakti\u0161ki dizaino sprendimai ir auk\u0161tos kokyb\u0117s komponentai. Naudotos apmu\u0161al\u0173 med\u017eiagos puikiai tinka bet kuriai svetainei tiems, kurie vertina auk\u0161t\u0105 kokyb\u0119 ir i\u0161skirtin\u012f komfort\u0105.<br \/>\nDaverio specifikacijos:<br \/>\nS\u0117dyn\u0117 pagaminta i\u0161 patvari\u0173 banguot\u0173 spyruokli\u0173 ir T-30 apmu\u0161al\u0173 put\u0173<br \/>\nAtlo\u0161as: HR putplastis<br \/>\nMedinis r\u0117mas + med\u017eio dro\u017eli\u0173 plok\u0161t\u0117 \/ laminuota plok\u0161t\u0117<br \/>\nMiego funkcija<br \/>\nI\u0161skleid\u017eiama kampin\u0117 sofa turi patalyn\u0117s skyri\u0173<br \/>\nFiksuotas atlo\u0161as<br \/>\nChromuotos plastikin\u0117s kojel\u0117s<br \/>\nKampin\u0117 sofa pavaizduota kair\u0117je pus\u0117je<br \/>\nKampin\u0117 sofa tilps \u012f lift\u0105<br \/>\nKampin\u0117 sofa tilps pro 80 cm plo\u010dio dur\u0173 ang\u0105<br \/>\nNugara aptraukta pasirinktu audiniu, kont\u016bruota ir \u012fdomios formos.<\/p>","protected":false},"excerpt":{"rendered":"<p>The Daver extendable corner sofa is an upholstered piece of furniture whose modern design is enhanced with practical design solutions and high-quality components. The upholstery materials used make it a perfect addition to any living room for those who value high quality and exceptional comfort. Daver specifications: Seat made of durable wave springs and T-30 [&hellip;]<\/p>","protected":false},"featured_media":210247,"comment_status":"open","ping_status":"closed","template":"","meta":[],"product_brand":[],"product_cat":[10171,616,1983,6950],"product_tag":[],"class_list":{"0":"post-210226","1":"product","2":"type-product","3":"status-publish","4":"has-post-thumbnail","6":"product_cat-corner-sofas-kinas-meble","7":"product_cat-corners","8":"product_cat-corners-l","9":"product_cat-kinas","11":"first","12":"instock","13":"shipping-taxable","14":"product-type-grouped"},"_links":{"self":[{"href":"https:\/\/baldumarket.lt\/lt\/wp-json\/wp\/v2\/product\/210226","targetHints":{"allow":["GET"]}}],"collection":[{"href":"https:\/\/baldumarket.lt\/lt\/wp-json\/wp\/v2\/product"}],"about":[{"href":"https:\/\/baldumarket.lt\/lt\/wp-json\/wp\/v2\/types\/product"}],"replies":[{"embeddable":true,"href":"https:\/\/baldumarket.lt\/lt\/wp-json\/wp\/v2\/comments?post=210226"}],"wp:featuredmedia":[{"embeddable":true,"href":"https:\/\/baldumarket.lt\/lt\/wp-json\/wp\/v2\/media\/210247"}],"wp:attachment":[{"href":"https:\/\/baldumarket.lt\/lt\/wp-json\/wp\/v2\/media?parent=210226"}],"wp:term":[{"taxonomy":"product_brand","embeddable":true,"href":"https:\/\/baldumarket.lt\/lt\/wp-json\/wp\/v2\/product_brand?post=210226"},{"taxonomy":"product_cat","embeddable":true,"href":"https:\/\/baldumarket.lt\/lt\/wp-json\/wp\/v2\/product_cat?post=210226"},{"taxonomy":"product_tag","embeddable":true,"href":"https:\/\/baldumarket.lt\/lt\/wp-json\/wp\/v2\/product_tag?post=210226"}],"curies":[{"name":"wp","href":"https:\/\/api.w.org\/{rel}","templated":true}]}}