{"id":210208,"date":"2025-12-26T03:33:43","date_gmt":"2025-12-26T00:33:43","guid":{"rendered":"https:\/\/baldumarket.lt\/?post_type=product&#038;p=210208"},"modified":"2026-02-12T01:54:23","modified_gmt":"2026-02-11T22:54:23","slug":"sofa-rozkladana-skandynawska-suzana-gr3","status":"publish","type":"product","link":"https:\/\/baldumarket.lt\/lt\/product\/sofa-rozkladana-skandynawska-suzana-gr3\/","title":{"rendered":"Skandinavi\u0161ka sofa-lova Suzana Gr3"},"content":{"rendered":"<p>Sofa-lova \u201eSuzana\u201c \u2013 prakti\u0161kas baldas, kuris d\u0117l savo klasikinio dizaino tiks bet kokioje aplinkoje.<br \/>\nPatogi s\u0117dyn\u0117 leis atsipalaiduoti po sunkios darbo dienos.<br \/>\nSuzanos parametrai:<br \/>\nBaldai pagaminti i\u0161 medinio r\u0117mo ir laminuotos plok\u0161t\u0117s<br \/>\nPatalyn\u0117<br \/>\nMiego funkcija<br \/>\nAutomatin\u0117 funkcija lengvam i\u0161skleidimui<br \/>\nS\u0117dyn\u0117s ir atlo\u0161o \u012fd\u0117klas su vingiuotomis spyruokl\u0117mis + T30 putplastis<br \/>\nJ\u016bs\u0173 pasirinktu audiniu aptrauktas atlo\u0161as, 2 patogios pagalv\u0117l\u0117s ir kont\u016bruoti porankiai.<\/p>","protected":false},"excerpt":{"rendered":"<p>Plotis [cm]: 230<br \/>\nAuk\u0161tis [cm]: 94<br \/>\nGylis [cm]: 103<br \/>\nMiegamasis plotas [cm]: 147 \u00d7 197<br \/>\nPagalv\u0117s tipas: nuimamos pagalv\u0117s<\/p>","protected":false},"featured_media":210231,"comment_status":"open","ping_status":"closed","template":"","meta":[],"product_brand":[],"product_cat":[9133],"product_tag":[],"class_list":{"0":"post-210208","1":"product","2":"type-product","3":"status-publish","4":"has-post-thumbnail","6":"product_cat-grouped","8":"first","9":"instock","10":"shipping-taxable","11":"purchasable","12":"product-type-variable","13":"wvs-archive-product-wrapper"},"_links":{"self":[{"href":"https:\/\/baldumarket.lt\/lt\/wp-json\/wp\/v2\/product\/210208","targetHints":{"allow":["GET"]}}],"collection":[{"href":"https:\/\/baldumarket.lt\/lt\/wp-json\/wp\/v2\/product"}],"about":[{"href":"https:\/\/baldumarket.lt\/lt\/wp-json\/wp\/v2\/types\/product"}],"replies":[{"embeddable":true,"href":"https:\/\/baldumarket.lt\/lt\/wp-json\/wp\/v2\/comments?post=210208"}],"wp:featuredmedia":[{"embeddable":true,"href":"https:\/\/baldumarket.lt\/lt\/wp-json\/wp\/v2\/media\/210231"}],"wp:attachment":[{"href":"https:\/\/baldumarket.lt\/lt\/wp-json\/wp\/v2\/media?parent=210208"}],"wp:term":[{"taxonomy":"product_brand","embeddable":true,"href":"https:\/\/baldumarket.lt\/lt\/wp-json\/wp\/v2\/product_brand?post=210208"},{"taxonomy":"product_cat","embeddable":true,"href":"https:\/\/baldumarket.lt\/lt\/wp-json\/wp\/v2\/product_cat?post=210208"},{"taxonomy":"product_tag","embeddable":true,"href":"https:\/\/baldumarket.lt\/lt\/wp-json\/wp\/v2\/product_tag?post=210208"}],"curies":[{"name":"wp","href":"https:\/\/api.w.org\/{rel}","templated":true}]}}