{"id":210194,"date":"2025-12-26T03:33:02","date_gmt":"2025-12-26T00:33:02","guid":{"rendered":"https:\/\/baldumarket.lt\/?post_type=product&#038;p=210194"},"modified":"2026-02-03T23:16:36","modified_gmt":"2026-02-03T20:16:36","slug":"naroznik-rozkladany-z-barkiem-i-schowkiem-a1","status":"publish","type":"product","link":"https:\/\/baldumarket.lt\/lt\/product\/naroznik-rozkladany-z-barkiem-i-schowkiem-a1\/","title":{"rendered":"Sulankstoma kampin\u0117 sofa su baru ir daiktad\u0117\u017ee A1"},"content":{"rendered":"<p>I\u0161skleid\u017eiama kampin\u0117 sofa A1 \u2013 tai mink\u0161tas baldas, kurio modern\u0173 dizain\u0105 papildo prakti\u0161ki dizaino sprendimai ir auk\u0161tos kokyb\u0117s komponentai. Naudotos apmu\u0161al\u0173 med\u017eiagos puikiai tinka bet kuriai svetainei tiems, kurie vertina auk\u0161t\u0105 kokyb\u0119 ir i\u0161skirtin\u012f komfort\u0105.<br \/>\nA1 specifikacijos:<br \/>\nS\u0117dyn\u0117 pagaminta i\u0161 patvari\u0173 vingiuot\u0173 spyruokli\u0173 ir T-30 apmu\u0161al\u0173 put\u0173<br \/>\nMedinis r\u0117mas + med\u017eio dro\u017eli\u0173 plok\u0161t\u0117 \/ laminuota plok\u0161t\u0117<br \/>\nMiego funkcija<br \/>\nI\u0161skleid\u017eiama kampin\u0117 sofa turi du patalyn\u0117s skyrius<br \/>\nNugaros pagalv\u0117l\u0117s<br \/>\nU\u017etrauktukais u\u017esegamos pagalv\u0117l\u0117s<br \/>\nPlastikin\u0117s kojel\u0117s<br \/>\nKampin\u0117 sofa tilps \u012f lift\u0105<br \/>\nKampin\u0117 sofa tilps pro 80 cm plo\u010dio duris<br \/>\nAtlo\u0161as aptrauktas pasirinktu audiniu, kampin\u0117 sofa turi bar\u0105 ir daiktad\u0117\u017e\u0119 \u0161one, o kojel\u0117s pagamintos i\u0161 chromuoto plastiko.<\/p>","protected":false},"excerpt":{"rendered":"<p>The A1 extendable corner sofa is an upholstered piece of furniture whose modern design is enhanced with practical design solutions and high-quality components. The upholstery materials used make it a perfect addition to any living room for those who value high quality and exceptional comfort. A1 specifications: Seat made of durable sinuous springs and T-30 [&hellip;]<\/p>","protected":false},"featured_media":210215,"comment_status":"open","ping_status":"closed","template":"","meta":[],"product_brand":[],"product_cat":[616,1983,6950],"product_tag":[],"class_list":{"0":"post-210194","1":"product","2":"type-product","3":"status-publish","4":"has-post-thumbnail","6":"product_cat-corners","7":"product_cat-corners-l","8":"product_cat-kinas","10":"first","11":"instock","12":"shipping-taxable","13":"product-type-grouped"},"_links":{"self":[{"href":"https:\/\/baldumarket.lt\/lt\/wp-json\/wp\/v2\/product\/210194","targetHints":{"allow":["GET"]}}],"collection":[{"href":"https:\/\/baldumarket.lt\/lt\/wp-json\/wp\/v2\/product"}],"about":[{"href":"https:\/\/baldumarket.lt\/lt\/wp-json\/wp\/v2\/types\/product"}],"replies":[{"embeddable":true,"href":"https:\/\/baldumarket.lt\/lt\/wp-json\/wp\/v2\/comments?post=210194"}],"wp:featuredmedia":[{"embeddable":true,"href":"https:\/\/baldumarket.lt\/lt\/wp-json\/wp\/v2\/media\/210215"}],"wp:attachment":[{"href":"https:\/\/baldumarket.lt\/lt\/wp-json\/wp\/v2\/media?parent=210194"}],"wp:term":[{"taxonomy":"product_brand","embeddable":true,"href":"https:\/\/baldumarket.lt\/lt\/wp-json\/wp\/v2\/product_brand?post=210194"},{"taxonomy":"product_cat","embeddable":true,"href":"https:\/\/baldumarket.lt\/lt\/wp-json\/wp\/v2\/product_cat?post=210194"},{"taxonomy":"product_tag","embeddable":true,"href":"https:\/\/baldumarket.lt\/lt\/wp-json\/wp\/v2\/product_tag?post=210194"}],"curies":[{"name":"wp","href":"https:\/\/api.w.org\/{rel}","templated":true}]}}