{"id":210140,"date":"2025-12-26T03:30:35","date_gmt":"2025-12-26T00:30:35","guid":{"rendered":"https:\/\/baldumarket.lt\/?post_type=product&#038;p=210140"},"modified":"2026-04-04T10:48:39","modified_gmt":"2026-04-04T07:48:39","slug":"wersalka-rozkladana-bartek-gr0","status":"publish","type":"product","link":"https:\/\/baldumarket.lt\/lt\/product\/wersalka-rozkladana-bartek-gr0\/","title":{"rendered":"Bartek Gr0 sulankstoma sofa-lova"},"content":{"rendered":"<p>\u201eBartek\u201c sofa-lova \u2013 prakti\u0161kas baldas, kuris d\u0117l savo klasikinio dizaino tiks bet kokioje aplinkoje. Patogi s\u0117dyn\u0117 leis atsipalaiduoti po sunkios darbo dienos.<br \/>\nBartek specifikacijos:<br \/>\nBaldai pagaminti i\u0161 medinio r\u0117mo ir laminuotos plok\u0161t\u0117s,<br \/>\nPatalyn\u0117 saugykla<br \/>\nMiego funkcija<br \/>\n\u012eki\u0161ama vingiuotomis spyruokl\u0117mis<br \/>\nSpragtel\u0117jimo mechanizmo sofa-lova su dviem ma\u017eomis pagalv\u0117l\u0117mis.<br \/>\nNugara pagaminta i\u0161 techninio audinio.<br \/>\nJei norite spalvingos sofos-lovos, pra\u0161ome nurodyti audinio pasiskirstym\u0105, kaip parodyta nuotraukoje (tas pats audinys), nurodydami tai u\u017esakymo pastabose su i\u0161samiu apra\u0161ymu. Ta\u010diau dauguma klient\u0173 renkasi vienspalv\u012f model\u012f.<\/p>","protected":false},"excerpt":{"rendered":"<p>Plotis [cm]: 224<br \/>\nAuk\u0161tis [cm]: 90<br \/>\ns\u0117dyn\u0117s auk\u0161tis [cm]: 45<br \/>\nMiegamasis plotas [cm]: 116 \u00d7 192<\/p>","protected":false},"featured_media":339491,"comment_status":"open","ping_status":"closed","template":"","meta":[],"product_brand":[],"product_cat":[432],"product_tag":[],"class_list":{"0":"post-210140","1":"product","2":"type-product","3":"status-publish","4":"has-post-thumbnail","6":"product_cat-misc","8":"first","9":"instock","10":"shipping-taxable","11":"purchasable","12":"product-type-variable","13":"wvs-archive-product-wrapper"},"_links":{"self":[{"href":"https:\/\/baldumarket.lt\/lt\/wp-json\/wp\/v2\/product\/210140","targetHints":{"allow":["GET"]}}],"collection":[{"href":"https:\/\/baldumarket.lt\/lt\/wp-json\/wp\/v2\/product"}],"about":[{"href":"https:\/\/baldumarket.lt\/lt\/wp-json\/wp\/v2\/types\/product"}],"replies":[{"embeddable":true,"href":"https:\/\/baldumarket.lt\/lt\/wp-json\/wp\/v2\/comments?post=210140"}],"wp:featuredmedia":[{"embeddable":true,"href":"https:\/\/baldumarket.lt\/lt\/wp-json\/wp\/v2\/media\/339491"}],"wp:attachment":[{"href":"https:\/\/baldumarket.lt\/lt\/wp-json\/wp\/v2\/media?parent=210140"}],"wp:term":[{"taxonomy":"product_brand","embeddable":true,"href":"https:\/\/baldumarket.lt\/lt\/wp-json\/wp\/v2\/product_brand?post=210140"},{"taxonomy":"product_cat","embeddable":true,"href":"https:\/\/baldumarket.lt\/lt\/wp-json\/wp\/v2\/product_cat?post=210140"},{"taxonomy":"product_tag","embeddable":true,"href":"https:\/\/baldumarket.lt\/lt\/wp-json\/wp\/v2\/product_tag?post=210140"}],"curies":[{"name":"wp","href":"https:\/\/api.w.org\/{rel}","templated":true}]}}