{"id":210139,"date":"2025-12-26T03:30:34","date_gmt":"2025-12-26T00:30:34","guid":{"rendered":"https:\/\/baldumarket.lt\/?post_type=product&#038;p=210139"},"modified":"2026-04-06T09:23:28","modified_gmt":"2026-04-06T06:23:28","slug":"wersalka-rozkladana-pikowana-bawaria","status":"publish","type":"product","link":"https:\/\/baldumarket.lt\/lt\/product\/wersalka-rozkladana-pikowana-bawaria\/","title":{"rendered":"Dygsniuota sofa-lova BAWARIA"},"content":{"rendered":"<p>\u201eBawaria\u201c sofa-lova \u2013 prakti\u0161kas baldas, kuris d\u0117l savo klasikinio dizaino tiks bet kokioje aplinkoje. Patogi s\u0117dyn\u0117 leis atsipalaiduoti po sunkios darbo dienos.<br \/>\nBavarijos specifikacijos:<br \/>\nBaldo konstrukcija pagr\u012fsta mediniu r\u0117mu ir laminuota plok\u0161te,<br \/>\npatalyn\u0117s laikymo vieta,<br \/>\nmiego funkcija,<br \/>\nvingiuotas spyruoklinis \u012fd\u0117klas,<br \/>\nSofos-lovos reguliavimas \u201espragtel\u0117jimo\u201c principu.<br \/>\nNugara pagaminta i\u0161 techninio audinio.<\/p>","protected":false},"excerpt":{"rendered":"<p>The Bawaria sofa bed is a practical piece of furniture that, thanks to its classic design, will fit into any environment. The comfortable seat will allow you to relax after a hard day at work. Bawaria specifications: The furniture&#8217;s construction is based on a wooden frame and laminated board, bedding storage, sleeping function, sinuous spring [&hellip;]<\/p>","protected":false},"featured_media":210169,"comment_status":"open","ping_status":"closed","template":"","meta":[],"product_brand":[],"product_cat":[10172,6950,560],"product_tag":[],"class_list":{"0":"post-210139","1":"product","2":"type-product","3":"status-publish","4":"has-post-thumbnail","6":"product_cat-sofas-kinas-meble","7":"product_cat-kinas","8":"product_cat-sofas-and-couches","10":"first","11":"instock","12":"shipping-taxable","13":"product-type-grouped"},"_links":{"self":[{"href":"https:\/\/baldumarket.lt\/lt\/wp-json\/wp\/v2\/product\/210139","targetHints":{"allow":["GET"]}}],"collection":[{"href":"https:\/\/baldumarket.lt\/lt\/wp-json\/wp\/v2\/product"}],"about":[{"href":"https:\/\/baldumarket.lt\/lt\/wp-json\/wp\/v2\/types\/product"}],"replies":[{"embeddable":true,"href":"https:\/\/baldumarket.lt\/lt\/wp-json\/wp\/v2\/comments?post=210139"}],"wp:featuredmedia":[{"embeddable":true,"href":"https:\/\/baldumarket.lt\/lt\/wp-json\/wp\/v2\/media\/210169"}],"wp:attachment":[{"href":"https:\/\/baldumarket.lt\/lt\/wp-json\/wp\/v2\/media?parent=210139"}],"wp:term":[{"taxonomy":"product_brand","embeddable":true,"href":"https:\/\/baldumarket.lt\/lt\/wp-json\/wp\/v2\/product_brand?post=210139"},{"taxonomy":"product_cat","embeddable":true,"href":"https:\/\/baldumarket.lt\/lt\/wp-json\/wp\/v2\/product_cat?post=210139"},{"taxonomy":"product_tag","embeddable":true,"href":"https:\/\/baldumarket.lt\/lt\/wp-json\/wp\/v2\/product_tag?post=210139"}],"curies":[{"name":"wp","href":"https:\/\/api.w.org\/{rel}","templated":true}]}}