{"id":210096,"date":"2025-12-26T03:28:30","date_gmt":"2025-12-26T00:28:30","guid":{"rendered":"https:\/\/baldumarket.lt\/?post_type=product&#038;p=210096"},"modified":"2026-04-03T12:21:05","modified_gmt":"2026-04-03T09:21:05","slug":"fotel-skandynawski-ariel-gr3","status":"publish","type":"product","link":"https:\/\/baldumarket.lt\/lt\/product\/fotel-skandynawski-ariel-gr3\/","title":{"rendered":"Ariel Gr3 skandinavi\u0161kas fotelis"},"content":{"rendered":"<p>\u201eAriel\u201c fotelis yra prakti\u0161kas poilsio baldas, kuris u\u017etikrins patog\u0173 poils\u012f dienos metu.<br \/>\n\u0160is fotelis sukurtas taip, kad papildyt\u0173 \u201eAriel\u201c sof\u0105.<br \/>\nSpecifikacijos:<br \/>\nU\u017epildas: vingiuotos spyruokl\u0117s<br \/>\nPapildomos PUR putos<br \/>\nApmu\u0161tas atlo\u0161as<br \/>\nMedin\u0117s kojos<br \/>\nFotelis be pagalv\u0117l\u0117s<\/p>","protected":false},"excerpt":{"rendered":"<p>Plotis [cm]: 80<br \/>\nAuk\u0161tis [cm]: 91<br \/>\ngylis [cm]: 100<\/p>","protected":false},"featured_media":210119,"comment_status":"open","ping_status":"closed","template":"","meta":[],"product_brand":[],"product_cat":[9133],"product_tag":[],"class_list":{"0":"post-210096","1":"product","2":"type-product","3":"status-publish","4":"has-post-thumbnail","6":"product_cat-grouped","8":"first","9":"instock","10":"shipping-taxable","11":"purchasable","12":"product-type-variable","13":"wvs-archive-product-wrapper"},"_links":{"self":[{"href":"https:\/\/baldumarket.lt\/lt\/wp-json\/wp\/v2\/product\/210096","targetHints":{"allow":["GET"]}}],"collection":[{"href":"https:\/\/baldumarket.lt\/lt\/wp-json\/wp\/v2\/product"}],"about":[{"href":"https:\/\/baldumarket.lt\/lt\/wp-json\/wp\/v2\/types\/product"}],"replies":[{"embeddable":true,"href":"https:\/\/baldumarket.lt\/lt\/wp-json\/wp\/v2\/comments?post=210096"}],"wp:featuredmedia":[{"embeddable":true,"href":"https:\/\/baldumarket.lt\/lt\/wp-json\/wp\/v2\/media\/210119"}],"wp:attachment":[{"href":"https:\/\/baldumarket.lt\/lt\/wp-json\/wp\/v2\/media?parent=210096"}],"wp:term":[{"taxonomy":"product_brand","embeddable":true,"href":"https:\/\/baldumarket.lt\/lt\/wp-json\/wp\/v2\/product_brand?post=210096"},{"taxonomy":"product_cat","embeddable":true,"href":"https:\/\/baldumarket.lt\/lt\/wp-json\/wp\/v2\/product_cat?post=210096"},{"taxonomy":"product_tag","embeddable":true,"href":"https:\/\/baldumarket.lt\/lt\/wp-json\/wp\/v2\/product_tag?post=210096"}],"curies":[{"name":"wp","href":"https:\/\/api.w.org\/{rel}","templated":true}]}}