{"id":210053,"date":"2025-12-26T03:26:02","date_gmt":"2025-12-26T00:26:02","guid":{"rendered":"https:\/\/baldumarket.lt\/?post_type=product&#038;p=210053"},"modified":"2026-02-12T01:47:31","modified_gmt":"2026-02-11T22:47:31","slug":"fotel-tapicerowany-wenus-z-pojemnikiem-gr1","status":"publish","type":"product","link":"https:\/\/baldumarket.lt\/lt\/product\/fotel-tapicerowany-wenus-z-pojemnikiem-gr1\/","title":{"rendered":"Wenus mink\u0161tas fotelis su Gr1 talpa"},"content":{"rendered":"<p>\u201eWenus\u201c fotelis yra klasikinio stiliaus baldas, praturtintas paprastomis geometrin\u0117mis formomis. \u0160is fotelis puikiai tinka bet kokiam minimalistiniam ir klasikiniam interjerui.<br \/>\n\u0160is fotelis sukurtas taip, kad papildyt\u0173 \u201eWenus\u201c sof\u0105 ir pufus.<br \/>\nSpecifikacijos:<br \/>\nU\u017epildas: vingiuota spyruokl\u0117<br \/>\nPapildomos PUR putos<br \/>\nApmu\u0161tas atlo\u0161as<br \/>\nChromuotos kojel\u0117s<br \/>\nKonteineris s\u0117dyn\u0117je<\/p>","protected":false},"excerpt":{"rendered":"<p>Plotis [cm]: 90<br \/>\nAuk\u0161tis [cm]: 91<br \/>\ns\u0117dyn\u0117s auk\u0161tis [cm]: 48<\/p>","protected":false},"featured_media":210087,"comment_status":"open","ping_status":"closed","template":"","meta":[],"product_brand":[],"product_cat":[9133],"product_tag":[],"class_list":{"0":"post-210053","1":"product","2":"type-product","3":"status-publish","4":"has-post-thumbnail","6":"product_cat-grouped","8":"first","9":"instock","10":"shipping-taxable","11":"purchasable","12":"product-type-variable","13":"wvs-archive-product-wrapper"},"_links":{"self":[{"href":"https:\/\/baldumarket.lt\/lt\/wp-json\/wp\/v2\/product\/210053","targetHints":{"allow":["GET"]}}],"collection":[{"href":"https:\/\/baldumarket.lt\/lt\/wp-json\/wp\/v2\/product"}],"about":[{"href":"https:\/\/baldumarket.lt\/lt\/wp-json\/wp\/v2\/types\/product"}],"replies":[{"embeddable":true,"href":"https:\/\/baldumarket.lt\/lt\/wp-json\/wp\/v2\/comments?post=210053"}],"wp:featuredmedia":[{"embeddable":true,"href":"https:\/\/baldumarket.lt\/lt\/wp-json\/wp\/v2\/media\/210087"}],"wp:attachment":[{"href":"https:\/\/baldumarket.lt\/lt\/wp-json\/wp\/v2\/media?parent=210053"}],"wp:term":[{"taxonomy":"product_brand","embeddable":true,"href":"https:\/\/baldumarket.lt\/lt\/wp-json\/wp\/v2\/product_brand?post=210053"},{"taxonomy":"product_cat","embeddable":true,"href":"https:\/\/baldumarket.lt\/lt\/wp-json\/wp\/v2\/product_cat?post=210053"},{"taxonomy":"product_tag","embeddable":true,"href":"https:\/\/baldumarket.lt\/lt\/wp-json\/wp\/v2\/product_tag?post=210053"}],"curies":[{"name":"wp","href":"https:\/\/api.w.org\/{rel}","templated":true}]}}