{"id":210050,"date":"2025-12-26T03:25:59","date_gmt":"2025-12-26T00:25:59","guid":{"rendered":"https:\/\/baldumarket.lt\/?post_type=product&#038;p=210050"},"modified":"2026-02-03T23:16:41","modified_gmt":"2026-02-03T20:16:41","slug":"fotel-tapicerowany-samanta","status":"publish","type":"product","link":"https:\/\/baldumarket.lt\/lt\/product\/fotel-tapicerowany-samanta\/","title":{"rendered":"Samanta mink\u0161tas fotelis"},"content":{"rendered":"<p>\u201eSamanta\u201c fotelis pasi\u017eymi klasikiniu dizainu, praturtintu paprastomis geometrin\u0117mis formomis. \u0160is fotelis puikiai tinka bet kokiam minimalistiniam ir klasikiniam interjerui.<br \/>\n\u0160is fotelis sukurtas taip, kad papildyt\u0173 \u201eSamanta\u201c sof\u0105. Taip pat galite \u012fsigyti nuotraukoje pavaizduot\u0105 atitinkam\u0105 puf\u0105.<br \/>\nSpecifikacijos:<br \/>\nU\u017epildas: vingiuotos spyruokl\u0117s<br \/>\nPapildomos PUR putos<br \/>\nApmu\u0161tas atlo\u0161as<br \/>\nChromo spalvos plastikin\u0117s kojel\u0117s<br \/>\nDerantis arba kontrastingas audinio apvadas \u2013 nurodykite u\u017esakymo pastabose (tas pats audinio tipas)<\/p>","protected":false},"excerpt":{"rendered":"<p>\u201eSamanta\u201c fotelis pasi\u017eymi klasikiniu dizainu, praturtintu paprastomis geometrin\u0117mis formomis. \u0160is fotelis puikiai tinka bet kokiam minimalistiniam ir klasikiniam interjerui. \u0160is fotelis sukurtas taip, kad papildyt\u0173 \u201eSamanta\u201c sof\u0105. Taip pat galite \u012fsigyti nuotraukoje parodyt\u0105 deran\u010di\u0105 puf\u0105. Specifikacijos: U\u017epildas: vingiuotos spyruokl\u0117s; Papildomas PUR putplastis; Apmu\u0161tas atlo\u0161as; Chromuotos spalvos plastikin\u0117s kojel\u0117s; Deran\u010dios [\u2026]<\/p>","protected":false},"featured_media":210075,"comment_status":"open","ping_status":"closed","template":"","meta":[],"product_brand":[],"product_cat":[634,6950],"product_tag":[],"class_list":{"0":"post-210050","1":"product","2":"type-product","3":"status-publish","4":"has-post-thumbnail","6":"product_cat-armchairs","7":"product_cat-kinas","9":"first","10":"instock","11":"shipping-taxable","12":"product-type-grouped"},"_links":{"self":[{"href":"https:\/\/baldumarket.lt\/lt\/wp-json\/wp\/v2\/product\/210050","targetHints":{"allow":["GET"]}}],"collection":[{"href":"https:\/\/baldumarket.lt\/lt\/wp-json\/wp\/v2\/product"}],"about":[{"href":"https:\/\/baldumarket.lt\/lt\/wp-json\/wp\/v2\/types\/product"}],"replies":[{"embeddable":true,"href":"https:\/\/baldumarket.lt\/lt\/wp-json\/wp\/v2\/comments?post=210050"}],"wp:featuredmedia":[{"embeddable":true,"href":"https:\/\/baldumarket.lt\/lt\/wp-json\/wp\/v2\/media\/210075"}],"wp:attachment":[{"href":"https:\/\/baldumarket.lt\/lt\/wp-json\/wp\/v2\/media?parent=210050"}],"wp:term":[{"taxonomy":"product_brand","embeddable":true,"href":"https:\/\/baldumarket.lt\/lt\/wp-json\/wp\/v2\/product_brand?post=210050"},{"taxonomy":"product_cat","embeddable":true,"href":"https:\/\/baldumarket.lt\/lt\/wp-json\/wp\/v2\/product_cat?post=210050"},{"taxonomy":"product_tag","embeddable":true,"href":"https:\/\/baldumarket.lt\/lt\/wp-json\/wp\/v2\/product_tag?post=210050"}],"curies":[{"name":"wp","href":"https:\/\/api.w.org\/{rel}","templated":true}]}}