{"id":210025,"date":"2025-12-26T03:24:53","date_gmt":"2025-12-26T00:24:53","guid":{"rendered":"https:\/\/baldumarket.lt\/?post_type=product&#038;p=210025"},"modified":"2026-04-06T11:12:38","modified_gmt":"2026-04-06T08:12:38","slug":"naroznik-rozkladany-frugo-gr3","status":"publish","type":"product","link":"https:\/\/baldumarket.lt\/lt\/product\/naroznik-rozkladany-frugo-gr3\/","title":{"rendered":"Frugo Gr3 i\u0161skleid\u017eiama kampin\u0117 sofa"},"content":{"rendered":"<p>\u201eFrugo\u201c i\u0161skleid\u017eiama kampin\u0117 sofa \u2013 tai baldas, kuris d\u0117l plataus audini\u0173 spalv\u0173 pasirinkimo prisitaikys prie bet kokios aplinkos.<br \/>\nFrugo specifikacijos:<br \/>\nS\u0117dyn\u0117 pagaminta i\u0161 patvari\u0173 vingiuot\u0173 spyruokli\u0173 ir T-30 apmu\u0161al\u0173 put\u0173<br \/>\nMedinis r\u0117mas + med\u017eio dro\u017eli\u0173 plok\u0161t\u0117 \/ laminuota plok\u0161t\u0117<br \/>\nMiego funkcija<br \/>\nI\u0161skleid\u017eiama kampin\u0117 sofa turi patalyn\u0117s skyri\u0173<br \/>\nKilnojamos pagalv\u0117l\u0117s su u\u017etrauktukais<br \/>\nMedin\u0117s kojel\u0117s tamsaus rie\u0161uto spalvos<br \/>\nKampin\u0117 sofa parodyta pagrindin\u0117je nuotraukoje de\u0161in\u0117je<br \/>\nKampin\u0117 sofa tilps \u012f lift\u0105<br \/>\nKampin\u0117 sofa tilps pro 80 cm plo\u010dio duris<br \/>\nJ\u016bs\u0173 pasirinktu audiniu aptrauktas atlo\u0161as, 3 patogios pagalv\u0117l\u0117s ir \u012fdomi forma.<\/p>","protected":false},"excerpt":{"rendered":"<p>Ilgesn\u0117s kra\u0161tin\u0117s plotis [cm]: 285<br \/>\nTrumpesn\u0117s kra\u0161tin\u0117s plotis [cm]: 165<br \/>\nGylis [cm]: 95<br \/>\nMiegamasis plotas [cm]: 140 \u00d7 220<br \/>\nKampin\u0117s sofos stilius: modernus<br \/>\nI\u0161skleidimo sistema: I\u0161traukiamas ve\u017eim\u0117lis (delfinas)<\/p>","protected":false},"featured_media":339611,"comment_status":"open","ping_status":"closed","template":"","meta":[],"product_brand":[],"product_cat":[9133],"product_tag":[],"class_list":{"0":"post-210025","1":"product","2":"type-product","3":"status-publish","4":"has-post-thumbnail","6":"product_cat-grouped","8":"first","9":"instock","10":"shipping-taxable","11":"purchasable","12":"product-type-variable","13":"wvs-archive-product-wrapper"},"_links":{"self":[{"href":"https:\/\/baldumarket.lt\/lt\/wp-json\/wp\/v2\/product\/210025","targetHints":{"allow":["GET"]}}],"collection":[{"href":"https:\/\/baldumarket.lt\/lt\/wp-json\/wp\/v2\/product"}],"about":[{"href":"https:\/\/baldumarket.lt\/lt\/wp-json\/wp\/v2\/types\/product"}],"replies":[{"embeddable":true,"href":"https:\/\/baldumarket.lt\/lt\/wp-json\/wp\/v2\/comments?post=210025"}],"wp:featuredmedia":[{"embeddable":true,"href":"https:\/\/baldumarket.lt\/lt\/wp-json\/wp\/v2\/media\/339611"}],"wp:attachment":[{"href":"https:\/\/baldumarket.lt\/lt\/wp-json\/wp\/v2\/media?parent=210025"}],"wp:term":[{"taxonomy":"product_brand","embeddable":true,"href":"https:\/\/baldumarket.lt\/lt\/wp-json\/wp\/v2\/product_brand?post=210025"},{"taxonomy":"product_cat","embeddable":true,"href":"https:\/\/baldumarket.lt\/lt\/wp-json\/wp\/v2\/product_cat?post=210025"},{"taxonomy":"product_tag","embeddable":true,"href":"https:\/\/baldumarket.lt\/lt\/wp-json\/wp\/v2\/product_tag?post=210025"}],"curies":[{"name":"wp","href":"https:\/\/api.w.org\/{rel}","templated":true}]}}