{"id":210007,"date":"2025-12-26T03:24:10","date_gmt":"2025-12-26T00:24:10","guid":{"rendered":"https:\/\/baldumarket.lt\/?post_type=product&#038;p=210007"},"modified":"2026-04-03T11:19:08","modified_gmt":"2026-04-03T08:19:08","slug":"naroznik-tapicerowany-nierozkladany-lord-gr2","status":"publish","type":"product","link":"https:\/\/baldumarket.lt\/lt\/product\/naroznik-tapicerowany-nierozkladany-lord-gr2\/","title":{"rendered":"Apmu\u0161ta kampin\u0117 sofa, nei\u0161skleid\u017eiama, Lord Gr2"},"content":{"rendered":"<p>Nei\u0161skleid\u017eiama kampin\u0117 sofa \u201eLord\u201c \u2013 tai baldas, kuris d\u0117l plataus audini\u0173 spalv\u0173 gamos prisitaikys prie bet kokios aplinkos.<br \/>\nLordo specifikacijos:<br \/>\nS\u0117dyn\u0117 pagaminta i\u0161 patvari\u0173 vingiuot\u0173 spyruokli\u0173 ir T-30 apmu\u0161al\u0173 put\u0173<br \/>\nMedinis r\u0117mas + med\u017eio dro\u017eli\u0173 plok\u0161t\u0117 \/ laminuota plok\u0161t\u0117<br \/>\nN\u0117ra miego funkcijos<br \/>\nN\u0117ra patalyn\u0117s laikymo vietos<br \/>\nAtlo\u0161o pagalv\u0117l\u0117<br \/>\nJudinamas porankis + mink\u0161tasuolis<br \/>\nKampin\u0117 sofa tilps \u012f lift\u0105<br \/>\nKampin\u0117 sofa tilps pro 80 cm plo\u010dio duris<br \/>\nNuotraukoje parodyta de\u0161inioji kampin\u0117 sofa<br \/>\nNugara aptraukta pasirinktu audiniu, 2 pagalv\u0117l\u0117s ir p\u016bkuotas audinys.<\/p>","protected":false},"excerpt":{"rendered":"<p>Ilgesn\u0117s kra\u0161tin\u0117s plotis [cm]: 320<br \/>\nTrumpesn\u0117s kra\u0161tin\u0117s plotis [cm]: 223<br \/>\nGylis [cm]: 96<br \/>\nKampo forma: L formos<br \/>\nKamp\u0173 stilius: \u010cesterfildas\/dygsniuotas modernus<br \/>\n\u012ed\u0117klo tipas: zigzago spyruokl\u0117s + putplastis \u2013 vidutinio kietumo\/kietas<\/p>","protected":false},"featured_media":339381,"comment_status":"open","ping_status":"closed","template":"","meta":[],"product_brand":[],"product_cat":[9133],"product_tag":[],"class_list":{"0":"post-210007","1":"product","2":"type-product","3":"status-publish","4":"has-post-thumbnail","6":"product_cat-grouped","8":"first","9":"instock","10":"shipping-taxable","11":"purchasable","12":"product-type-variable","13":"wvs-archive-product-wrapper"},"_links":{"self":[{"href":"https:\/\/baldumarket.lt\/lt\/wp-json\/wp\/v2\/product\/210007","targetHints":{"allow":["GET"]}}],"collection":[{"href":"https:\/\/baldumarket.lt\/lt\/wp-json\/wp\/v2\/product"}],"about":[{"href":"https:\/\/baldumarket.lt\/lt\/wp-json\/wp\/v2\/types\/product"}],"replies":[{"embeddable":true,"href":"https:\/\/baldumarket.lt\/lt\/wp-json\/wp\/v2\/comments?post=210007"}],"wp:featuredmedia":[{"embeddable":true,"href":"https:\/\/baldumarket.lt\/lt\/wp-json\/wp\/v2\/media\/339381"}],"wp:attachment":[{"href":"https:\/\/baldumarket.lt\/lt\/wp-json\/wp\/v2\/media?parent=210007"}],"wp:term":[{"taxonomy":"product_brand","embeddable":true,"href":"https:\/\/baldumarket.lt\/lt\/wp-json\/wp\/v2\/product_brand?post=210007"},{"taxonomy":"product_cat","embeddable":true,"href":"https:\/\/baldumarket.lt\/lt\/wp-json\/wp\/v2\/product_cat?post=210007"},{"taxonomy":"product_tag","embeddable":true,"href":"https:\/\/baldumarket.lt\/lt\/wp-json\/wp\/v2\/product_tag?post=210007"}],"curies":[{"name":"wp","href":"https:\/\/api.w.org\/{rel}","templated":true}]}}