{"id":210002,"date":"2025-12-26T03:23:38","date_gmt":"2025-12-26T00:23:38","guid":{"rendered":"https:\/\/baldumarket.lt\/?post_type=product&#038;p=210002"},"modified":"2026-04-06T14:40:58","modified_gmt":"2026-04-06T11:40:58","slug":"fotel-tapicerowany-honorata-z-pojemnikiem","status":"publish","type":"product","link":"https:\/\/baldumarket.lt\/lt\/product\/fotel-tapicerowany-honorata-z-pojemnikiem\/","title":{"rendered":"Honorata mink\u0161tas fotelis su d\u0117\u017ee"},"content":{"rendered":"<p>\u201eHonorata\u201c fotelis pasi\u017eymi klasikine forma, praturtinta paprastomis geometrin\u0117mis fig\u016bromis. \u0160is fotelis puikiai tinka bet kokiam minimalistiniam ir klasikiniam interjerui.<br \/>\n\u0160is fotelis sukurtas taip, kad papildyt\u0173 \u201eHonorata\u201c sof\u0105.<br \/>\nSpecifikacijos:<br \/>\nU\u017epildas: vingiuota spyruokl\u0117<br \/>\nPapildomos PUR putos<br \/>\nApmu\u0161tas atlo\u0161as<br \/>\nJuodos plastikin\u0117s kojel\u0117s<br \/>\nMediniai \u012fd\u0117klai<br \/>\nDaiktad\u0117\u017e\u0117 s\u0117dyn\u0117je<\/p>","protected":false},"excerpt":{"rendered":"<p>\u201eHonorata\u201c fotelis pasi\u017eymi klasikine forma, praturtinta paprastomis geometrin\u0117mis fig\u016bromis. \u0160is fotelis puikiai tinka bet kokiam minimalistiniam ir klasikiniam interjerui. \u0160is fotelis sukurtas taip, kad papildyt\u0173 \u201eHonorata\u201c sof\u0105. Specifikacijos: U\u017epildas: vingiuota spyruokl\u0117; Papildomas PUR putplastis; Apmu\u0161tas atlo\u0161as; Juodos plastikin\u0117s kojel\u0117s; Mediniai \u012fd\u0117klai; Daiktad\u0117\u017e\u0117 s\u0117dyn\u0117je.<\/p>","protected":false},"featured_media":339652,"comment_status":"open","ping_status":"closed","template":"","meta":[],"product_brand":[],"product_cat":[10173,634,6950],"product_tag":[],"class_list":{"0":"post-210002","1":"product","2":"type-product","3":"status-publish","4":"has-post-thumbnail","6":"product_cat-chairs-kinas-meble","7":"product_cat-armchairs","8":"product_cat-kinas","10":"first","11":"instock","12":"shipping-taxable","13":"product-type-grouped"},"_links":{"self":[{"href":"https:\/\/baldumarket.lt\/lt\/wp-json\/wp\/v2\/product\/210002","targetHints":{"allow":["GET"]}}],"collection":[{"href":"https:\/\/baldumarket.lt\/lt\/wp-json\/wp\/v2\/product"}],"about":[{"href":"https:\/\/baldumarket.lt\/lt\/wp-json\/wp\/v2\/types\/product"}],"replies":[{"embeddable":true,"href":"https:\/\/baldumarket.lt\/lt\/wp-json\/wp\/v2\/comments?post=210002"}],"wp:featuredmedia":[{"embeddable":true,"href":"https:\/\/baldumarket.lt\/lt\/wp-json\/wp\/v2\/media\/339652"}],"wp:attachment":[{"href":"https:\/\/baldumarket.lt\/lt\/wp-json\/wp\/v2\/media?parent=210002"}],"wp:term":[{"taxonomy":"product_brand","embeddable":true,"href":"https:\/\/baldumarket.lt\/lt\/wp-json\/wp\/v2\/product_brand?post=210002"},{"taxonomy":"product_cat","embeddable":true,"href":"https:\/\/baldumarket.lt\/lt\/wp-json\/wp\/v2\/product_cat?post=210002"},{"taxonomy":"product_tag","embeddable":true,"href":"https:\/\/baldumarket.lt\/lt\/wp-json\/wp\/v2\/product_tag?post=210002"}],"curies":[{"name":"wp","href":"https:\/\/api.w.org\/{rel}","templated":true}]}}