{"id":209986,"date":"2025-12-26T03:22:45","date_gmt":"2025-12-26T00:22:45","guid":{"rendered":"https:\/\/baldumarket.lt\/?post_type=product&#038;p=209986"},"modified":"2026-02-03T23:16:44","modified_gmt":"2026-02-03T20:16:44","slug":"fotel-klasyczny-tapicerowany-alvares","status":"publish","type":"product","link":"https:\/\/baldumarket.lt\/lt\/product\/fotel-klasyczny-tapicerowany-alvares\/","title":{"rendered":"Klasikinis mink\u0161tas fotelis Alvares"},"content":{"rendered":"<p>\u201eAlvares\u201c fotelis yra prakti\u0161kas poilsio baldas, kuris u\u017etikrins patog\u0173 poils\u012f dienos metu.<br \/>\n\u0160is fotelis tinka \u201eAlvares\u201c L ir U formos kampin\u0117ms sofoms.<br \/>\nSpecifikacijos:<br \/>\nU\u017epildas: vingiuotos spyruokl\u0117s<br \/>\nPapildomos PUR putos<br \/>\nApmu\u0161tas atlo\u0161as<br \/>\nChromuotos plastikin\u0117s kojel\u0117s<\/p>","protected":false},"excerpt":{"rendered":"<p>\u201eAlvares\u201c fotelis yra prakti\u0161kas poilsio baldas, kuris u\u017etikrins patog\u0173 poils\u012f dienos metu. \u0160is fotelis tinka \u201eAlvares\u201c L ir U formos kampin\u0117ms sofoms. Specifikacijos: U\u017epildas: vingiuotos spyruokl\u0117s; Papildomas PUR putplastis; Apmu\u0161tas atlo\u0161as; Chromuotos plastikin\u0117s kojel\u0117s.<\/p>","protected":false},"featured_media":210014,"comment_status":"open","ping_status":"closed","template":"","meta":[],"product_brand":[],"product_cat":[634,6950],"product_tag":[],"class_list":{"0":"post-209986","1":"product","2":"type-product","3":"status-publish","4":"has-post-thumbnail","6":"product_cat-armchairs","7":"product_cat-kinas","9":"first","10":"instock","11":"shipping-taxable","12":"product-type-grouped"},"_links":{"self":[{"href":"https:\/\/baldumarket.lt\/lt\/wp-json\/wp\/v2\/product\/209986","targetHints":{"allow":["GET"]}}],"collection":[{"href":"https:\/\/baldumarket.lt\/lt\/wp-json\/wp\/v2\/product"}],"about":[{"href":"https:\/\/baldumarket.lt\/lt\/wp-json\/wp\/v2\/types\/product"}],"replies":[{"embeddable":true,"href":"https:\/\/baldumarket.lt\/lt\/wp-json\/wp\/v2\/comments?post=209986"}],"wp:featuredmedia":[{"embeddable":true,"href":"https:\/\/baldumarket.lt\/lt\/wp-json\/wp\/v2\/media\/210014"}],"wp:attachment":[{"href":"https:\/\/baldumarket.lt\/lt\/wp-json\/wp\/v2\/media?parent=209986"}],"wp:term":[{"taxonomy":"product_brand","embeddable":true,"href":"https:\/\/baldumarket.lt\/lt\/wp-json\/wp\/v2\/product_brand?post=209986"},{"taxonomy":"product_cat","embeddable":true,"href":"https:\/\/baldumarket.lt\/lt\/wp-json\/wp\/v2\/product_cat?post=209986"},{"taxonomy":"product_tag","embeddable":true,"href":"https:\/\/baldumarket.lt\/lt\/wp-json\/wp\/v2\/product_tag?post=209986"}],"curies":[{"name":"wp","href":"https:\/\/api.w.org\/{rel}","templated":true}]}}