{"id":209971,"date":"2025-12-26T03:22:02","date_gmt":"2025-12-26T00:22:02","guid":{"rendered":"https:\/\/baldumarket.lt\/?post_type=product&#038;p=209971"},"modified":"2026-02-12T01:43:29","modified_gmt":"2026-02-11T22:43:29","slug":"fotel-klasyczny-tapicerowany-alvares-gr0","status":"publish","type":"product","link":"https:\/\/baldumarket.lt\/lt\/product\/fotel-klasyczny-tapicerowany-alvares-gr0\/","title":{"rendered":"Klasikinis mink\u0161tas fotelis Alvares Gr0"},"content":{"rendered":"<p>\u201eAlvares\u201c fotelis yra prakti\u0161kas poilsio baldas, kuris u\u017etikrins patog\u0173 poils\u012f dienos metu.<br \/>\n\u0160is fotelis tinka \u201eAlvares\u201c L ir U formos kampin\u0117ms sofoms.<br \/>\nSpecifikacijos:<br \/>\nU\u017epildas: vingiuotos spyruokl\u0117s<br \/>\nPapildomos PUR putos<br \/>\nApmu\u0161tas atlo\u0161as<br \/>\nChromuotos plastikin\u0117s kojel\u0117s<\/p>","protected":false},"excerpt":{"rendered":"<p>Plotis [cm]: 89<br \/>\nAuk\u0161tis [cm]: 90<br \/>\ns\u0117dyn\u0117s auk\u0161tis [cm]: 56<\/p>","protected":false},"featured_media":210014,"comment_status":"open","ping_status":"closed","template":"","meta":[],"product_brand":[],"product_cat":[9133],"product_tag":[],"class_list":{"0":"post-209971","1":"product","2":"type-product","3":"status-publish","4":"has-post-thumbnail","6":"product_cat-grouped","8":"first","9":"instock","10":"shipping-taxable","11":"purchasable","12":"product-type-variable","13":"wvs-archive-product-wrapper"},"_links":{"self":[{"href":"https:\/\/baldumarket.lt\/lt\/wp-json\/wp\/v2\/product\/209971","targetHints":{"allow":["GET"]}}],"collection":[{"href":"https:\/\/baldumarket.lt\/lt\/wp-json\/wp\/v2\/product"}],"about":[{"href":"https:\/\/baldumarket.lt\/lt\/wp-json\/wp\/v2\/types\/product"}],"replies":[{"embeddable":true,"href":"https:\/\/baldumarket.lt\/lt\/wp-json\/wp\/v2\/comments?post=209971"}],"wp:featuredmedia":[{"embeddable":true,"href":"https:\/\/baldumarket.lt\/lt\/wp-json\/wp\/v2\/media\/210014"}],"wp:attachment":[{"href":"https:\/\/baldumarket.lt\/lt\/wp-json\/wp\/v2\/media?parent=209971"}],"wp:term":[{"taxonomy":"product_brand","embeddable":true,"href":"https:\/\/baldumarket.lt\/lt\/wp-json\/wp\/v2\/product_brand?post=209971"},{"taxonomy":"product_cat","embeddable":true,"href":"https:\/\/baldumarket.lt\/lt\/wp-json\/wp\/v2\/product_cat?post=209971"},{"taxonomy":"product_tag","embeddable":true,"href":"https:\/\/baldumarket.lt\/lt\/wp-json\/wp\/v2\/product_tag?post=209971"}],"curies":[{"name":"wp","href":"https:\/\/api.w.org\/{rel}","templated":true}]}}