{"id":209966,"date":"2025-12-26T03:21:54","date_gmt":"2025-12-26T00:21:54","guid":{"rendered":"https:\/\/baldumarket.lt\/?post_type=product&#038;p=209966"},"modified":"2026-04-03T10:55:05","modified_gmt":"2026-04-03T07:55:05","slug":"naroznik-rozkladany-z-barkiem-i-pufa-alvares-u-gr2","status":"publish","type":"product","link":"https:\/\/baldumarket.lt\/lt\/product\/naroznik-rozkladany-z-barkiem-i-pufa-alvares-u-gr2\/","title":{"rendered":"Alvares U Gr2 i\u0161skleid\u017eiama kampin\u0117 sofa su baru ir pufu"},"content":{"rendered":"<p>I\u0161skleid\u017eiama kampin\u0117 sofa \u201eAlvares U\u201c yra prakti\u0161kas poilsio baldas, kuris u\u017etikrins patog\u0173 poils\u012f dien\u0105 ir ram\u0173 mieg\u0105 nakt\u012f.<br \/>\nAlvares specifikacijos:<br \/>\nS\u0117dyn\u0117 pagaminta i\u0161 patvari\u0173 vingiuot\u0173 spyruokli\u0173 ir T-30 apmu\u0161al\u0173 put\u0173<br \/>\nMedinis r\u0117mas + med\u017eio dro\u017eli\u0173 plok\u0161t\u0117 \/ laminuota plok\u0161t\u0117<br \/>\nMiego funkcija<br \/>\nI\u0161skleid\u017eiama kampin\u0117 sofa turi du patalyn\u0117s skyrius<br \/>\nNugaros pagalv\u0117l\u0117s<br \/>\nU\u017etrauktukais u\u017esegamos pagalv\u0117l\u0117s<br \/>\nPlastikin\u0117s kojel\u0117s<br \/>\nKampin\u0117 sofa telpa \u012f lift\u0105<br \/>\nKampin\u0117 sofa telpa pro 80 cm plo\u010dio duris<br \/>\nJ\u016bs\u0173 pasirinktu audiniu aptrauktas atlo\u0161as, prakti\u0161kas baras ir pufas, gali b\u016bti aptraukti velvetiniais audiniais.<br \/>\n\u0160iems baldams skirtas produktas<\/p>","protected":false},"excerpt":{"rendered":"<p>Ilgesn\u0117s kra\u0161tin\u0117s plotis [cm]: 370<br \/>\nTrumpesn\u0117s kra\u0161tin\u0117s plotis [cm]: 205<br \/>\nGylis [cm]: 98<br \/>\nMiegamasis plotas [cm]: 320 \u00d7 150<br \/>\nKampin\u0117s sofos stilius: modernus<br \/>\nI\u0161skleidimo sistema: Automatin\u0117, kad b\u016bt\u0173 lengva i\u0161skleisti \/ DL<\/p>","protected":false},"featured_media":209991,"comment_status":"open","ping_status":"closed","template":"","meta":[],"product_brand":[],"product_cat":[9133],"product_tag":[],"class_list":{"0":"post-209966","1":"product","2":"type-product","3":"status-publish","4":"has-post-thumbnail","6":"product_cat-grouped","8":"first","9":"instock","10":"shipping-taxable","11":"purchasable","12":"product-type-variable","13":"wvs-archive-product-wrapper"},"_links":{"self":[{"href":"https:\/\/baldumarket.lt\/lt\/wp-json\/wp\/v2\/product\/209966","targetHints":{"allow":["GET"]}}],"collection":[{"href":"https:\/\/baldumarket.lt\/lt\/wp-json\/wp\/v2\/product"}],"about":[{"href":"https:\/\/baldumarket.lt\/lt\/wp-json\/wp\/v2\/types\/product"}],"replies":[{"embeddable":true,"href":"https:\/\/baldumarket.lt\/lt\/wp-json\/wp\/v2\/comments?post=209966"}],"wp:featuredmedia":[{"embeddable":true,"href":"https:\/\/baldumarket.lt\/lt\/wp-json\/wp\/v2\/media\/209991"}],"wp:attachment":[{"href":"https:\/\/baldumarket.lt\/lt\/wp-json\/wp\/v2\/media?parent=209966"}],"wp:term":[{"taxonomy":"product_brand","embeddable":true,"href":"https:\/\/baldumarket.lt\/lt\/wp-json\/wp\/v2\/product_brand?post=209966"},{"taxonomy":"product_cat","embeddable":true,"href":"https:\/\/baldumarket.lt\/lt\/wp-json\/wp\/v2\/product_cat?post=209966"},{"taxonomy":"product_tag","embeddable":true,"href":"https:\/\/baldumarket.lt\/lt\/wp-json\/wp\/v2\/product_tag?post=209966"}],"curies":[{"name":"wp","href":"https:\/\/api.w.org\/{rel}","templated":true}]}}