{"id":20994,"date":"2025-11-14T12:31:51","date_gmt":"2025-11-14T09:31:51","guid":{"rendered":"https:\/\/baldumarket.lt\/product\/materac-bonelowy-olivia-90x200-aloevera\/"},"modified":"2026-03-24T18:27:46","modified_gmt":"2026-03-24T15:27:46","slug":"materac-bonelowy-olivia-90x200-aloevera","status":"publish","type":"product","link":"https:\/\/baldumarket.lt\/lt\/product\/materac-bonelowy-olivia-90x200-aloevera\/","title":{"rendered":"\u010ciu\u017einys Olivia Bonnell 90\u00d7200 Aloevera"},"content":{"rendered":"<p>Lovoje praleid\u017eiame tre\u010ddal\u012f savo gyvenimo, tod\u0117l \u017einome, koks svarbus yra patogus miegas. Tobulas poilsis prasideda nuo gero \u010diu\u017einio pasirinkimo. \u201eOlivia\u201c \u010diu\u017einyje su alavijo u\u017evalkalu naudojamos \u201eBonnell\u201c spyruokl\u0117s u\u017etikrina, kad \u010diu\u017einys b\u016bt\u0173 patvarus ir nesulinkt\u0173. Papildomas veltinio sluoksnis ir kont\u016bruotos didelio elastingumo HR putos u\u017etikrina, kad \u010diu\u017einys b\u016bt\u0173 ne tik patogus, bet ir patvarus. Visa tai apgaubta nuimamu alavijo u\u017evalkalu.<\/p>","protected":false},"excerpt":{"rendered":"<p>Lovoje praleid\u017eiame tre\u010ddal\u012f savo gyvenimo, tod\u0117l \u017einome, koks svarbus yra patogus miegas. Tobulas poilsis prasideda nuo gero \u010diu\u017einio pasirinkimo. \u201eOlivia\u201c \u010diu\u017einyje su alavijo u\u017evalkalu naudojamos \u201eBonnell\u201c spyruokl\u0117s u\u017etikrina, kad \u010diu\u017einys b\u016bt\u0173 patvarus ir nesulinkt\u0173. Papildomas veltinio sluoksnis ir kont\u016bruotas didelio elastingumo HR [\u2026]<\/p>","protected":false},"featured_media":20986,"comment_status":"open","ping_status":"open","template":"","meta":[],"product_brand":[],"product_cat":[2012,1099,1975],"product_tag":[],"class_list":{"0":"post-20994","1":"product","2":"type-product","3":"status-publish","4":"has-post-thumbnail","6":"product_cat-eltap","7":"product_cat-mattresses","8":"product_cat-mattresses-90x200","9":"pa_frame-material-undefined","10":"pa_frame-material-type-undefined","11":"pa_leg-color-undefined","12":"pa_leg-material-undefined","13":"pa_linen-box-undefined","14":"pa_main-color-white","15":"pa_price-group-basic","16":"pa_seat-depth-undefined","17":"pa_seat-width-undefined","18":"pa_sleep-function-yes","19":"pa_sleeping-area-length-498","20":"pa_sleeping-area-width-648","21":"pa_style-undefined","22":"pa_textile-aloevera","23":"pa_upholstery-material-polyester","25":"first","26":"instock","27":"purchasable","28":"product-type-simple"},"_links":{"self":[{"href":"https:\/\/baldumarket.lt\/lt\/wp-json\/wp\/v2\/product\/20994","targetHints":{"allow":["GET"]}}],"collection":[{"href":"https:\/\/baldumarket.lt\/lt\/wp-json\/wp\/v2\/product"}],"about":[{"href":"https:\/\/baldumarket.lt\/lt\/wp-json\/wp\/v2\/types\/product"}],"replies":[{"embeddable":true,"href":"https:\/\/baldumarket.lt\/lt\/wp-json\/wp\/v2\/comments?post=20994"}],"wp:featuredmedia":[{"embeddable":true,"href":"https:\/\/baldumarket.lt\/lt\/wp-json\/wp\/v2\/media\/20986"}],"wp:attachment":[{"href":"https:\/\/baldumarket.lt\/lt\/wp-json\/wp\/v2\/media?parent=20994"}],"wp:term":[{"taxonomy":"product_brand","embeddable":true,"href":"https:\/\/baldumarket.lt\/lt\/wp-json\/wp\/v2\/product_brand?post=20994"},{"taxonomy":"product_cat","embeddable":true,"href":"https:\/\/baldumarket.lt\/lt\/wp-json\/wp\/v2\/product_cat?post=20994"},{"taxonomy":"product_tag","embeddable":true,"href":"https:\/\/baldumarket.lt\/lt\/wp-json\/wp\/v2\/product_tag?post=20994"}],"curies":[{"name":"wp","href":"https:\/\/api.w.org\/{rel}","templated":true}]}}