{"id":209922,"date":"2025-12-26T03:19:51","date_gmt":"2025-12-26T00:19:51","guid":{"rendered":"https:\/\/baldumarket.lt\/?post_type=product&#038;p=209922"},"modified":"2026-04-03T09:24:50","modified_gmt":"2026-04-03T06:24:50","slug":"naroznik-rozkladany-z-barkiem-i-pufa-ail-new-corner","status":"publish","type":"product","link":"https:\/\/baldumarket.lt\/lt\/product\/naroznik-rozkladany-z-barkiem-i-pufa-ail-new-corner\/","title":{"rendered":"Ail New Corner i\u0161skleid\u017eiama kampin\u0117 sofa su baru ir pufu"},"content":{"rendered":"<p>I\u0161skleid\u017eiama kampin\u0117 sofa \u201eAil New Corner\u201c \u2013 tai baldas, kuris d\u0117l plataus audini\u0173 spalv\u0173 pasirinkimo prisitaikys prie bet kokios aplinkos.<br \/>\nAli specifikacijos:<br \/>\nS\u0117dyn\u0117 pagaminta i\u0161 patvari\u0173 vingiuot\u0173 spyruokli\u0173 ir T-30 apmu\u0161al\u0173 put\u0173<br \/>\nMedinis r\u0117mas + med\u017eio dro\u017eli\u0173 plok\u0161t\u0117 \/ laminuota plok\u0161t\u0117<br \/>\nMiego funkcija<br \/>\nI\u0161skleid\u017eiama kampin\u0117 sofa turi du patalyn\u0117s skyrius<br \/>\nNugaros pagalv\u0117l\u0117s<br \/>\nU\u017etrauktukais u\u017esegamos pagalv\u0117l\u0117s<br \/>\nPlastikin\u0117s kojel\u0117s<br \/>\nKampin\u0117 sofa tilps \u012f lift\u0105<br \/>\nKampin\u0117 sofa tilps pro 80 cm plo\u010dio duris<br \/>\nPagrindin\u0117je nuotraukoje pavaizduota de\u0161inioji kampin\u0117 sofa.<br \/>\nJ\u016bs\u0173 pasirinktu audiniu aptrauktas atlo\u0161as, 5 patogios pagalv\u0117l\u0117s, patrauklus baras, papildomas pufas ir chromuotos plastikin\u0117s kojel\u0117s.<\/p>","protected":false},"excerpt":{"rendered":"<p>\u201eAil New Corner\u201c i\u0161skleid\u017eiama kampin\u0117 sofa \u2013 tai baldas, kuris d\u0117l plataus audini\u0173 spalv\u0173 pasirinkimo prisitaikys prie bet kokios aplinkos. \u201eAli\u201c specifikacijos: S\u0117dyn\u0117 pagaminta i\u0161 patvari\u0173 vingiuot\u0173 spyruokli\u0173 ir T-30 apmu\u0161al\u0173 put\u0173; Medinis r\u0117mas + med\u017eio dro\u017eli\u0173 plok\u0161t\u0117 \/ laminuota plok\u0161t\u0117; Miegojimo funkcija. I\u0161skleid\u017eiamoje kampin\u0117je sofoje yra du patalyn\u0117s skyriai; Nugaros pagalv\u0117l\u0117s [\u2026]<\/p>","protected":false},"featured_media":339362,"comment_status":"open","ping_status":"closed","template":"","meta":[],"product_brand":[],"product_cat":[10171,616,1983,6950],"product_tag":[],"class_list":{"0":"post-209922","1":"product","2":"type-product","3":"status-publish","4":"has-post-thumbnail","6":"product_cat-corner-sofas-kinas-meble","7":"product_cat-corners","8":"product_cat-corners-l","9":"product_cat-kinas","11":"first","12":"instock","13":"shipping-taxable","14":"product-type-grouped"},"_links":{"self":[{"href":"https:\/\/baldumarket.lt\/lt\/wp-json\/wp\/v2\/product\/209922","targetHints":{"allow":["GET"]}}],"collection":[{"href":"https:\/\/baldumarket.lt\/lt\/wp-json\/wp\/v2\/product"}],"about":[{"href":"https:\/\/baldumarket.lt\/lt\/wp-json\/wp\/v2\/types\/product"}],"replies":[{"embeddable":true,"href":"https:\/\/baldumarket.lt\/lt\/wp-json\/wp\/v2\/comments?post=209922"}],"wp:featuredmedia":[{"embeddable":true,"href":"https:\/\/baldumarket.lt\/lt\/wp-json\/wp\/v2\/media\/339362"}],"wp:attachment":[{"href":"https:\/\/baldumarket.lt\/lt\/wp-json\/wp\/v2\/media?parent=209922"}],"wp:term":[{"taxonomy":"product_brand","embeddable":true,"href":"https:\/\/baldumarket.lt\/lt\/wp-json\/wp\/v2\/product_brand?post=209922"},{"taxonomy":"product_cat","embeddable":true,"href":"https:\/\/baldumarket.lt\/lt\/wp-json\/wp\/v2\/product_cat?post=209922"},{"taxonomy":"product_tag","embeddable":true,"href":"https:\/\/baldumarket.lt\/lt\/wp-json\/wp\/v2\/product_tag?post=209922"}],"curies":[{"name":"wp","href":"https:\/\/api.w.org\/{rel}","templated":true}]}}