{"id":209906,"date":"2025-12-26T03:19:09","date_gmt":"2025-12-26T00:19:09","guid":{"rendered":"https:\/\/baldumarket.lt\/?post_type=product&#038;p=209906"},"modified":"2026-04-03T12:39:15","modified_gmt":"2026-04-03T09:39:15","slug":"naroznik-rozkladany-arni","status":"publish","type":"product","link":"https:\/\/baldumarket.lt\/lt\/product\/naroznik-rozkladany-arni\/","title":{"rendered":"Arni i\u0161skleid\u017eiama kampin\u0117 sofa"},"content":{"rendered":"<p>I\u0161skleid\u017eiama kampin\u0117 sofa \u201eArni\u201c \u2013 tai baldas, kuris d\u0117l plataus audini\u0173 spalv\u0173 pasirinkimo prisitaikys prie bet kokios aplinkos.<br \/>\nArni specifikacijos:<br \/>\nS\u0117dyn\u0117 pagaminta i\u0161 patvari\u0173 vingiuot\u0173 spyruokli\u0173 ir T-30 apmu\u0161al\u0173 put\u0173<br \/>\nMedinis r\u0117mas + med\u017eio dro\u017eli\u0173 plok\u0161t\u0117 \/ laminuota plok\u0161t\u0117<br \/>\nMiego funkcija<br \/>\nI\u0161skleid\u017eiama kampin\u0117 sofa turi du patalyn\u0117s skyrius<br \/>\nPapildomos u\u017etrauktukais u\u017esegamos pagalv\u0117l\u0117s<br \/>\nChromuotos plastikin\u0117s kojel\u0117s<br \/>\nAtlo\u0161as turi laikikl\u012f<br \/>\nPagrindin\u0117je nuotraukoje kampin\u0117 sofa pavaizduota kaip de\u0161iniarank\u0117 sofa<br \/>\nKampin\u0117 sofa tilps \u012f lift\u0105<br \/>\nKampin\u0117 sofa tilps pro 80 cm plo\u010dio duris<br \/>\nJ\u016bs\u0173 pasirinktu audiniu aptrauktas atlo\u0161as, 6 patogios pagalv\u0117l\u0117s ir \u012fdomi forma.<\/p>","protected":false},"excerpt":{"rendered":"<p>The Arni extendable corner sofa is a piece of furniture that will adapt to any environment thanks to its wide range of fabric colors. Arni specifications: Seat made of durable sinuous springs and T-30 upholstery foam Wooden frame + chipboard\/laminated board Sleep function The extendable corner sofa has two bedding compartments Additional zippered cushions Chrome [&hellip;]<\/p>","protected":false},"featured_media":339436,"comment_status":"open","ping_status":"closed","template":"","meta":[],"product_brand":[],"product_cat":[10171,616,1983,6950],"product_tag":[],"class_list":{"0":"post-209906","1":"product","2":"type-product","3":"status-publish","4":"has-post-thumbnail","6":"product_cat-corner-sofas-kinas-meble","7":"product_cat-corners","8":"product_cat-corners-l","9":"product_cat-kinas","11":"first","12":"instock","13":"shipping-taxable","14":"product-type-grouped"},"_links":{"self":[{"href":"https:\/\/baldumarket.lt\/lt\/wp-json\/wp\/v2\/product\/209906","targetHints":{"allow":["GET"]}}],"collection":[{"href":"https:\/\/baldumarket.lt\/lt\/wp-json\/wp\/v2\/product"}],"about":[{"href":"https:\/\/baldumarket.lt\/lt\/wp-json\/wp\/v2\/types\/product"}],"replies":[{"embeddable":true,"href":"https:\/\/baldumarket.lt\/lt\/wp-json\/wp\/v2\/comments?post=209906"}],"wp:featuredmedia":[{"embeddable":true,"href":"https:\/\/baldumarket.lt\/lt\/wp-json\/wp\/v2\/media\/339436"}],"wp:attachment":[{"href":"https:\/\/baldumarket.lt\/lt\/wp-json\/wp\/v2\/media?parent=209906"}],"wp:term":[{"taxonomy":"product_brand","embeddable":true,"href":"https:\/\/baldumarket.lt\/lt\/wp-json\/wp\/v2\/product_brand?post=209906"},{"taxonomy":"product_cat","embeddable":true,"href":"https:\/\/baldumarket.lt\/lt\/wp-json\/wp\/v2\/product_cat?post=209906"},{"taxonomy":"product_tag","embeddable":true,"href":"https:\/\/baldumarket.lt\/lt\/wp-json\/wp\/v2\/product_tag?post=209906"}],"curies":[{"name":"wp","href":"https:\/\/api.w.org\/{rel}","templated":true}]}}