{"id":209845,"date":"2025-12-26T03:16:05","date_gmt":"2025-12-26T00:16:05","guid":{"rendered":"https:\/\/baldumarket.lt\/?post_type=product&#038;p=209845"},"modified":"2026-04-03T11:50:30","modified_gmt":"2026-04-03T08:50:30","slug":"naroznik-nierozkladany-areo-pufa-gr1","status":"publish","type":"product","link":"https:\/\/baldumarket.lt\/lt\/product\/naroznik-nierozkladany-areo-pufa-gr1\/","title":{"rendered":"Areo nei\u0161tiesiama kampin\u0117 sofa + Gr1 pufas"},"content":{"rendered":"<p>Nei\u0161skleid\u017eiama kampin\u0117 sofa \u201eAreo\u201c \u2013 tai baldas, kuris d\u0117l plataus audini\u0173 spalv\u0173 pasirinkimo tiks bet kokiai aplinkai.<br \/>\nAreo specifikacijos:<br \/>\nBaldai pagaminti i\u0161 medinio r\u0117mo ir laminuotos plok\u0161t\u0117s<br \/>\nPatalyn\u0117s laikymas pufe<br \/>\nMiego funkcija<br \/>\n\u012ed\u0117klas pagamintas i\u0161 vingiuot\u0173 spyruokli\u0173 ir T30 apmu\u0161al\u0173 put\u0173, tod\u0117l tai labai patogus baldas.<br \/>\nPagrindin\u0117je nuotraukoje kampin\u0117 sofa pavaizduota kaip de\u0161iniarank\u0117 sofa.<br \/>\nPufas su vieta daiktams laikyti \u012fskai\u010diuotas \u012f kain\u0105.<br \/>\nNuotraukose matomi baldai aptraukti \u201eMalmo\u201c audiniu.<br \/>\nAtlo\u0161as aptrauktas j\u016bs\u0173 pasirinktu audiniu, jame yra trys patogios pagalv\u0117l\u0117s ir patrauklus dygsniavimas.<\/p>","protected":false},"excerpt":{"rendered":"<p>Ilgesn\u0117s kra\u0161tin\u0117s plotis [cm]: 229<br \/>\nTrumpesn\u0117s kra\u0161tin\u0117s plotis [cm]: 153<br \/>\nGylis [cm]: 81<br \/>\nMiegamasis plotas [cm]: 135 \u00d7 203 su pufu<br \/>\nKampin\u0117s sofos stilius: modernus skandinavi\u0161kas<br \/>\nI\u0161skleidimo sistema: Papildomas pufas<\/p>","protected":false},"featured_media":339414,"comment_status":"open","ping_status":"closed","template":"","meta":[],"product_brand":[],"product_cat":[9133],"product_tag":[],"class_list":{"0":"post-209845","1":"product","2":"type-product","3":"status-publish","4":"has-post-thumbnail","6":"product_cat-grouped","8":"first","9":"instock","10":"shipping-taxable","11":"purchasable","12":"product-type-variable","13":"wvs-archive-product-wrapper"},"_links":{"self":[{"href":"https:\/\/baldumarket.lt\/lt\/wp-json\/wp\/v2\/product\/209845","targetHints":{"allow":["GET"]}}],"collection":[{"href":"https:\/\/baldumarket.lt\/lt\/wp-json\/wp\/v2\/product"}],"about":[{"href":"https:\/\/baldumarket.lt\/lt\/wp-json\/wp\/v2\/types\/product"}],"replies":[{"embeddable":true,"href":"https:\/\/baldumarket.lt\/lt\/wp-json\/wp\/v2\/comments?post=209845"}],"wp:featuredmedia":[{"embeddable":true,"href":"https:\/\/baldumarket.lt\/lt\/wp-json\/wp\/v2\/media\/339414"}],"wp:attachment":[{"href":"https:\/\/baldumarket.lt\/lt\/wp-json\/wp\/v2\/media?parent=209845"}],"wp:term":[{"taxonomy":"product_brand","embeddable":true,"href":"https:\/\/baldumarket.lt\/lt\/wp-json\/wp\/v2\/product_brand?post=209845"},{"taxonomy":"product_cat","embeddable":true,"href":"https:\/\/baldumarket.lt\/lt\/wp-json\/wp\/v2\/product_cat?post=209845"},{"taxonomy":"product_tag","embeddable":true,"href":"https:\/\/baldumarket.lt\/lt\/wp-json\/wp\/v2\/product_tag?post=209845"}],"curies":[{"name":"wp","href":"https:\/\/api.w.org\/{rel}","templated":true}]}}