{"id":209840,"date":"2025-12-26T03:16:00","date_gmt":"2025-12-26T00:16:00","guid":{"rendered":"https:\/\/baldumarket.lt\/?post_type=product&#038;p=209840"},"modified":"2026-02-12T01:54:47","modified_gmt":"2026-02-11T22:54:47","slug":"sofa-rozkladana-z-zaglowkami-wibaro-2-osobowa-gr3","status":"publish","type":"product","link":"https:\/\/baldumarket.lt\/lt\/product\/sofa-rozkladana-z-zaglowkami-wibaro-2-osobowa-gr3\/","title":{"rendered":"Wibaro dviviet\u0117 sofa-lova su galvos atramomis Gr3"},"content":{"rendered":"<p>\u201eWibaro\u201c sofa-lova \u2013 tai baldas, kuris d\u0117l plataus audini\u0173 spalv\u0173 pasirinkimo tiks bet kokiam interjerui.<br \/>\nWibaro parametrai:<br \/>\nBaldai pagaminti i\u0161 medinio r\u0117mo ir laminuotos plok\u0161t\u0117s,<br \/>\npatalyn\u0117s laikymo<br \/>\nmiego funkcija<br \/>\ndantytas spyruoklinis \u012fd\u0117klas su apmu\u0161al\u0173 putomis<br \/>\nJ\u016bs\u0173 pasirinktu audiniu aptrauktas atlo\u0161as, dvi reguliuojamos galvos atramos, nedidelis patalyn\u0117s skyrius ir dvi papildomos pagalv\u0117s.<\/p>","protected":false},"excerpt":{"rendered":"<p>Plotis [cm]: 144<br \/>\ngylis [cm]: 91<br \/>\ns\u0117dyn\u0117s auk\u0161tis [cm]: 47<br \/>\nMiegamasis plotas [cm]: 123 \u00d7 192<\/p>","protected":false},"featured_media":209863,"comment_status":"open","ping_status":"closed","template":"","meta":[],"product_brand":[],"product_cat":[9133],"product_tag":[],"class_list":{"0":"post-209840","1":"product","2":"type-product","3":"status-publish","4":"has-post-thumbnail","6":"product_cat-grouped","8":"first","9":"instock","10":"shipping-taxable","11":"purchasable","12":"product-type-variable","13":"wvs-archive-product-wrapper"},"_links":{"self":[{"href":"https:\/\/baldumarket.lt\/lt\/wp-json\/wp\/v2\/product\/209840","targetHints":{"allow":["GET"]}}],"collection":[{"href":"https:\/\/baldumarket.lt\/lt\/wp-json\/wp\/v2\/product"}],"about":[{"href":"https:\/\/baldumarket.lt\/lt\/wp-json\/wp\/v2\/types\/product"}],"replies":[{"embeddable":true,"href":"https:\/\/baldumarket.lt\/lt\/wp-json\/wp\/v2\/comments?post=209840"}],"wp:featuredmedia":[{"embeddable":true,"href":"https:\/\/baldumarket.lt\/lt\/wp-json\/wp\/v2\/media\/209863"}],"wp:attachment":[{"href":"https:\/\/baldumarket.lt\/lt\/wp-json\/wp\/v2\/media?parent=209840"}],"wp:term":[{"taxonomy":"product_brand","embeddable":true,"href":"https:\/\/baldumarket.lt\/lt\/wp-json\/wp\/v2\/product_brand?post=209840"},{"taxonomy":"product_cat","embeddable":true,"href":"https:\/\/baldumarket.lt\/lt\/wp-json\/wp\/v2\/product_cat?post=209840"},{"taxonomy":"product_tag","embeddable":true,"href":"https:\/\/baldumarket.lt\/lt\/wp-json\/wp\/v2\/product_tag?post=209840"}],"curies":[{"name":"wp","href":"https:\/\/api.w.org\/{rel}","templated":true}]}}