{"id":209819,"date":"2025-12-26T03:15:00","date_gmt":"2025-12-26T00:15:00","guid":{"rendered":"https:\/\/baldumarket.lt\/?post_type=product&#038;p=209819"},"modified":"2026-02-03T23:16:50","modified_gmt":"2026-02-03T20:16:50","slug":"sofa-rozkladana-z-poduchami-sofia","status":"publish","type":"product","link":"https:\/\/baldumarket.lt\/lt\/product\/sofa-rozkladana-z-poduchami-sofia\/","title":{"rendered":"Sofija sofa-lova su pagalv\u0117l\u0117mis"},"content":{"rendered":"<p>Sofa-lova \u2013 prakti\u0161kas baldas, kuris d\u0117l savo klasikinio dizaino tiks bet kokioje aplinkoje.<br \/>\nPatogi s\u0117dyn\u0117 leis atsipalaiduoti po sunkios darbo dienos.<br \/>\nSofijos parametrai:<br \/>\nBaldai pagaminti i\u0161 medinio r\u0117mo ir laminuotos plok\u0161t\u0117s<br \/>\nPatalyn\u0117<br \/>\nMiego funkcija<br \/>\nAutomatinis atlo\u0161o mechanizmas<br \/>\nBanguotas spyruoklinis \u012fd\u0117klas<br \/>\nJ\u016bs\u0173 pasirinktu audiniu aptrauktas atlo\u0161as, 3 patogios pagalv\u0117l\u0117s ir kont\u016bruoti porankiai.<\/p>","protected":false},"excerpt":{"rendered":"<p>Sofa-lova \u2013 prakti\u0161kas baldas, kuris d\u0117l savo klasikinio dizaino tiks bet kokioje aplinkoje. Patogi s\u0117dyn\u0117 leis atsipalaiduoti po sunkios darbo dienos. Sofijos parametrai: Baldas pagamintas i\u0161 medinio r\u0117mo ir laminuotos plok\u0161t\u0117s. Patalyn\u0117. Miegojimo funkcija. Automatinis atlo\u0161o mechanizmas [\u2026]<\/p>","protected":false},"featured_media":209847,"comment_status":"open","ping_status":"closed","template":"","meta":[],"product_brand":[],"product_cat":[6950,560],"product_tag":[],"class_list":{"0":"post-209819","1":"product","2":"type-product","3":"status-publish","4":"has-post-thumbnail","6":"product_cat-kinas","7":"product_cat-sofas-and-couches","9":"first","10":"instock","11":"shipping-taxable","12":"product-type-grouped"},"_links":{"self":[{"href":"https:\/\/baldumarket.lt\/lt\/wp-json\/wp\/v2\/product\/209819","targetHints":{"allow":["GET"]}}],"collection":[{"href":"https:\/\/baldumarket.lt\/lt\/wp-json\/wp\/v2\/product"}],"about":[{"href":"https:\/\/baldumarket.lt\/lt\/wp-json\/wp\/v2\/types\/product"}],"replies":[{"embeddable":true,"href":"https:\/\/baldumarket.lt\/lt\/wp-json\/wp\/v2\/comments?post=209819"}],"wp:featuredmedia":[{"embeddable":true,"href":"https:\/\/baldumarket.lt\/lt\/wp-json\/wp\/v2\/media\/209847"}],"wp:attachment":[{"href":"https:\/\/baldumarket.lt\/lt\/wp-json\/wp\/v2\/media?parent=209819"}],"wp:term":[{"taxonomy":"product_brand","embeddable":true,"href":"https:\/\/baldumarket.lt\/lt\/wp-json\/wp\/v2\/product_brand?post=209819"},{"taxonomy":"product_cat","embeddable":true,"href":"https:\/\/baldumarket.lt\/lt\/wp-json\/wp\/v2\/product_cat?post=209819"},{"taxonomy":"product_tag","embeddable":true,"href":"https:\/\/baldumarket.lt\/lt\/wp-json\/wp\/v2\/product_tag?post=209819"}],"curies":[{"name":"wp","href":"https:\/\/api.w.org\/{rel}","templated":true}]}}