{"id":209806,"date":"2025-12-26T03:14:16","date_gmt":"2025-12-26T00:14:16","guid":{"rendered":"https:\/\/baldumarket.lt\/?post_type=product&#038;p=209806"},"modified":"2026-04-06T15:26:06","modified_gmt":"2026-04-06T12:26:06","slug":"sofa-rozkladana-z-poduchami-ivet-gr2","status":"publish","type":"product","link":"https:\/\/baldumarket.lt\/lt\/product\/sofa-rozkladana-z-poduchami-ivet-gr2\/","title":{"rendered":"Ivet Gr2 sofa-lova su pagalv\u0117l\u0117mis"},"content":{"rendered":"<p>\u201eIvet\u201c sofa-lova yra prakti\u0161kas baldas, kuris d\u0117l savo klasikinio dizaino tiks bet kokioje aplinkoje.<br \/>\nPatogi s\u0117dyn\u0117 leis atsipalaiduoti po sunkios darbo dienos.<br \/>\nIvet parametrai:<br \/>\nBaldai pagaminti i\u0161 medinio r\u0117mo ir laminuotos plok\u0161t\u0117s<br \/>\npatalyn\u0117s skyrius<br \/>\nmiego funkcija<br \/>\nautomatin\u0117 funkcija lengvam i\u0161skleidimui<br \/>\nvingiuotas spyruoklinis \u012fd\u0117klas<br \/>\nJ\u016bs\u0173 pasirinktu audiniu aptraukta nugara, keturios pagalv\u0117l\u0117s ir dvi papildomos pagalv\u0117l\u0117s.<\/p>","protected":false},"excerpt":{"rendered":"<p>Plotis [cm]: 220<br \/>\nAuk\u0161tis [cm]: 90<br \/>\nGylis [cm]: 103<br \/>\nMiegamasis plotas [cm]: 147 \u00d7 197<br \/>\nPagalv\u0117s tipas: nuimamos pagalv\u0117s<\/p>","protected":false},"featured_media":339691,"comment_status":"open","ping_status":"closed","template":"","meta":[],"product_brand":[],"product_cat":[9133],"product_tag":[],"class_list":{"0":"post-209806","1":"product","2":"type-product","3":"status-publish","4":"has-post-thumbnail","6":"product_cat-grouped","8":"first","9":"instock","10":"shipping-taxable","11":"purchasable","12":"product-type-variable","13":"wvs-archive-product-wrapper"},"_links":{"self":[{"href":"https:\/\/baldumarket.lt\/lt\/wp-json\/wp\/v2\/product\/209806","targetHints":{"allow":["GET"]}}],"collection":[{"href":"https:\/\/baldumarket.lt\/lt\/wp-json\/wp\/v2\/product"}],"about":[{"href":"https:\/\/baldumarket.lt\/lt\/wp-json\/wp\/v2\/types\/product"}],"replies":[{"embeddable":true,"href":"https:\/\/baldumarket.lt\/lt\/wp-json\/wp\/v2\/comments?post=209806"}],"wp:featuredmedia":[{"embeddable":true,"href":"https:\/\/baldumarket.lt\/lt\/wp-json\/wp\/v2\/media\/339691"}],"wp:attachment":[{"href":"https:\/\/baldumarket.lt\/lt\/wp-json\/wp\/v2\/media?parent=209806"}],"wp:term":[{"taxonomy":"product_brand","embeddable":true,"href":"https:\/\/baldumarket.lt\/lt\/wp-json\/wp\/v2\/product_brand?post=209806"},{"taxonomy":"product_cat","embeddable":true,"href":"https:\/\/baldumarket.lt\/lt\/wp-json\/wp\/v2\/product_cat?post=209806"},{"taxonomy":"product_tag","embeddable":true,"href":"https:\/\/baldumarket.lt\/lt\/wp-json\/wp\/v2\/product_tag?post=209806"}],"curies":[{"name":"wp","href":"https:\/\/api.w.org\/{rel}","templated":true}]}}