{"id":209794,"date":"2025-12-26T03:13:41","date_gmt":"2025-12-26T00:13:41","guid":{"rendered":"https:\/\/baldumarket.lt\/?post_type=product&#038;p=209794"},"modified":"2026-04-04T10:27:45","modified_gmt":"2026-04-04T07:27:45","slug":"naroznik-rozkladany-assan-u","status":"publish","type":"product","link":"https:\/\/baldumarket.lt\/lt\/product\/naroznik-rozkladany-assan-u\/","title":{"rendered":"Assan U i\u0161skleid\u017eiama kampin\u0117 sofa"},"content":{"rendered":"<p>\u201eAssan\u201c i\u0161skleid\u017eiama kampin\u0117 sofa pasi\u017eymi klasikiniu kampin\u0117s sofos dizainu, papildytu moderniomis technologijomis ir \u0161iuolaiki\u0161ku dizainu. \u0160i kampin\u0117 sofa puikiai tinka bet kokiam minimalistiniam interjerui, kuriame funkcionalumas yra svarbiausias, o unikali forma \u2013 antraeil\u0117.<br \/>\nAssano specifikacijos:<br \/>\nS\u0117dyn\u0117 pagaminta i\u0161 patvari\u0173 vingiuot\u0173 spyruokli\u0173 ir T-30 apmu\u0161al\u0173 put\u0173<br \/>\nMedinis r\u0117mas + med\u017eio dro\u017eli\u0173 plok\u0161t\u0117 \/ laminuota plok\u0161t\u0117<br \/>\nMiego funkcija<br \/>\nI\u0161skleid\u017eiama kampin\u0117 sofa turi tris patalyn\u0117s skyrius<br \/>\nPapildomos u\u017etrauktukais u\u017esegamos pagalv\u0117l\u0117s<br \/>\nChromuotos plastikin\u0117s kojel\u0117s<br \/>\nAtlo\u0161as turi bar\u0105 ir puf\u0105<br \/>\nSimetrin\u0117 kampin\u0117 sofa<br \/>\nKampin\u0117 sofa tilps \u012f lift\u0105<br \/>\nKampin\u0117 sofa tilps pro 80 cm plo\u010dio duris<br \/>\nNugara aptraukta pasirinktu audiniu, 8 patogios pagalv\u0117l\u0117s ir \u012fdomi forma.<br \/>\nJei kampin\u0117 sofa bus dviej\u0173 spalv\u0173 \u2013 audinio pasiskirstymas toks, kaip nuotraukoje (tas pats audinys), pra\u0161ome tai nurodyti u\u017esakymo pastabose, i\u0161samiai apra\u0161ant \ud83d\ude42<\/p>","protected":false},"excerpt":{"rendered":"<p>\u201eAssan\u201c i\u0161skleid\u017eiama kampin\u0117 sofa pasi\u017eymi klasikiniu kampin\u0117s sofos dizainu, patobulintu moderniomis technologijomis ir papildytu \u0161iuolaiki\u0161ku dizainu. \u0160i kampin\u0117 sofa puikiai tinka bet kokiam minimalistiniam interjerui, kuriame funkcionalumas yra svarbiausias, o unikali forma \u2013 antraeil\u0117. \u201eAssan\u201c specifikacijos: S\u0117dyn\u0117 pagaminta i\u0161 patvari\u0173 vingiuot\u0173 spyruokli\u0173 ir T-30 apmu\u0161al\u0173 put\u0173. Medinis r\u0117mas + med\u017eio dro\u017eli\u0173 plok\u0161t\u0117 \/ laminuota [\u2026]<\/p>","protected":false},"featured_media":209822,"comment_status":"open","ping_status":"closed","template":"","meta":[],"product_brand":[],"product_cat":[10171,616,1982,6950],"product_tag":[],"class_list":{"0":"post-209794","1":"product","2":"type-product","3":"status-publish","4":"has-post-thumbnail","6":"product_cat-corner-sofas-kinas-meble","7":"product_cat-corners","8":"product_cat-corners-u","9":"product_cat-kinas","11":"first","12":"instock","13":"shipping-taxable","14":"product-type-grouped"},"_links":{"self":[{"href":"https:\/\/baldumarket.lt\/lt\/wp-json\/wp\/v2\/product\/209794","targetHints":{"allow":["GET"]}}],"collection":[{"href":"https:\/\/baldumarket.lt\/lt\/wp-json\/wp\/v2\/product"}],"about":[{"href":"https:\/\/baldumarket.lt\/lt\/wp-json\/wp\/v2\/types\/product"}],"replies":[{"embeddable":true,"href":"https:\/\/baldumarket.lt\/lt\/wp-json\/wp\/v2\/comments?post=209794"}],"wp:featuredmedia":[{"embeddable":true,"href":"https:\/\/baldumarket.lt\/lt\/wp-json\/wp\/v2\/media\/209822"}],"wp:attachment":[{"href":"https:\/\/baldumarket.lt\/lt\/wp-json\/wp\/v2\/media?parent=209794"}],"wp:term":[{"taxonomy":"product_brand","embeddable":true,"href":"https:\/\/baldumarket.lt\/lt\/wp-json\/wp\/v2\/product_brand?post=209794"},{"taxonomy":"product_cat","embeddable":true,"href":"https:\/\/baldumarket.lt\/lt\/wp-json\/wp\/v2\/product_cat?post=209794"},{"taxonomy":"product_tag","embeddable":true,"href":"https:\/\/baldumarket.lt\/lt\/wp-json\/wp\/v2\/product_tag?post=209794"}],"curies":[{"name":"wp","href":"https:\/\/api.w.org\/{rel}","templated":true}]}}