{"id":20979,"date":"2025-11-14T12:31:11","date_gmt":"2025-11-14T09:31:11","guid":{"rendered":"https:\/\/baldumarket.lt\/product\/materac-bonelowy-olivia-80x200-hipoalergiczny-pokrowiec\/"},"modified":"2026-03-24T18:27:54","modified_gmt":"2026-03-24T15:27:54","slug":"materac-bonelowy-olivia-80x200-hipoalergiczny-pokrowiec","status":"publish","type":"product","link":"https:\/\/baldumarket.lt\/lt\/product\/materac-bonelowy-olivia-80x200-hipoalergiczny-pokrowiec\/","title":{"rendered":"Olivia Bonnell \u010diu\u017einys 80\u00d7200 hipoalerginis u\u017evalkalas"},"content":{"rendered":"<p>Lovoje praleid\u017eiame tre\u010ddal\u012f savo gyvenimo, tod\u0117l \u017einome, koks svarbus yra patogus miegas. Tobulas poilsis prasideda nuo gero \u010diu\u017einio pasirinkimo. \u201eBonnell\u201c spyruokli\u0173 naudojimas \u201eOlivia\u201c \u010diu\u017einyje u\u017etikrina elastingumo poj\u016bt\u012f ir apsaugo \u010diu\u017ein\u012f nuo \u012fdubimo. Papildomas veltinio sluoksnis ir kont\u016bruotos didelio elastingumo HR putos u\u017etikrina, kad \u010diu\u017einys b\u016bt\u0173 ne tik patogus, bet ir patvarus. Visa tai apgaubta nuimamu u\u017evalkalu.<\/p>","protected":false},"excerpt":{"rendered":"<p>Lovoje praleid\u017eiame tre\u010ddal\u012f savo gyvenimo, tod\u0117l \u017einome, koks svarbus yra patogus miegas. Tobulas poilsis prasideda nuo gero \u010diu\u017einio pasirinkimo. \u201eOlivia\u201c \u010diu\u017einyje naudojamos \u201eBonnell\u201c spyruokl\u0117s u\u017etikrina elastingumo poj\u016bt\u012f ir apsaugo \u010diu\u017ein\u012f nuo \u012fdubimo. Papildomas veltinio sluoksnis ir kont\u016bruotos didelio elastingumo HR putos u\u017etikrina, kad \u010diu\u017einys [\u2026]<\/p>","protected":false},"featured_media":20980,"comment_status":"open","ping_status":"open","template":"","meta":[],"product_brand":[],"product_cat":[2012,1099],"product_tag":[],"class_list":{"0":"post-20979","1":"product","2":"type-product","3":"status-publish","4":"has-post-thumbnail","6":"product_cat-eltap","7":"product_cat-mattresses","8":"pa_frame-material-undefined","9":"pa_frame-material-type-undefined","10":"pa_leg-color-undefined","11":"pa_leg-material-undefined","12":"pa_linen-box-undefined","13":"pa_main-color-white","14":"pa_price-group-basic","15":"pa_seat-depth-undefined","16":"pa_seat-width-undefined","17":"pa_sleep-function-undefined","18":"pa_sleeping-area-length-498","19":"pa_sleeping-area-width-820","20":"pa_style-undefined","21":"pa_textile-microfibre","22":"pa_upholstery-material-polyester","24":"first","25":"instock","26":"purchasable","27":"product-type-simple"},"_links":{"self":[{"href":"https:\/\/baldumarket.lt\/lt\/wp-json\/wp\/v2\/product\/20979","targetHints":{"allow":["GET"]}}],"collection":[{"href":"https:\/\/baldumarket.lt\/lt\/wp-json\/wp\/v2\/product"}],"about":[{"href":"https:\/\/baldumarket.lt\/lt\/wp-json\/wp\/v2\/types\/product"}],"replies":[{"embeddable":true,"href":"https:\/\/baldumarket.lt\/lt\/wp-json\/wp\/v2\/comments?post=20979"}],"wp:featuredmedia":[{"embeddable":true,"href":"https:\/\/baldumarket.lt\/lt\/wp-json\/wp\/v2\/media\/20980"}],"wp:attachment":[{"href":"https:\/\/baldumarket.lt\/lt\/wp-json\/wp\/v2\/media?parent=20979"}],"wp:term":[{"taxonomy":"product_brand","embeddable":true,"href":"https:\/\/baldumarket.lt\/lt\/wp-json\/wp\/v2\/product_brand?post=20979"},{"taxonomy":"product_cat","embeddable":true,"href":"https:\/\/baldumarket.lt\/lt\/wp-json\/wp\/v2\/product_cat?post=20979"},{"taxonomy":"product_tag","embeddable":true,"href":"https:\/\/baldumarket.lt\/lt\/wp-json\/wp\/v2\/product_tag?post=20979"}],"curies":[{"name":"wp","href":"https:\/\/api.w.org\/{rel}","templated":true}]}}