{"id":209776,"date":"2025-12-26T03:13:01","date_gmt":"2025-12-26T00:13:01","guid":{"rendered":"https:\/\/baldumarket.lt\/?post_type=product&#038;p=209776"},"modified":"2026-04-05T11:02:03","modified_gmt":"2026-04-05T08:02:03","slug":"naroznik-rozkladany-darco-u-gr3","status":"publish","type":"product","link":"https:\/\/baldumarket.lt\/lt\/product\/naroznik-rozkladany-darco-u-gr3\/","title":{"rendered":"Darco U Gr3 i\u0161skleid\u017eiama kampin\u0117 sofa"},"content":{"rendered":"<p>\u201eDarco\u201c kampin\u0117 sofa \u017eavi savo moderniu dizainu, kuris papildys daugel\u012f \u0161iuolaikini\u0173 interjero sprendim\u0173.<br \/>\n\u201eDarco\u201c specifikacijos:<br \/>\nS\u0117dyn\u0117 pagaminta i\u0161 patvari\u0173 vingiuot\u0173 spyruokli\u0173 ir T-30 apmu\u0161al\u0173 put\u0173<br \/>\nMedinis r\u0117mas + med\u017eio dro\u017eli\u0173 plok\u0161t\u0117 \/ laminuota plok\u0161t\u0117<br \/>\nMiego funkcija<br \/>\nI\u0161skleid\u017eiama kampin\u0117 sofa turi du patalyn\u0117s skyrius<br \/>\nFiksuotas atlo\u0161as<br \/>\nChromuotos plastikin\u0117s kojel\u0117s<br \/>\nUniversali kampin\u0117 sofa<br \/>\nKampin\u0117 sofa tilps \u012f lift\u0105<br \/>\nKampin\u0117 sofa tilps pro 80 cm plo\u010dio duris<br \/>\nJ\u016bs\u0173 pasirinktu audiniu aptraukta nugara, dvi pagalv\u0117l\u0117s ir \u012fdomi forma.<br \/>\nJei pageidaujate dviej\u0173 spalv\u0173 kampin\u0117s sofos \u2013 audinio pasiskirstymas toks, kaip parodyta nuotraukoje (tas pats audinys), pra\u0161ome tai nurodyti u\u017esakymo pastabose, nurodant tikslias detales.<\/p>","protected":false},"excerpt":{"rendered":"<p>Ilgesn\u0117s kra\u0161tin\u0117s plotis [cm]: 340<br \/>\nTrumpesn\u0117s kra\u0161tin\u0117s plotis [cm]: 220<br \/>\nGylis [cm]: 220<br \/>\nMiegamasis plotas [cm]: 130 \u00d7 270<br \/>\nKampin\u0117s sofos stilius: modernus<br \/>\nI\u0161skleidimo sistema: I\u0161traukiamas ve\u017eim\u0117lis (delfinas)<\/p>","protected":false},"featured_media":339525,"comment_status":"open","ping_status":"closed","template":"","meta":[],"product_brand":[],"product_cat":[9133],"product_tag":[],"class_list":{"0":"post-209776","1":"product","2":"type-product","3":"status-publish","4":"has-post-thumbnail","6":"product_cat-grouped","8":"first","9":"instock","10":"shipping-taxable","11":"purchasable","12":"product-type-variable","13":"wvs-archive-product-wrapper"},"_links":{"self":[{"href":"https:\/\/baldumarket.lt\/lt\/wp-json\/wp\/v2\/product\/209776","targetHints":{"allow":["GET"]}}],"collection":[{"href":"https:\/\/baldumarket.lt\/lt\/wp-json\/wp\/v2\/product"}],"about":[{"href":"https:\/\/baldumarket.lt\/lt\/wp-json\/wp\/v2\/types\/product"}],"replies":[{"embeddable":true,"href":"https:\/\/baldumarket.lt\/lt\/wp-json\/wp\/v2\/comments?post=209776"}],"wp:featuredmedia":[{"embeddable":true,"href":"https:\/\/baldumarket.lt\/lt\/wp-json\/wp\/v2\/media\/339525"}],"wp:attachment":[{"href":"https:\/\/baldumarket.lt\/lt\/wp-json\/wp\/v2\/media?parent=209776"}],"wp:term":[{"taxonomy":"product_brand","embeddable":true,"href":"https:\/\/baldumarket.lt\/lt\/wp-json\/wp\/v2\/product_brand?post=209776"},{"taxonomy":"product_cat","embeddable":true,"href":"https:\/\/baldumarket.lt\/lt\/wp-json\/wp\/v2\/product_cat?post=209776"},{"taxonomy":"product_tag","embeddable":true,"href":"https:\/\/baldumarket.lt\/lt\/wp-json\/wp\/v2\/product_tag?post=209776"}],"curies":[{"name":"wp","href":"https:\/\/api.w.org\/{rel}","templated":true}]}}