{"id":209746,"date":"2025-12-26T03:11:40","date_gmt":"2025-12-26T00:11:40","guid":{"rendered":"https:\/\/baldumarket.lt\/?post_type=product&#038;p=209746"},"modified":"2026-04-03T10:13:46","modified_gmt":"2026-04-03T07:13:46","slug":"pufa-tapicerowana-aliss","status":"publish","type":"product","link":"https:\/\/baldumarket.lt\/lt\/product\/pufa-tapicerowana-aliss\/","title":{"rendered":"Aliss mink\u0161tas pufas"},"content":{"rendered":"<p>\u201eAliss\u201c pufas yra prakti\u0161kas baldas, kurio klasikinis dizainas papildys bet koki\u0105 aplink\u0105.<br \/>\n\u00a0<br \/>\nPufas, skirtas \u201eAliss\u201c sofai<\/p>","protected":false},"excerpt":{"rendered":"<p>\u201eAliss\u201c pufas yra prakti\u0161kas baldas, kurio klasikinis dizainas papildys bet koki\u0105 aplink\u0105. Pufas, skirtas \u201eAliss\u201c sofai.<\/p>","protected":false},"featured_media":339368,"comment_status":"open","ping_status":"closed","template":"","meta":[],"product_brand":[],"product_cat":[10174,6950,826],"product_tag":[],"class_list":{"0":"post-209746","1":"product","2":"type-product","3":"status-publish","4":"has-post-thumbnail","6":"product_cat-poufs-kinas-meble","7":"product_cat-kinas","8":"product_cat-poufs","10":"first","11":"instock","12":"shipping-taxable","13":"product-type-grouped"},"_links":{"self":[{"href":"https:\/\/baldumarket.lt\/lt\/wp-json\/wp\/v2\/product\/209746","targetHints":{"allow":["GET"]}}],"collection":[{"href":"https:\/\/baldumarket.lt\/lt\/wp-json\/wp\/v2\/product"}],"about":[{"href":"https:\/\/baldumarket.lt\/lt\/wp-json\/wp\/v2\/types\/product"}],"replies":[{"embeddable":true,"href":"https:\/\/baldumarket.lt\/lt\/wp-json\/wp\/v2\/comments?post=209746"}],"wp:featuredmedia":[{"embeddable":true,"href":"https:\/\/baldumarket.lt\/lt\/wp-json\/wp\/v2\/media\/339368"}],"wp:attachment":[{"href":"https:\/\/baldumarket.lt\/lt\/wp-json\/wp\/v2\/media?parent=209746"}],"wp:term":[{"taxonomy":"product_brand","embeddable":true,"href":"https:\/\/baldumarket.lt\/lt\/wp-json\/wp\/v2\/product_brand?post=209746"},{"taxonomy":"product_cat","embeddable":true,"href":"https:\/\/baldumarket.lt\/lt\/wp-json\/wp\/v2\/product_cat?post=209746"},{"taxonomy":"product_tag","embeddable":true,"href":"https:\/\/baldumarket.lt\/lt\/wp-json\/wp\/v2\/product_tag?post=209746"}],"curies":[{"name":"wp","href":"https:\/\/api.w.org\/{rel}","templated":true}]}}