{"id":209730,"date":"2025-12-26T03:10:58","date_gmt":"2025-12-26T00:10:58","guid":{"rendered":"https:\/\/baldumarket.lt\/?post_type=product&#038;p=209730"},"modified":"2026-04-03T10:46:15","modified_gmt":"2026-04-03T07:46:15","slug":"sofa-rozkladana-3-osobowa-z-pufa-aliss","status":"publish","type":"product","link":"https:\/\/baldumarket.lt\/lt\/product\/sofa-rozkladana-3-osobowa-z-pufa-aliss\/","title":{"rendered":"Aliss triviet\u0117 sofa-lova su pufu"},"content":{"rendered":"<p>\u201eAliss\u201c sofa-lova su pufu \u2013 prakti\u0161kas baldas, kuris d\u0117l savo klasikinio dizaino tiks bet kokioje aplinkoje. Patogi s\u0117dyn\u0117 leis atsipalaiduoti po sunkios darbo dienos.<br \/>\nAliss parametrai:<br \/>\nBaldai pagaminti i\u0161 medinio r\u0117mo ir laminuotos plok\u0161t\u0117s<br \/>\nPatalyn\u0117<br \/>\nMiego funkcija<br \/>\nDL automatin\u0117 funkcija lengvam i\u0161skleidimui<br \/>\nBanguotas spyruoklinis \u012fd\u0117klas<br \/>\nNugara aptraukta pasirinktu audiniu, pufas pridedamas, gra\u017eiai susi\u016bta.<\/p>","protected":false},"excerpt":{"rendered":"<p>The Aliss sofa bed with a pouffe is a practical piece of furniture that, thanks to its classic design, will fit into any environment. The comfortable seat will allow you to relax after a hard day at work. Aliss parameters: The furniture is constructed with a wooden frame and laminated board Bedding compartment Sleep function [&hellip;]<\/p>","protected":false},"featured_media":209751,"comment_status":"open","ping_status":"closed","template":"","meta":[],"product_brand":[],"product_cat":[10171,6950,560],"product_tag":[],"class_list":{"0":"post-209730","1":"product","2":"type-product","3":"status-publish","4":"has-post-thumbnail","6":"product_cat-corner-sofas-kinas-meble","7":"product_cat-kinas","8":"product_cat-sofas-and-couches","10":"first","11":"instock","12":"shipping-taxable","13":"product-type-grouped"},"_links":{"self":[{"href":"https:\/\/baldumarket.lt\/lt\/wp-json\/wp\/v2\/product\/209730","targetHints":{"allow":["GET"]}}],"collection":[{"href":"https:\/\/baldumarket.lt\/lt\/wp-json\/wp\/v2\/product"}],"about":[{"href":"https:\/\/baldumarket.lt\/lt\/wp-json\/wp\/v2\/types\/product"}],"replies":[{"embeddable":true,"href":"https:\/\/baldumarket.lt\/lt\/wp-json\/wp\/v2\/comments?post=209730"}],"wp:featuredmedia":[{"embeddable":true,"href":"https:\/\/baldumarket.lt\/lt\/wp-json\/wp\/v2\/media\/209751"}],"wp:attachment":[{"href":"https:\/\/baldumarket.lt\/lt\/wp-json\/wp\/v2\/media?parent=209730"}],"wp:term":[{"taxonomy":"product_brand","embeddable":true,"href":"https:\/\/baldumarket.lt\/lt\/wp-json\/wp\/v2\/product_brand?post=209730"},{"taxonomy":"product_cat","embeddable":true,"href":"https:\/\/baldumarket.lt\/lt\/wp-json\/wp\/v2\/product_cat?post=209730"},{"taxonomy":"product_tag","embeddable":true,"href":"https:\/\/baldumarket.lt\/lt\/wp-json\/wp\/v2\/product_tag?post=209730"}],"curies":[{"name":"wp","href":"https:\/\/api.w.org\/{rel}","templated":true}]}}