{"id":209701,"date":"2025-12-26T03:09:33","date_gmt":"2025-12-26T00:09:33","guid":{"rendered":"https:\/\/baldumarket.lt\/?post_type=product&#038;p=209701"},"modified":"2026-02-12T01:47:53","modified_gmt":"2026-02-11T22:47:53","slug":"sofa-rozkladana-z-poduchami-nina-pufa-gr1","status":"publish","type":"product","link":"https:\/\/baldumarket.lt\/lt\/product\/sofa-rozkladana-z-poduchami-nina-pufa-gr1\/","title":{"rendered":"Sofa-lova su Nina pagalv\u0117l\u0117mis + pufas Gr1"},"content":{"rendered":"<p>Sofa-lova \u201eNina\u201c \u2013 prakti\u0161kas baldas, kuris d\u0117l savo klasikinio dizaino tiks bet kokioje aplinkoje.<br \/>\nPatogi s\u0117dyn\u0117 leis atsipalaiduoti po sunkios darbo dienos.<br \/>\nNina sofos specifikacijos:<br \/>\nKonstrukcija paremta mediniu r\u0117mu ir laminuota lenta<br \/>\nPatalyn\u0117 saugykla<br \/>\nMiego funkcija<br \/>\nAutomatinis i\u0161skleidimas<br \/>\n\u012ed\u0117jimas vingiuotomis spyruokl\u0117mis<br \/>\n\u012e kain\u0105 \u012fskai\u010diuota: matmenys 47x47 cm<br \/>\nJ\u016bs\u0173 pasirinktu audiniu aptraukta nugara, patrauklios si\u016bl\u0117s, trys papildomos pagalv\u0117l\u0117s ir pufas daiktams susid\u0117ti.<br \/>\nJei norite dvispalv\u0117s sofos \u2013 audinio pasiskirstymas toks, kaip parodyta nuotraukoje (tas pats audinys), nurodykite tai u\u017esakymo pastabose, nurodydami tiksli\u0105 spalv\u0105. Ta\u010diau dauguma klient\u0173 renkasi vienspalv\u012f model\u012f.<\/p>","protected":false},"excerpt":{"rendered":"<p>Plotis [cm]: 235<br \/>\nAuk\u0161tis [cm]: 95<br \/>\nGylis [cm]: 110<br \/>\nMiegamasis plotas [cm]: 165 \u00d7 199<br \/>\nPagalv\u0117s tipas: nuimamos pagalv\u0117s<\/p>","protected":false},"featured_media":209735,"comment_status":"open","ping_status":"closed","template":"","meta":[],"product_brand":[],"product_cat":[9133],"product_tag":[],"class_list":{"0":"post-209701","1":"product","2":"type-product","3":"status-publish","4":"has-post-thumbnail","6":"product_cat-grouped","8":"first","9":"instock","10":"shipping-taxable","11":"purchasable","12":"product-type-variable","13":"wvs-archive-product-wrapper"},"_links":{"self":[{"href":"https:\/\/baldumarket.lt\/lt\/wp-json\/wp\/v2\/product\/209701","targetHints":{"allow":["GET"]}}],"collection":[{"href":"https:\/\/baldumarket.lt\/lt\/wp-json\/wp\/v2\/product"}],"about":[{"href":"https:\/\/baldumarket.lt\/lt\/wp-json\/wp\/v2\/types\/product"}],"replies":[{"embeddable":true,"href":"https:\/\/baldumarket.lt\/lt\/wp-json\/wp\/v2\/comments?post=209701"}],"wp:featuredmedia":[{"embeddable":true,"href":"https:\/\/baldumarket.lt\/lt\/wp-json\/wp\/v2\/media\/209735"}],"wp:attachment":[{"href":"https:\/\/baldumarket.lt\/lt\/wp-json\/wp\/v2\/media?parent=209701"}],"wp:term":[{"taxonomy":"product_brand","embeddable":true,"href":"https:\/\/baldumarket.lt\/lt\/wp-json\/wp\/v2\/product_brand?post=209701"},{"taxonomy":"product_cat","embeddable":true,"href":"https:\/\/baldumarket.lt\/lt\/wp-json\/wp\/v2\/product_cat?post=209701"},{"taxonomy":"product_tag","embeddable":true,"href":"https:\/\/baldumarket.lt\/lt\/wp-json\/wp\/v2\/product_tag?post=209701"}],"curies":[{"name":"wp","href":"https:\/\/api.w.org\/{rel}","templated":true}]}}