{"id":20966,"date":"2025-11-14T12:28:55","date_gmt":"2025-11-14T09:28:55","guid":{"rendered":"https:\/\/baldumarket.lt\/product\/materac-bonelowy-orsola-120x200-medicott-silver\/"},"modified":"2026-03-24T18:28:03","modified_gmt":"2026-03-24T15:28:03","slug":"materac-bonelowy-orsola-120x200-medicott-silver","status":"publish","type":"product","link":"https:\/\/baldumarket.lt\/lt\/product\/materac-bonelowy-orsola-120x200-medicott-silver\/","title":{"rendered":"Bonel \u010ciu\u017einys Orsola 120\u00d7200 Medicott Silver"},"content":{"rendered":"<p>Puikiai parinktas \u010diu\u017einys \u2013 gero nakties miego garantija. \u017dinome, koks svarbus \u0161is pasirinkimas, tod\u0117l pristatome ORSOLA Bonnell spyruoklin\u012f \u010diu\u017ein\u012f su sidabro spalvos u\u017evalkalu. Bonnell spyruokl\u0117 u\u017etikrina, kad \u010diu\u017einys laikui b\u0117gant nesideformuos, o tai labai svarbu miego komfortui. Bonnell spyruokl\u0117 i\u0161 abiej\u0173 pusi\u0173 padengta veltinio pagalv\u0117le, kuri i\u0161 abiej\u0173 pusi\u0173 padengta T2542 putomis. Visa tai apgaubta nuimamu sidabro spalvos u\u017evalkalu.<\/p>","protected":false},"excerpt":{"rendered":"<p>Puikiai parinktas \u010diu\u017einys \u2013 gero nakties miego garantija. \u017dinome, koks svarbus \u0161is pasirinkimas, tod\u0117l pristatome ORSOLA Bonnell spyruoklin\u012f \u010diu\u017ein\u012f su sidabro spalvos u\u017evalkalu. Bonnell spyruoklin\u0117 danga u\u017etikrina, kad \u010diu\u017einys laikui b\u0117gant nesideformuos, o tai labai svarbu miego komfortui. Bonnell spyruoklin\u0117 danga yra padengta [\u2026]<\/p>","protected":false},"featured_media":20958,"comment_status":"open","ping_status":"open","template":"","meta":[],"product_brand":[],"product_cat":[2012,1099,1976],"product_tag":[],"class_list":{"0":"post-20966","1":"product","2":"type-product","3":"status-publish","4":"has-post-thumbnail","6":"product_cat-eltap","7":"product_cat-mattresses","8":"product_cat-mattresses-120x200","9":"pa_frame-material-undefined","10":"pa_frame-material-type-undefined","11":"pa_leg-color-undefined","12":"pa_leg-material-undefined","13":"pa_linen-box-undefined","14":"pa_main-color-white","15":"pa_price-group-basic","16":"pa_seat-depth-undefined","17":"pa_seat-width-undefined","18":"pa_sleep-function-yes","19":"pa_sleeping-area-length-498","20":"pa_sleeping-area-width-691","21":"pa_style-undefined","22":"pa_textile-medicott-silver","23":"pa_upholstery-material-polyester","25":"first","26":"instock","27":"purchasable","28":"product-type-simple"},"_links":{"self":[{"href":"https:\/\/baldumarket.lt\/lt\/wp-json\/wp\/v2\/product\/20966","targetHints":{"allow":["GET"]}}],"collection":[{"href":"https:\/\/baldumarket.lt\/lt\/wp-json\/wp\/v2\/product"}],"about":[{"href":"https:\/\/baldumarket.lt\/lt\/wp-json\/wp\/v2\/types\/product"}],"replies":[{"embeddable":true,"href":"https:\/\/baldumarket.lt\/lt\/wp-json\/wp\/v2\/comments?post=20966"}],"wp:featuredmedia":[{"embeddable":true,"href":"https:\/\/baldumarket.lt\/lt\/wp-json\/wp\/v2\/media\/20958"}],"wp:attachment":[{"href":"https:\/\/baldumarket.lt\/lt\/wp-json\/wp\/v2\/media?parent=20966"}],"wp:term":[{"taxonomy":"product_brand","embeddable":true,"href":"https:\/\/baldumarket.lt\/lt\/wp-json\/wp\/v2\/product_brand?post=20966"},{"taxonomy":"product_cat","embeddable":true,"href":"https:\/\/baldumarket.lt\/lt\/wp-json\/wp\/v2\/product_cat?post=20966"},{"taxonomy":"product_tag","embeddable":true,"href":"https:\/\/baldumarket.lt\/lt\/wp-json\/wp\/v2\/product_tag?post=20966"}],"curies":[{"name":"wp","href":"https:\/\/api.w.org\/{rel}","templated":true}]}}