{"id":209651,"date":"2025-12-26T03:07:32","date_gmt":"2025-12-26T00:07:32","guid":{"rendered":"https:\/\/baldumarket.lt\/?post_type=product&#038;p=209651"},"modified":"2026-04-06T11:48:00","modified_gmt":"2026-04-06T08:48:00","slug":"sofa-rozkladana-z-poduchami-gregory-gr0","status":"publish","type":"product","link":"https:\/\/baldumarket.lt\/lt\/product\/sofa-rozkladana-z-poduchami-gregory-gr0\/","title":{"rendered":"Gregory Gr0 sofa-lova su pagalv\u0117l\u0117mis"},"content":{"rendered":"<p>Sofa-lova \u201eGregory\u201c \u2013 prakti\u0161kas baldas, kuris d\u0117l savo klasikinio dizaino tiks bet kokioje aplinkoje. Patogi s\u0117dyn\u0117 leis atsipalaiduoti po sunkios darbo dienos.<br \/>\nGregory specifikacijos:<br \/>\nBaldai pagaminti i\u0161 medinio r\u0117mo ir laminuotos plok\u0161t\u0117s<br \/>\nPatalyn\u0117<br \/>\nMiego funkcija<br \/>\nAutomatinis lovos atidarymas<br \/>\nAtsitiktinis spyruoklinis \u012fd\u0117klas su apmu\u0161al\u0173 putomis<br \/>\nNugara aptraukta pasirinktu audiniu, su \u012fdomiomis si\u016bl\u0117mis ir keturiomis papildomomis pagalv\u0117l\u0117mis.<br \/>\nJei norite dvispalv\u0117s sofos \u2013 audinio pasiskirstymas toks, kaip parodyta nuotraukoje (tas pats audinys), nurodykite tai u\u017esakymo pastabose, nurodydami tikslias detales. Ta\u010diau dauguma klient\u0173 renkasi vienspalv\u012f model\u012f.<\/p>","protected":false},"excerpt":{"rendered":"<p>Plotis [cm]: 205<br \/>\nAuk\u0161tis [cm]: 75<br \/>\nGylis [cm]: 110<br \/>\nMiegamasis plotas [cm]: 160 \u00d7 205<br \/>\nPagalv\u0117s tipas: nuimamos pagalv\u0117s<\/p>","protected":false},"featured_media":339644,"comment_status":"open","ping_status":"closed","template":"","meta":[],"product_brand":[],"product_cat":[9133],"product_tag":[],"class_list":{"0":"post-209651","1":"product","2":"type-product","3":"status-publish","4":"has-post-thumbnail","6":"product_cat-grouped","8":"first","9":"instock","10":"shipping-taxable","11":"purchasable","12":"product-type-variable","13":"wvs-archive-product-wrapper"},"_links":{"self":[{"href":"https:\/\/baldumarket.lt\/lt\/wp-json\/wp\/v2\/product\/209651","targetHints":{"allow":["GET"]}}],"collection":[{"href":"https:\/\/baldumarket.lt\/lt\/wp-json\/wp\/v2\/product"}],"about":[{"href":"https:\/\/baldumarket.lt\/lt\/wp-json\/wp\/v2\/types\/product"}],"replies":[{"embeddable":true,"href":"https:\/\/baldumarket.lt\/lt\/wp-json\/wp\/v2\/comments?post=209651"}],"wp:featuredmedia":[{"embeddable":true,"href":"https:\/\/baldumarket.lt\/lt\/wp-json\/wp\/v2\/media\/339644"}],"wp:attachment":[{"href":"https:\/\/baldumarket.lt\/lt\/wp-json\/wp\/v2\/media?parent=209651"}],"wp:term":[{"taxonomy":"product_brand","embeddable":true,"href":"https:\/\/baldumarket.lt\/lt\/wp-json\/wp\/v2\/product_brand?post=209651"},{"taxonomy":"product_cat","embeddable":true,"href":"https:\/\/baldumarket.lt\/lt\/wp-json\/wp\/v2\/product_cat?post=209651"},{"taxonomy":"product_tag","embeddable":true,"href":"https:\/\/baldumarket.lt\/lt\/wp-json\/wp\/v2\/product_tag?post=209651"}],"curies":[{"name":"wp","href":"https:\/\/api.w.org\/{rel}","templated":true}]}}