{"id":209637,"date":"2025-12-26T03:06:54","date_gmt":"2025-12-26T00:06:54","guid":{"rendered":"https:\/\/baldumarket.lt\/?post_type=product&#038;p=209637"},"modified":"2026-02-12T01:47:53","modified_gmt":"2026-02-11T22:47:53","slug":"fotel-tapicerowany-laura-gr1","status":"publish","type":"product","link":"https:\/\/baldumarket.lt\/lt\/product\/fotel-tapicerowany-laura-gr1\/","title":{"rendered":"Laura Gr1 mink\u0161tas fotelis"},"content":{"rendered":"<p>\u201eLaura\u201c fotelis pasi\u017eymi klasikiniu dizainu, praturtintu paprastomis geometrin\u0117mis formomis. \u0160is fotelis puikiai tinka bet kokiam minimalistiniam ir klasikiniam interjerui.<br \/>\n\u0160is fotelis sukurtas taip, kad papildyt\u0173 \u201eLaura\u201c sof\u0105<br \/>\nSpecifikacijos:<br \/>\nU\u017epildas: vingiuota spyruokl\u0117<br \/>\nPapildomos PUR putos<br \/>\nApmu\u0161tas atlo\u0161as<br \/>\nChromuotos plastikin\u0117s kojel\u0117s<br \/>\nJei pageidaujate dviej\u0173 spalv\u0173 fotelio, nurodykite audinio spalv\u0105, kaip parodyta nuotraukoje (tas pats audinys).<\/p>","protected":false},"excerpt":{"rendered":"<p>Plotis [cm]: 75<br \/>\nAuk\u0161tis [cm]: 79<br \/>\ngylis [cm]: 95<\/p>","protected":false},"featured_media":209671,"comment_status":"open","ping_status":"closed","template":"","meta":[],"product_brand":[],"product_cat":[9133],"product_tag":[],"class_list":{"0":"post-209637","1":"product","2":"type-product","3":"status-publish","4":"has-post-thumbnail","6":"product_cat-grouped","8":"first","9":"instock","10":"shipping-taxable","11":"purchasable","12":"product-type-variable","13":"wvs-archive-product-wrapper"},"_links":{"self":[{"href":"https:\/\/baldumarket.lt\/lt\/wp-json\/wp\/v2\/product\/209637","targetHints":{"allow":["GET"]}}],"collection":[{"href":"https:\/\/baldumarket.lt\/lt\/wp-json\/wp\/v2\/product"}],"about":[{"href":"https:\/\/baldumarket.lt\/lt\/wp-json\/wp\/v2\/types\/product"}],"replies":[{"embeddable":true,"href":"https:\/\/baldumarket.lt\/lt\/wp-json\/wp\/v2\/comments?post=209637"}],"wp:featuredmedia":[{"embeddable":true,"href":"https:\/\/baldumarket.lt\/lt\/wp-json\/wp\/v2\/media\/209671"}],"wp:attachment":[{"href":"https:\/\/baldumarket.lt\/lt\/wp-json\/wp\/v2\/media?parent=209637"}],"wp:term":[{"taxonomy":"product_brand","embeddable":true,"href":"https:\/\/baldumarket.lt\/lt\/wp-json\/wp\/v2\/product_brand?post=209637"},{"taxonomy":"product_cat","embeddable":true,"href":"https:\/\/baldumarket.lt\/lt\/wp-json\/wp\/v2\/product_cat?post=209637"},{"taxonomy":"product_tag","embeddable":true,"href":"https:\/\/baldumarket.lt\/lt\/wp-json\/wp\/v2\/product_tag?post=209637"}],"curies":[{"name":"wp","href":"https:\/\/api.w.org\/{rel}","templated":true}]}}