{"id":209623,"date":"2025-12-26T03:06:19","date_gmt":"2025-12-26T00:06:19","guid":{"rendered":"https:\/\/baldumarket.lt\/?post_type=product&#038;p=209623"},"modified":"2026-02-12T01:51:33","modified_gmt":"2026-02-11T22:51:33","slug":"sofa-rozkladana-laura-gr2","status":"publish","type":"product","link":"https:\/\/baldumarket.lt\/lt\/product\/sofa-rozkladana-laura-gr2\/","title":{"rendered":"Laura Gr2 sofa-lova"},"content":{"rendered":"<p>Sofa-lova \u201eLaura\u201c \u2013 prakti\u0161kas baldas, kuris d\u0117l savo klasikinio dizaino tiks bet kokioje aplinkoje.<br \/>\nPatogi s\u0117dyn\u0117 leis atsipalaiduoti po sunkios darbo dienos.<br \/>\nLauros parametrai:<br \/>\nPatalyn\u0117<br \/>\nMiego funkcija<br \/>\nAutomati\u0161kai i\u0161skleid\u017eiama sofa-lova<br \/>\nKabelin\u0117s spyruokl\u0117s su didelio elastingumo putomis<br \/>\nJ\u016bs\u0173 pasirinktu audiniu aptrauktas atlo\u0161as, 3 patogios pagalv\u0117l\u0117s ir patraukl\u016bs porankiai.<\/p>","protected":false},"excerpt":{"rendered":"<p>Plotis [cm]: 235<br \/>\nAuk\u0161tis [cm]: 95<br \/>\nGylis [cm]: 110<br \/>\nMiegamasis plotas [cm]: 160 \u00d7 200<br \/>\nPagalv\u0117s tipas: be pagalvi\u0173 \/ fiksuotos pagalv\u0117s<\/p>","protected":false},"featured_media":209655,"comment_status":"open","ping_status":"closed","template":"","meta":[],"product_brand":[],"product_cat":[9133],"product_tag":[],"class_list":{"0":"post-209623","1":"product","2":"type-product","3":"status-publish","4":"has-post-thumbnail","6":"product_cat-grouped","8":"first","9":"instock","10":"shipping-taxable","11":"purchasable","12":"product-type-variable","13":"wvs-archive-product-wrapper"},"_links":{"self":[{"href":"https:\/\/baldumarket.lt\/lt\/wp-json\/wp\/v2\/product\/209623","targetHints":{"allow":["GET"]}}],"collection":[{"href":"https:\/\/baldumarket.lt\/lt\/wp-json\/wp\/v2\/product"}],"about":[{"href":"https:\/\/baldumarket.lt\/lt\/wp-json\/wp\/v2\/types\/product"}],"replies":[{"embeddable":true,"href":"https:\/\/baldumarket.lt\/lt\/wp-json\/wp\/v2\/comments?post=209623"}],"wp:featuredmedia":[{"embeddable":true,"href":"https:\/\/baldumarket.lt\/lt\/wp-json\/wp\/v2\/media\/209655"}],"wp:attachment":[{"href":"https:\/\/baldumarket.lt\/lt\/wp-json\/wp\/v2\/media?parent=209623"}],"wp:term":[{"taxonomy":"product_brand","embeddable":true,"href":"https:\/\/baldumarket.lt\/lt\/wp-json\/wp\/v2\/product_brand?post=209623"},{"taxonomy":"product_cat","embeddable":true,"href":"https:\/\/baldumarket.lt\/lt\/wp-json\/wp\/v2\/product_cat?post=209623"},{"taxonomy":"product_tag","embeddable":true,"href":"https:\/\/baldumarket.lt\/lt\/wp-json\/wp\/v2\/product_tag?post=209623"}],"curies":[{"name":"wp","href":"https:\/\/api.w.org\/{rel}","templated":true}]}}