{"id":209618,"date":"2025-12-26T03:06:14","date_gmt":"2025-12-26T00:06:14","guid":{"rendered":"https:\/\/baldumarket.lt\/?post_type=product&#038;p=209618"},"modified":"2026-04-03T12:16:06","modified_gmt":"2026-04-03T09:16:06","slug":"sofa-skandynawska-rozkladana-ariel","status":"publish","type":"product","link":"https:\/\/baldumarket.lt\/lt\/product\/sofa-skandynawska-rozkladana-ariel\/","title":{"rendered":"Ariel skandinavi\u0161ka sofa-lova"},"content":{"rendered":"<p>Sofa-lova \u201eAriel\u201c \u2013 prakti\u0161kas baldas, kuris d\u0117l savo klasikinio dizaino tiks bet kokioje aplinkoje.<br \/>\nPatogi s\u0117dyn\u0117 leis atsipalaiduoti po sunkios darbo dienos.<br \/>\nArielio parametrai:<br \/>\nBaldai pagaminti i\u0161 medinio r\u0117mo ir laminuotos plok\u0161t\u0117s<br \/>\nPatalyn\u0117<br \/>\nMiego funkcija<br \/>\nAutomati\u0161kai i\u0161skleid\u017eiama sofa-lova<br \/>\nBanguotas spyruoklinis \u012fd\u0117klas<br \/>\nNugara aptraukta pasirinktu audiniu, kojel\u0117s ir \u012fd\u0117klas medin\u0117s, dvi papildomos pagalv\u0117l\u0117s.<\/p>","protected":false},"excerpt":{"rendered":"<p>\u201eAriel\u201c sofa-lova \u2013 prakti\u0161kas baldas, kuris d\u0117l savo klasikinio dizaino tiks bet kokioje aplinkoje. Patogi s\u0117dyn\u0117 leis atsipalaiduoti po sunkios darbo dienos. \u201eAriel\u201c parametrai: Baldas pagamintas i\u0161 medinio r\u0117mo ir laminuotos plok\u0161t\u0117s; Patalyn\u0117; Miegojimo funkcija; Automatin\u0117 sofa-lova [\u2026]<\/p>","protected":false},"featured_media":209639,"comment_status":"open","ping_status":"closed","template":"","meta":[],"product_brand":[],"product_cat":[10172,6950,560],"product_tag":[],"class_list":{"0":"post-209618","1":"product","2":"type-product","3":"status-publish","4":"has-post-thumbnail","6":"product_cat-sofas-kinas-meble","7":"product_cat-kinas","8":"product_cat-sofas-and-couches","10":"first","11":"instock","12":"shipping-taxable","13":"product-type-grouped"},"_links":{"self":[{"href":"https:\/\/baldumarket.lt\/lt\/wp-json\/wp\/v2\/product\/209618","targetHints":{"allow":["GET"]}}],"collection":[{"href":"https:\/\/baldumarket.lt\/lt\/wp-json\/wp\/v2\/product"}],"about":[{"href":"https:\/\/baldumarket.lt\/lt\/wp-json\/wp\/v2\/types\/product"}],"replies":[{"embeddable":true,"href":"https:\/\/baldumarket.lt\/lt\/wp-json\/wp\/v2\/comments?post=209618"}],"wp:featuredmedia":[{"embeddable":true,"href":"https:\/\/baldumarket.lt\/lt\/wp-json\/wp\/v2\/media\/209639"}],"wp:attachment":[{"href":"https:\/\/baldumarket.lt\/lt\/wp-json\/wp\/v2\/media?parent=209618"}],"wp:term":[{"taxonomy":"product_brand","embeddable":true,"href":"https:\/\/baldumarket.lt\/lt\/wp-json\/wp\/v2\/product_brand?post=209618"},{"taxonomy":"product_cat","embeddable":true,"href":"https:\/\/baldumarket.lt\/lt\/wp-json\/wp\/v2\/product_cat?post=209618"},{"taxonomy":"product_tag","embeddable":true,"href":"https:\/\/baldumarket.lt\/lt\/wp-json\/wp\/v2\/product_tag?post=209618"}],"curies":[{"name":"wp","href":"https:\/\/api.w.org\/{rel}","templated":true}]}}