{"id":209591,"date":"2025-12-26T03:05:05","date_gmt":"2025-12-26T00:05:05","guid":{"rendered":"https:\/\/baldumarket.lt\/?post_type=product&#038;p=209591"},"modified":"2026-02-12T01:51:33","modified_gmt":"2026-02-11T22:51:33","slug":"naroznik-rozkladany-minister-pufa-gratis-gr2","status":"publish","type":"product","link":"https:\/\/baldumarket.lt\/lt\/product\/naroznik-rozkladany-minister-pufa-gratis-gr2\/","title":{"rendered":"Minister i\u0161skleid\u017eiama kampin\u0117 sofa + nemokamas pufas Gr2"},"content":{"rendered":"<p>I\u0161skleid\u017eiama kampin\u0117 sofa \u201eMinister\u201c \u2013 tai subtili poilsio bald\u0173 forma. Paprasta, be nereikaling\u0173 dekoracij\u0173 forma idealiai tinka minimalistiniam interjerui, kuriame vertinamas funkcionalumas ir \u0161iuolaiki\u0161kos formos. D\u0117l \u012fmontuotos miegojimo funkcijos kampin\u0117 sofa taip pat gali b\u016bti naudojama nak\u010diai.<br \/>\nMinistro specifikacijos:<br \/>\nS\u0117dyn\u0117 pagaminta i\u0161 patvari\u0173 vingiuot\u0173 spyruokli\u0173 ir T-30 apmu\u0161al\u0173 put\u0173<br \/>\nMedinis r\u0117mas + med\u017eio dro\u017eli\u0173 plok\u0161t\u0117 \/ laminuota plok\u0161t\u0117<br \/>\nMiego funkcija<br \/>\nI\u0161skleid\u017eiama kampin\u0117 sofa turi patalyn\u0117s skyri\u0173<br \/>\nFiksuotas atlo\u0161as<br \/>\nChromuotos plastikin\u0117s kojel\u0117s<br \/>\n\u012e komplekt\u0105 \u012feina pufas<br \/>\nKampin\u0117 sofa pavaizduota de\u0161in\u0117je<br \/>\nKampin\u0117 sofa tilps \u012f lift\u0105<br \/>\nKampin\u0117 sofa tilps pro 80 cm plo\u010dio dur\u0173 ang\u0105<br \/>\nNugara aptraukta pasirinktu audiniu, kont\u016bruota ir \u012fdomios formos.<\/p>","protected":false},"excerpt":{"rendered":"<p>Ilgesn\u0117s kra\u0161tin\u0117s plotis [cm]: 277<br \/>\nTrumpesn\u0117s kra\u0161tin\u0117s plotis [cm]: 167<br \/>\nAuk\u0161tis [cm]: 88<br \/>\nMiegamasis plotas [cm]: 125 \u00d7 220<br \/>\nKampin\u0117s sofos stilius: modernus<br \/>\nI\u0161skleidimo sistema: I\u0161traukiamas ve\u017eim\u0117lis (delfinas)<\/p>","protected":false},"featured_media":209625,"comment_status":"open","ping_status":"closed","template":"","meta":[],"product_brand":[],"product_cat":[9133],"product_tag":[],"class_list":{"0":"post-209591","1":"product","2":"type-product","3":"status-publish","4":"has-post-thumbnail","6":"product_cat-grouped","8":"first","9":"instock","10":"shipping-taxable","11":"purchasable","12":"product-type-variable","13":"wvs-archive-product-wrapper"},"_links":{"self":[{"href":"https:\/\/baldumarket.lt\/lt\/wp-json\/wp\/v2\/product\/209591","targetHints":{"allow":["GET"]}}],"collection":[{"href":"https:\/\/baldumarket.lt\/lt\/wp-json\/wp\/v2\/product"}],"about":[{"href":"https:\/\/baldumarket.lt\/lt\/wp-json\/wp\/v2\/types\/product"}],"replies":[{"embeddable":true,"href":"https:\/\/baldumarket.lt\/lt\/wp-json\/wp\/v2\/comments?post=209591"}],"wp:featuredmedia":[{"embeddable":true,"href":"https:\/\/baldumarket.lt\/lt\/wp-json\/wp\/v2\/media\/209625"}],"wp:attachment":[{"href":"https:\/\/baldumarket.lt\/lt\/wp-json\/wp\/v2\/media?parent=209591"}],"wp:term":[{"taxonomy":"product_brand","embeddable":true,"href":"https:\/\/baldumarket.lt\/lt\/wp-json\/wp\/v2\/product_brand?post=209591"},{"taxonomy":"product_cat","embeddable":true,"href":"https:\/\/baldumarket.lt\/lt\/wp-json\/wp\/v2\/product_cat?post=209591"},{"taxonomy":"product_tag","embeddable":true,"href":"https:\/\/baldumarket.lt\/lt\/wp-json\/wp\/v2\/product_tag?post=209591"}],"curies":[{"name":"wp","href":"https:\/\/api.w.org\/{rel}","templated":true}]}}