{"id":209586,"date":"2025-12-26T03:04:34","date_gmt":"2025-12-26T00:04:34","guid":{"rendered":"https:\/\/baldumarket.lt\/?post_type=product&#038;p=209586"},"modified":"2026-04-06T15:17:03","modified_gmt":"2026-04-06T12:17:03","slug":"naroznik-rozkladany-wakiki-2-pufy-gratis","status":"publish","type":"product","link":"https:\/\/baldumarket.lt\/lt\/product\/naroznik-rozkladany-wakiki-2-pufy-gratis\/","title":{"rendered":"I\u0161skleid\u017eiama kampin\u0117 sofa \u201eWakiki\u201c + 2 nemokami pufai"},"content":{"rendered":"<p>\u201eWikiki\u201c i\u0161skleid\u017eiama kampin\u0117 sofa yra prakti\u0161kas baldas, kuris d\u0117l savo klasikinio dizaino tiks bet kokioje aplinkoje. Patogi s\u0117dyn\u0117 leis atsipalaiduoti po sunkios darbo dienos.<br \/>\n\u201eWikkiki\u201c specifikacijos:<br \/>\nS\u0117dyn\u0117 pagaminta i\u0161 patvari\u0173 vingiuot\u0173 spyruokli\u0173 ir T-30 apmu\u0161al\u0173 put\u0173<br \/>\nMedinis r\u0117mas + med\u017eio dro\u017eli\u0173 plok\u0161t\u0117 \/ laminuota plok\u0161t\u0117<br \/>\nMiego funkcija<br \/>\nI\u0161skleid\u017eiama kampin\u0117 sofa turi daiktad\u0117\u017e\u0119<br \/>\nFiksuotas atlo\u0161as<br \/>\nBe to, du pufai<br \/>\nChromuotos plastikin\u0117s kojel\u0117s<br \/>\nKampin\u0117 sofa tilps \u012f lift\u0105<br \/>\nKampin\u0117 sofa tilps pro 80 cm plo\u010dio dur\u0173 ang\u0105<br \/>\nPagrindin\u0117je nuotraukoje pavaizduota kairioji kampin\u0117 sofa.<br \/>\nNugara aptraukta pasirinktu audiniu, dvi ma\u017eos pagalv\u0117l\u0117s ir du pufai, \u012fdomios formos.<\/p>","protected":false},"excerpt":{"rendered":"<p>\u201eWikkiki\u201c i\u0161skleid\u017eiama kampin\u0117 sofa \u2013 prakti\u0161kas baldas, kuris d\u0117l savo klasikinio dizaino tiks bet kokioje aplinkoje. Patogi s\u0117dyn\u0117 leis atsipalaiduoti po sunkios darbo dienos. \u201eWikkiki\u201c specifikacijos: S\u0117dyn\u0117 pagaminta i\u0161 patvari\u0173 vingiuot\u0173 spyruokli\u0173 ir T-30 apmu\u0161al\u0173 put\u0173; Medinis r\u0117mas + med\u017eio dro\u017eli\u0173 plok\u0161t\u0117 \/ laminuota plok\u0161t\u0117; Miego funkcija [\u2026]<\/p>","protected":false},"featured_media":339687,"comment_status":"open","ping_status":"closed","template":"","meta":[],"product_brand":[],"product_cat":[10171,616,1983,6950],"product_tag":[],"class_list":{"0":"post-209586","1":"product","2":"type-product","3":"status-publish","4":"has-post-thumbnail","6":"product_cat-corner-sofas-kinas-meble","7":"product_cat-corners","8":"product_cat-corners-l","9":"product_cat-kinas","11":"first","12":"instock","13":"shipping-taxable","14":"product-type-grouped"},"_links":{"self":[{"href":"https:\/\/baldumarket.lt\/lt\/wp-json\/wp\/v2\/product\/209586","targetHints":{"allow":["GET"]}}],"collection":[{"href":"https:\/\/baldumarket.lt\/lt\/wp-json\/wp\/v2\/product"}],"about":[{"href":"https:\/\/baldumarket.lt\/lt\/wp-json\/wp\/v2\/types\/product"}],"replies":[{"embeddable":true,"href":"https:\/\/baldumarket.lt\/lt\/wp-json\/wp\/v2\/comments?post=209586"}],"wp:featuredmedia":[{"embeddable":true,"href":"https:\/\/baldumarket.lt\/lt\/wp-json\/wp\/v2\/media\/339687"}],"wp:attachment":[{"href":"https:\/\/baldumarket.lt\/lt\/wp-json\/wp\/v2\/media?parent=209586"}],"wp:term":[{"taxonomy":"product_brand","embeddable":true,"href":"https:\/\/baldumarket.lt\/lt\/wp-json\/wp\/v2\/product_brand?post=209586"},{"taxonomy":"product_cat","embeddable":true,"href":"https:\/\/baldumarket.lt\/lt\/wp-json\/wp\/v2\/product_cat?post=209586"},{"taxonomy":"product_tag","embeddable":true,"href":"https:\/\/baldumarket.lt\/lt\/wp-json\/wp\/v2\/product_tag?post=209586"}],"curies":[{"name":"wp","href":"https:\/\/api.w.org\/{rel}","templated":true}]}}