{"id":209570,"date":"2025-12-26T03:03:50","date_gmt":"2025-12-26T00:03:50","guid":{"rendered":"https:\/\/baldumarket.lt\/?post_type=product&#038;p=209570"},"modified":"2026-04-02T15:54:27","modified_gmt":"2026-04-02T12:54:27","slug":"naroznik-nierozkladany-abi","status":"publish","type":"product","link":"https:\/\/baldumarket.lt\/lt\/product\/naroznik-nierozkladany-abi\/","title":{"rendered":"ABI nei\u0161skleid\u017eiama kampin\u0117 sofa"},"content":{"rendered":"<p>Stacionari kampin\u0117 sofa \u201eAbi\u201c \u2013 prakti\u0161kas baldas, kuris d\u0117l savo klasikinio dizaino tiks bet kokioje aplinkoje. Patogi s\u0117dyn\u0117 leis atsipalaiduoti po sunkios darbo dienos.<br \/>\nAbi specifikacijos:<br \/>\nS\u0117dyn\u0117 pagaminta i\u0161 patvari\u0173 vingiuot\u0173 spyruokli\u0173 ir T-30 apmu\u0161al\u0173 put\u0173<br \/>\nMedinis r\u0117mas + med\u017eio dro\u017eli\u0173 plok\u0161t\u0117 \/ laminuota plok\u0161t\u0117<br \/>\nGul\u0117jimo funkcija<br \/>\nKampin\u0117 sofa nei\u0161siskleid\u017eia ir neturi daiktad\u0117\u017e\u0117s<br \/>\nPapildomos u\u017etrauktukais u\u017esegamos pagalv\u0117l\u0117s<br \/>\nChromuotos plastikin\u0117s kojel\u0117s<br \/>\nPagrindin\u0117je nuotraukoje kampin\u0117 sofa pavaizduota kaip de\u0161iniarank\u0117 sofa<br \/>\nKampin\u0117 sofa tilps \u012f lift\u0105<br \/>\nKampin\u0117 sofa tilps pro 80 cm plo\u010dio duris<br \/>\nJ\u016bs\u0173 pasirinktu audiniu aptrauktas atlo\u0161as, 4 patogios pagalv\u0117l\u0117s ir \u012fdomi forma.<br \/>\nJei norite dviej\u0173 spalv\u0173 kampin\u0117s sofos \u2013 audinio pasiskirstymas toks, kaip parodyta nuotraukoje (tas pats audinys), pra\u0161ome tai nurodyti u\u017esakymo pastabose, nurodant tiksli\u0105 spalv\u0105.<\/p>","protected":false},"excerpt":{"rendered":"<p>Stacionari kampin\u0117 sofa \u201eAbi\u201c \u2013 tai prakti\u0161kas baldas, kuris d\u0117l savo klasikinio dizaino tiks bet kokiai aplinkai. Patogi s\u0117dyn\u0117 leis atsipalaiduoti po sunkios darbo dienos. \u201eAbi\u201c specifikacijos: S\u0117dyn\u0117 pagaminta i\u0161 patvari\u0173 vingiuot\u0173 spyruokli\u0173 ir T-30 apmu\u0161al\u0173 put\u0173; Medinis r\u0117mas + med\u017eio dro\u017eli\u0173 plok\u0161t\u0117 \/ laminuota plok\u0161t\u0117; Atlo\u0161iama horizontaliai funkcija [\u2026]<\/p>","protected":false},"featured_media":339319,"comment_status":"open","ping_status":"closed","template":"","meta":[],"product_brand":[],"product_cat":[10171,616,1983,6950],"product_tag":[],"class_list":{"0":"post-209570","1":"product","2":"type-product","3":"status-publish","4":"has-post-thumbnail","6":"product_cat-corner-sofas-kinas-meble","7":"product_cat-corners","8":"product_cat-corners-l","9":"product_cat-kinas","11":"first","12":"instock","13":"shipping-taxable","14":"product-type-grouped"},"_links":{"self":[{"href":"https:\/\/baldumarket.lt\/lt\/wp-json\/wp\/v2\/product\/209570","targetHints":{"allow":["GET"]}}],"collection":[{"href":"https:\/\/baldumarket.lt\/lt\/wp-json\/wp\/v2\/product"}],"about":[{"href":"https:\/\/baldumarket.lt\/lt\/wp-json\/wp\/v2\/types\/product"}],"replies":[{"embeddable":true,"href":"https:\/\/baldumarket.lt\/lt\/wp-json\/wp\/v2\/comments?post=209570"}],"wp:featuredmedia":[{"embeddable":true,"href":"https:\/\/baldumarket.lt\/lt\/wp-json\/wp\/v2\/media\/339319"}],"wp:attachment":[{"href":"https:\/\/baldumarket.lt\/lt\/wp-json\/wp\/v2\/media?parent=209570"}],"wp:term":[{"taxonomy":"product_brand","embeddable":true,"href":"https:\/\/baldumarket.lt\/lt\/wp-json\/wp\/v2\/product_brand?post=209570"},{"taxonomy":"product_cat","embeddable":true,"href":"https:\/\/baldumarket.lt\/lt\/wp-json\/wp\/v2\/product_cat?post=209570"},{"taxonomy":"product_tag","embeddable":true,"href":"https:\/\/baldumarket.lt\/lt\/wp-json\/wp\/v2\/product_tag?post=209570"}],"curies":[{"name":"wp","href":"https:\/\/api.w.org\/{rel}","templated":true}]}}