{"id":209525,"date":"2025-12-26T03:01:52","date_gmt":"2025-12-26T00:01:52","guid":{"rendered":"https:\/\/baldumarket.lt\/?post_type=product&#038;p=209525"},"modified":"2026-02-12T01:48:00","modified_gmt":"2026-02-11T22:48:00","slug":"naroznik-rozkladany-r-mini-gr1","status":"publish","type":"product","link":"https:\/\/baldumarket.lt\/lt\/product\/naroznik-rozkladany-r-mini-gr1\/","title":{"rendered":"R-Mini Gr1 i\u0161skleid\u017eiama kampin\u0117 sofa"},"content":{"rendered":"<p>I\u0161skleid\u017eiama kampin\u0117 sofa<br \/>\n\u201eR-Mini\u201c modelis \u2013 tai labai patogi, eleganti\u0161ka i\u0161skleid\u017eiama kampin\u0117 sofa, si\u016bloma tarp daugelio patraukli\u0173 kampini\u0173 sof\u0173 variant\u0173. Ji pasi\u017eymi daugybe privalum\u0173, toki\u0173 kaip medin\u0117 konstrukcija, paremta laminuota lenta, du patalyn\u0117s skyriai, auk\u0161tos kokyb\u0117s spyruoklinis \u012fd\u0117klas, miegojimo funkcija ir daug daugiau. \u0160i moderni, L formos kampin\u0117 sofa taip pat turi u\u017eklotas pagalv\u0117les ir \u0161oninius porankius. I\u0161skleista kampin\u0117 sofa bus labai patogi miegoti, nes tur\u0117s daug erdv\u0117s. Verta pamin\u0117ti, kad i\u0161skleid\u017eiama kampin\u0117 sofa aptraukta \u201eMagic Home\u201c serijos audiniu. \u0160\u012f audin\u012f galima greitai ir lengvai valyti, taip sutaupant laiko ir i\u0161laikant tinkam\u0105 higien\u0105 bei estetik\u0105. Platus spalv\u0173 pasirinkimas u\u017etikrina, kad kiekvienas ras ka\u017ek\u0105 pagal savo poreikius. D\u0117l modernaus stiliaus prakti\u0161ka \u201eR-Mini\u201c kampin\u0117 sofa puikiai tinka bet kokiam interjerui, nepriklausomai nuo dizaino. Tuo pa\u010diu metu ji yra optimalaus dyd\u017eio, tod\u0117l puikiai atrodys net ir ma\u017eesniuose kambariuose.<br \/>\nR-Mini specifikacijos:<br \/>\nS\u0117dyn\u0117 pagaminta i\u0161 patvari\u0173 vingiuot\u0173 spyruokli\u0173 ir T-30 apmu\u0161al\u0173 put\u0173<br \/>\nMedinis r\u0117mas + med\u017eio dro\u017eli\u0173 plok\u0161t\u0117 \/ laminuota plok\u0161t\u0117<br \/>\nMiego funkcija<br \/>\nKampin\u0117 sofa su dviem daiktad\u0117\u017e\u0117mis<br \/>\nNugaros pagalv\u0117l\u0117s<br \/>\nU\u017etrauktukais u\u017esegamos pagalv\u0117l\u0117s<br \/>\nChromuotos plastikin\u0117s kojel\u0117s<br \/>\nKampin\u0117 sofa tilps \u012f lift\u0105<br \/>\nKampin\u0117 sofa tilps pro 80 cm plo\u010dio duris<br \/>\nPagrindin\u0117je nuotraukoje pavaizduota de\u0161inioji kampin\u0117 sofa<br \/>\nNugara aptraukta pasirinktu audiniu, 3 pagalv\u0117l\u0117s ir \u012fdomi forma.<\/p>","protected":false},"excerpt":{"rendered":"<p>Ilgesn\u0117s kra\u0161tin\u0117s plotis [cm]: 236<br \/>\nTrumpesn\u0117s kra\u0161tin\u0117s plotis [cm]: 146<br \/>\nGylis [cm]: 95<br \/>\nMiegamasis plotas [cm]: 144 \u00d7 203<br \/>\nKampin\u0117s sofos stilius: modernus<br \/>\nI\u0161skleidimo sistema: Automatin\u0117, kad b\u016bt\u0173 lengva i\u0161skleisti \/ DL<\/p>","protected":false},"featured_media":209559,"comment_status":"open","ping_status":"closed","template":"","meta":[],"product_brand":[],"product_cat":[9133],"product_tag":[],"class_list":{"0":"post-209525","1":"product","2":"type-product","3":"status-publish","4":"has-post-thumbnail","6":"product_cat-grouped","8":"first","9":"instock","10":"shipping-taxable","11":"purchasable","12":"product-type-variable","13":"wvs-archive-product-wrapper"},"_links":{"self":[{"href":"https:\/\/baldumarket.lt\/lt\/wp-json\/wp\/v2\/product\/209525","targetHints":{"allow":["GET"]}}],"collection":[{"href":"https:\/\/baldumarket.lt\/lt\/wp-json\/wp\/v2\/product"}],"about":[{"href":"https:\/\/baldumarket.lt\/lt\/wp-json\/wp\/v2\/types\/product"}],"replies":[{"embeddable":true,"href":"https:\/\/baldumarket.lt\/lt\/wp-json\/wp\/v2\/comments?post=209525"}],"wp:featuredmedia":[{"embeddable":true,"href":"https:\/\/baldumarket.lt\/lt\/wp-json\/wp\/v2\/media\/209559"}],"wp:attachment":[{"href":"https:\/\/baldumarket.lt\/lt\/wp-json\/wp\/v2\/media?parent=209525"}],"wp:term":[{"taxonomy":"product_brand","embeddable":true,"href":"https:\/\/baldumarket.lt\/lt\/wp-json\/wp\/v2\/product_brand?post=209525"},{"taxonomy":"product_cat","embeddable":true,"href":"https:\/\/baldumarket.lt\/lt\/wp-json\/wp\/v2\/product_cat?post=209525"},{"taxonomy":"product_tag","embeddable":true,"href":"https:\/\/baldumarket.lt\/lt\/wp-json\/wp\/v2\/product_tag?post=209525"}],"curies":[{"name":"wp","href":"https:\/\/api.w.org\/{rel}","templated":true}]}}