{"id":209522,"date":"2025-12-26T03:01:49","date_gmt":"2025-12-26T00:01:49","guid":{"rendered":"https:\/\/baldumarket.lt\/?post_type=product&#038;p=209522"},"modified":"2026-02-03T23:17:03","modified_gmt":"2026-02-03T20:17:03","slug":"naroznik-rozkladany-x1","status":"publish","type":"product","link":"https:\/\/baldumarket.lt\/lt\/product\/naroznik-rozkladany-x1\/","title":{"rendered":"Sulankstoma kampin\u0117 sofa X1"},"content":{"rendered":"<p>I\u0161skleid\u017eiama kampin\u0117 sofa X1 yra prakti\u0161kas baldas, kuris d\u0117l savo klasikinio dizaino tiks bet kokioje aplinkoje. Patogi s\u0117dyn\u0117 leis atsipalaiduoti po sunkios darbo dienos.<br \/>\nX1 specifikacijos:<br \/>\nS\u0117dyn\u0117 pagaminta i\u0161 patvari\u0173 vingiuot\u0173 spyruokli\u0173 ir T-30 apmu\u0161al\u0173 put\u0173<br \/>\nMedinis r\u0117mas + med\u017eio dro\u017eli\u0173 plok\u0161t\u0117 \/ laminuota plok\u0161t\u0117<br \/>\nMiego funkcija<br \/>\nI\u0161skleid\u017eiama kampin\u0117 sofa turi patalyn\u0117s skyri\u0173<br \/>\nNugaros pagalv\u0117l\u0117<br \/>\nU\u017etrauktukais u\u017esegamos pagalv\u0117l\u0117s<br \/>\nMedin\u0117s kojos<br \/>\nKampin\u0117 sofa tilps \u012f lift\u0105<br \/>\nKampin\u0117 sofa tilps pro 80 cm plo\u010dio duris<br \/>\nPagrindin\u0117je nuotraukoje pavaizduota kairioji kampin\u0117 sofa.<br \/>\nJ\u016bs\u0173 pasirinktu audiniu aptrauktas atlo\u0161as, 3 pagalv\u0117l\u0117s ir 2 \u012fdomios formos pagalv\u0117l\u0117s.<\/p>","protected":false},"excerpt":{"rendered":"<p>The X1 extendable corner sofa is a practical piece of furniture that, thanks to its classic design, will fit into any environment. The comfortable seat will allow you to relax after a hard day at work. X1 specifications: Seat made of durable sinuous springs and T-30 upholstery foam Wooden frame + chipboard\/laminated board Sleep function [&hellip;]<\/p>","protected":false},"featured_media":209543,"comment_status":"open","ping_status":"closed","template":"","meta":[],"product_brand":[],"product_cat":[616,1983,6950],"product_tag":[],"class_list":{"0":"post-209522","1":"product","2":"type-product","3":"status-publish","4":"has-post-thumbnail","6":"product_cat-corners","7":"product_cat-corners-l","8":"product_cat-kinas","10":"first","11":"instock","12":"shipping-taxable","13":"product-type-grouped"},"_links":{"self":[{"href":"https:\/\/baldumarket.lt\/lt\/wp-json\/wp\/v2\/product\/209522","targetHints":{"allow":["GET"]}}],"collection":[{"href":"https:\/\/baldumarket.lt\/lt\/wp-json\/wp\/v2\/product"}],"about":[{"href":"https:\/\/baldumarket.lt\/lt\/wp-json\/wp\/v2\/types\/product"}],"replies":[{"embeddable":true,"href":"https:\/\/baldumarket.lt\/lt\/wp-json\/wp\/v2\/comments?post=209522"}],"wp:featuredmedia":[{"embeddable":true,"href":"https:\/\/baldumarket.lt\/lt\/wp-json\/wp\/v2\/media\/209543"}],"wp:attachment":[{"href":"https:\/\/baldumarket.lt\/lt\/wp-json\/wp\/v2\/media?parent=209522"}],"wp:term":[{"taxonomy":"product_brand","embeddable":true,"href":"https:\/\/baldumarket.lt\/lt\/wp-json\/wp\/v2\/product_brand?post=209522"},{"taxonomy":"product_cat","embeddable":true,"href":"https:\/\/baldumarket.lt\/lt\/wp-json\/wp\/v2\/product_cat?post=209522"},{"taxonomy":"product_tag","embeddable":true,"href":"https:\/\/baldumarket.lt\/lt\/wp-json\/wp\/v2\/product_tag?post=209522"}],"curies":[{"name":"wp","href":"https:\/\/api.w.org\/{rel}","templated":true}]}}