{"id":209477,"date":"2025-12-26T02:59:24","date_gmt":"2025-12-25T23:59:24","guid":{"rendered":"https:\/\/baldumarket.lt\/?post_type=product&#038;p=209477"},"modified":"2026-04-06T10:19:57","modified_gmt":"2026-04-06T07:19:57","slug":"sofa-rozkladana-do-przodu-ewelina-gr1","status":"publish","type":"product","link":"https:\/\/baldumarket.lt\/lt\/produktas\/sofa-rozkladana-do-przodu-ewelina-gr1\/","title":{"rendered":"Ewelina Gr1 sulankstoma sofa"},"content":{"rendered":"<p>\u012e \u0161\u012f pasi\u016blym\u0105 \u012feina \u201eEwelina\u201c sofa. Patogi sofa su miegojimo funkcija ir vingiuotomis spyruokl\u0117mis.<br \/>\nEwelinos specifikacijos:<br \/>\nBaldai pagaminti i\u0161 med\u017eio masyvo ir laminuotos plok\u0161t\u0117s.<br \/>\nPatalyn\u0117 saugykla<br \/>\nMiego funkcija<br \/>\n\u012ed\u0117klas pagamintas i\u0161 vingiuot\u0173 spyruokli\u0173<br \/>\nJ\u016bs\u0173 pasirinktu audiniu aptrauktas atlo\u0161as, nedidel\u0117 patalyn\u0117s vieta ir patog\u016bs porankiai.<\/p>","protected":false},"excerpt":{"rendered":"<p>Plotis [cm]: 175<br \/>\nAuk\u0161tis [cm]: 92<br \/>\nGylis [cm]: 88<br \/>\nMiegamasis plotas [cm]: 192 \u00d7 142<br \/>\nPagalv\u0117s tipas: be pagalvi\u0173 \/ fiksuotos pagalv\u0117s<\/p>","protected":false},"featured_media":339576,"comment_status":"open","ping_status":"closed","template":"","meta":[],"product_brand":[],"product_cat":[9133],"product_tag":[],"class_list":{"0":"post-209477","1":"product","2":"type-product","3":"status-publish","4":"has-post-thumbnail","6":"product_cat-grouped","8":"first","9":"instock","10":"shipping-taxable","11":"purchasable","12":"product-type-variable","13":"wvs-archive-product-wrapper"},"_links":{"self":[{"href":"https:\/\/baldumarket.lt\/lt\/wp-json\/wp\/v2\/product\/209477","targetHints":{"allow":["GET"]}}],"collection":[{"href":"https:\/\/baldumarket.lt\/lt\/wp-json\/wp\/v2\/product"}],"about":[{"href":"https:\/\/baldumarket.lt\/lt\/wp-json\/wp\/v2\/types\/product"}],"replies":[{"embeddable":true,"href":"https:\/\/baldumarket.lt\/lt\/wp-json\/wp\/v2\/comments?post=209477"}],"wp:featuredmedia":[{"embeddable":true,"href":"https:\/\/baldumarket.lt\/lt\/wp-json\/wp\/v2\/media\/339576"}],"wp:attachment":[{"href":"https:\/\/baldumarket.lt\/lt\/wp-json\/wp\/v2\/media?parent=209477"}],"wp:term":[{"taxonomy":"product_brand","embeddable":true,"href":"https:\/\/baldumarket.lt\/lt\/wp-json\/wp\/v2\/product_brand?post=209477"},{"taxonomy":"product_cat","embeddable":true,"href":"https:\/\/baldumarket.lt\/lt\/wp-json\/wp\/v2\/product_cat?post=209477"},{"taxonomy":"product_tag","embeddable":true,"href":"https:\/\/baldumarket.lt\/lt\/wp-json\/wp\/v2\/product_tag?post=209477"}],"curies":[{"name":"wp","href":"https:\/\/api.w.org\/{rel}","templated":true}]}}